{"id":80214,"date":"2019-12-30T13:40:32","date_gmt":"2019-12-30T12:40:32","guid":{"rendered":"https:\/\/whisky.ad\/product\/luigi-righetti-capitel-de-roari-amarone-2015\/"},"modified":"2019-12-30T13:40:32","modified_gmt":"2019-12-30T12:40:32","slug":"luigi-righetti-capitel-de-roari-amarone-2015","status":"publish","type":"product","link":"https:\/\/whisky.ad\/es\/producto\/luigi-righetti-capitel-de-roari-amarone-2015\/","title":{"rendered":"Luigi Righetti \u2013 Capitel de Roari Amarone 2015"},"content":{"rendered":"","protected":false},"excerpt":{"rendered":"<p>Entre el 5% superior de todos los vinos del mundo (Vivino) Puntuaci\u00f3n 92\/100, Ultimate Wine Challenge, 2019. Categor\u00edas: Vinos Corvina, Italia, Luigi Righetti, Vino tinto, V\u00e9neto Pa\u00eds \/ Regi\u00f3n: Italia \/ V\u00e9neto Tipo: Vino tinto Variedad: Corvina A\u00f1ada: 2015 Dulce practicado: sec Cuerpo: cuerpo entero Cierre: corcho Cu\u00e1ndo beber\u00e1s: Beber\u00e1s ahora y durante los pr\u00f3ximos 5 a\u00f1os Notas de cata: Todo Amarone es el resultado del secado de las uvas durante 3 a 5 meses antes prensado. Capitel de Roari es el primer amigo de Righetti con la mejor selecci\u00f3n de uvas y con un delicado trato con el roble. Se trata de un Amarone bien equilibrado que a\u00fan exhibe gran parte de los sabores de frutas oscuras, la terrosidad y los componentes carnosos que se esperan de este DOC. Aromas de cereza negra y ciruela unidos a aromas crudos y terrosos. Se mueve maravillosamente en el paladar con una mezcla de frutos secos y oscuros con un poco de carne al final. Elegante pero con buena concentraci\u00f3n. No encontrar\u00e1s muchos vinos a este precio y calidad. Maridaje: bolo\u00f1esa, quesos, combina bien con platos de ternera o cordero. Rese\u00f1as de terceros: con una pizca de uvas razonadas y chocolate suave en nariz, no hay duda de lo que Amarone est\u00e1 esperando. Sabores cl\u00e1sicos de moca, higos guisados y ciruelas asadas pasan por su boca aterciopelada. Un ejemplo notable de expresi\u00f3n loable.<\/p>\n","protected":false},"featured_media":75608,"comment_status":"open","ping_status":"closed","template":"","meta":{"_acf_changed":false},"product_brand":[],"product_cat":[387,516],"product_tag":[],"class_list":{"0":"post-80214","1":"product","2":"type-product","3":"status-publish","4":"has-post-thumbnail","6":"product_cat-vino-es","7":"product_cat-veneto-es","9":"first","10":"outofstock","11":"taxable","12":"shipping-taxable","13":"purchasable","14":"product-type-simple"},"acf":[],"aioseo_notices":[],"jetpack_sharing_enabled":true,"_links":{"self":[{"href":"https:\/\/whisky.ad\/es\/wp-json\/wp\/v2\/product\/80214","targetHints":{"allow":["GET"]}}],"collection":[{"href":"https:\/\/whisky.ad\/es\/wp-json\/wp\/v2\/product"}],"about":[{"href":"https:\/\/whisky.ad\/es\/wp-json\/wp\/v2\/types\/product"}],"replies":[{"embeddable":true,"href":"https:\/\/whisky.ad\/es\/wp-json\/wp\/v2\/comments?post=80214"}],"wp:featuredmedia":[{"embeddable":true,"href":"https:\/\/whisky.ad\/es\/wp-json\/wp\/v2\/media\/75608"}],"wp:attachment":[{"href":"https:\/\/whisky.ad\/es\/wp-json\/wp\/v2\/media?parent=80214"}],"wp:term":[{"taxonomy":"product_brand","embeddable":true,"href":"https:\/\/whisky.ad\/es\/wp-json\/wp\/v2\/product_brand?post=80214"},{"taxonomy":"product_cat","embeddable":true,"href":"https:\/\/whisky.ad\/es\/wp-json\/wp\/v2\/product_cat?post=80214"},{"taxonomy":"product_tag","embeddable":true,"href":"https:\/\/whisky.ad\/es\/wp-json\/wp\/v2\/product_tag?post=80214"}],"curies":[{"name":"wp","href":"https:\/\/api.w.org\/{rel}","templated":true}]}}