{"id":80208,"date":"2019-12-30T15:11:20","date_gmt":"2019-12-30T14:11:20","guid":{"rendered":"https:\/\/whisky.ad\/product\/luigi-righetti-campolieti-valpolicella-2017\/"},"modified":"2019-12-30T15:11:20","modified_gmt":"2019-12-30T14:11:20","slug":"luigi-righetti-campolieti-valpolicella-2017","status":"publish","type":"product","link":"https:\/\/whisky.ad\/es\/producto\/luigi-righetti-campolieti-valpolicella-2017\/","title":{"rendered":"Luigi Righetti \u2013 Campolieti Valpolicella 2017"},"content":{"rendered":"","protected":false},"excerpt":{"rendered":"<p>Puntuaci\u00f3n 86\/100 en el buscador de vinos agregado -Categor\u00edas: Corvina, Italia, Vino tinto, Luigi Righetti, V\u00e9neto, Vinos -Pa\u00eds \/ Regi\u00f3n: Italia \/ V\u00e9neto -Tipo: Vino tinto -Variedad: corvina &#8211; A\u00f1ada: 2017 -Dulzo percibido: seco -Cuerpo: cuerpo medio &#8211; Cierre: corcho -Cu\u00e1ndo se puede beber: beber ahora y durante los pr\u00f3ximos 3 a\u00f1os Nota de cata: Tiene agradables aromas a fresa, cereza y ciruela con notas de cuero, hojas de oto\u00f1o y especias asi\u00e1ticas. En boca es vibrante, afrutado y ligeramente t\u00e1nico. Campolieti significa &#8220;campos felices&#8221; y se refiere a las vides de las que se cosechan las uvas. El vino es una mezcla tradicional de las variedades de uva Corvina, Rondinella y Molinara que ha tenido una segunda fermentaci\u00f3n en el prensado de la uva Amarone (proceso llamado &#8220;ripasso&#8221;). Maridaje: carnes rojas asadas o guisadas Tambi\u00e9n con pasta, risotto, calamares, bolo\u00f1esa con setas.<\/p>\n","protected":false},"featured_media":75629,"comment_status":"open","ping_status":"closed","template":"","meta":{"_acf_changed":false},"product_brand":[],"product_cat":[387,516],"product_tag":[],"class_list":{"0":"post-80208","1":"product","2":"type-product","3":"status-publish","4":"has-post-thumbnail","6":"product_cat-vino-es","7":"product_cat-veneto-es","9":"first","10":"outofstock","11":"taxable","12":"shipping-taxable","13":"purchasable","14":"product-type-simple"},"acf":[],"aioseo_notices":[],"jetpack_sharing_enabled":true,"_links":{"self":[{"href":"https:\/\/whisky.ad\/es\/wp-json\/wp\/v2\/product\/80208","targetHints":{"allow":["GET"]}}],"collection":[{"href":"https:\/\/whisky.ad\/es\/wp-json\/wp\/v2\/product"}],"about":[{"href":"https:\/\/whisky.ad\/es\/wp-json\/wp\/v2\/types\/product"}],"replies":[{"embeddable":true,"href":"https:\/\/whisky.ad\/es\/wp-json\/wp\/v2\/comments?post=80208"}],"wp:featuredmedia":[{"embeddable":true,"href":"https:\/\/whisky.ad\/es\/wp-json\/wp\/v2\/media\/75629"}],"wp:attachment":[{"href":"https:\/\/whisky.ad\/es\/wp-json\/wp\/v2\/media?parent=80208"}],"wp:term":[{"taxonomy":"product_brand","embeddable":true,"href":"https:\/\/whisky.ad\/es\/wp-json\/wp\/v2\/product_brand?post=80208"},{"taxonomy":"product_cat","embeddable":true,"href":"https:\/\/whisky.ad\/es\/wp-json\/wp\/v2\/product_cat?post=80208"},{"taxonomy":"product_tag","embeddable":true,"href":"https:\/\/whisky.ad\/es\/wp-json\/wp\/v2\/product_tag?post=80208"}],"curies":[{"name":"wp","href":"https:\/\/api.w.org\/{rel}","templated":true}]}}