{"id":80203,"date":"2020-01-12T12:11:24","date_gmt":"2020-01-12T11:11:24","guid":{"rendered":"https:\/\/whisky.ad\/product\/henry-de-blainville-h2b-rose-charentes\/"},"modified":"2020-01-12T12:11:24","modified_gmt":"2020-01-12T11:11:24","slug":"henry-de-blainville-h2b-rose-charentes","status":"publish","type":"product","link":"https:\/\/whisky.ad\/es\/producto\/henry-de-blainville-h2b-rose-charentes\/","title":{"rendered":"Henry de Blainville (H2B) Ros\u00e9 Charentes"},"content":{"rendered":"","protected":false},"excerpt":{"rendered":"<p>&#8211; Vino Charantais -Uva: Cabernet Sauvignon, Merlot -Descripci\u00f3n: Nuestro rosado es un vino seco con mucha fruta, con recuerdos agridulces. Es ligero y f\u00e1cil de beber. Nacido de una mezcla de uvas Merlot y Cabernet Sauvignon, presenta una gran frescura. Tiene un color salm\u00f3n intenso. -Receta(s): Gazpacho, Sushis, Bacalao con alioli, Paella<\/p>\n","protected":false},"featured_media":75683,"comment_status":"open","ping_status":"closed","template":"","meta":{"_acf_changed":false},"product_brand":[],"product_cat":[387,556],"product_tag":[],"class_list":{"0":"post-80203","1":"product","2":"type-product","3":"status-publish","4":"has-post-thumbnail","6":"product_cat-vino-es","7":"product_cat-charentes-es","9":"first","10":"instock","11":"sale","12":"taxable","13":"shipping-taxable","14":"purchasable","15":"product-type-simple"},"acf":[],"aioseo_notices":[],"jetpack_sharing_enabled":true,"_links":{"self":[{"href":"https:\/\/whisky.ad\/es\/wp-json\/wp\/v2\/product\/80203","targetHints":{"allow":["GET"]}}],"collection":[{"href":"https:\/\/whisky.ad\/es\/wp-json\/wp\/v2\/product"}],"about":[{"href":"https:\/\/whisky.ad\/es\/wp-json\/wp\/v2\/types\/product"}],"replies":[{"embeddable":true,"href":"https:\/\/whisky.ad\/es\/wp-json\/wp\/v2\/comments?post=80203"}],"wp:featuredmedia":[{"embeddable":true,"href":"https:\/\/whisky.ad\/es\/wp-json\/wp\/v2\/media\/75683"}],"wp:attachment":[{"href":"https:\/\/whisky.ad\/es\/wp-json\/wp\/v2\/media?parent=80203"}],"wp:term":[{"taxonomy":"product_brand","embeddable":true,"href":"https:\/\/whisky.ad\/es\/wp-json\/wp\/v2\/product_brand?post=80203"},{"taxonomy":"product_cat","embeddable":true,"href":"https:\/\/whisky.ad\/es\/wp-json\/wp\/v2\/product_cat?post=80203"},{"taxonomy":"product_tag","embeddable":true,"href":"https:\/\/whisky.ad\/es\/wp-json\/wp\/v2\/product_tag?post=80203"}],"curies":[{"name":"wp","href":"https:\/\/api.w.org\/{rel}","templated":true}]}}