{"id":80191,"date":"2024-01-07T14:08:46","date_gmt":"2024-01-07T13:08:46","guid":{"rendered":"https:\/\/whisky.ad\/product\/brora-1982-40-year-old-old-and-rare-whisky-0-7l-474\/"},"modified":"2024-01-07T14:08:46","modified_gmt":"2024-01-07T13:08:46","slug":"brora-1982-40-year-old-old-and-rare-whisky-0-7l-474","status":"publish","type":"product","link":"https:\/\/whisky.ad\/es\/producto\/brora-1982-40-year-old-old-and-rare-whisky-0-7l-474\/","title":{"rendered":"Brora 1982 40 Year Old Old and Rare Whisky 0.7L. 47,4%"},"content":{"rendered":"","protected":false},"excerpt":{"rendered":"<h5>Brora 1982 40 Year Old Old and Rare Whisky 0.7L. 47,4%<\/h5>\n<p>Destilado durante la edad de <strong>oro de la turba de Brora<\/strong> y dejado madurar en barricas de recambio durante <strong>40 a\u00f1os<\/strong>. Este <strong>impresionante single malt<\/strong> fue embotellado por <strong>Hunter Laing,<\/strong> lo que resalta a\u00fan m\u00e1s por qu\u00e9 se ha convertido en un <strong>malta de culto.<\/strong> <\/p>\n","protected":false},"featured_media":80156,"comment_status":"open","ping_status":"closed","template":"","meta":{"_acf_changed":false},"product_brand":[],"product_cat":[319,339,354,567],"product_tag":[],"class_list":{"0":"post-80191","1":"product","2":"type-product","3":"status-publish","4":"has-post-thumbnail","6":"product_cat-escocia-es","7":"product_cat-raro-y-coleccionable","8":"product_cat-whisky-by-brand","9":"product_cat-brora-es","11":"first","12":"instock","13":"taxable","14":"shipping-taxable","15":"product-type-simple"},"acf":[],"aioseo_notices":[],"jetpack_sharing_enabled":true,"_links":{"self":[{"href":"https:\/\/whisky.ad\/es\/wp-json\/wp\/v2\/product\/80191","targetHints":{"allow":["GET"]}}],"collection":[{"href":"https:\/\/whisky.ad\/es\/wp-json\/wp\/v2\/product"}],"about":[{"href":"https:\/\/whisky.ad\/es\/wp-json\/wp\/v2\/types\/product"}],"replies":[{"embeddable":true,"href":"https:\/\/whisky.ad\/es\/wp-json\/wp\/v2\/comments?post=80191"}],"wp:featuredmedia":[{"embeddable":true,"href":"https:\/\/whisky.ad\/es\/wp-json\/wp\/v2\/media\/80156"}],"wp:attachment":[{"href":"https:\/\/whisky.ad\/es\/wp-json\/wp\/v2\/media?parent=80191"}],"wp:term":[{"taxonomy":"product_brand","embeddable":true,"href":"https:\/\/whisky.ad\/es\/wp-json\/wp\/v2\/product_brand?post=80191"},{"taxonomy":"product_cat","embeddable":true,"href":"https:\/\/whisky.ad\/es\/wp-json\/wp\/v2\/product_cat?post=80191"},{"taxonomy":"product_tag","embeddable":true,"href":"https:\/\/whisky.ad\/es\/wp-json\/wp\/v2\/product_tag?post=80191"}],"curies":[{"name":"wp","href":"https:\/\/api.w.org\/{rel}","templated":true}]}}