{"id":80183,"date":"2023-07-30T18:32:14","date_gmt":"2023-07-30T17:32:14","guid":{"rendered":"https:\/\/whisky.ad\/product\/seagrams-vo-whisky-0-7l-40\/"},"modified":"2023-07-30T18:32:14","modified_gmt":"2023-07-30T17:32:14","slug":"seagrams-vo-whisky-0-7l-40","status":"publish","type":"product","link":"https:\/\/whisky.ad\/es\/producto\/seagrams-vo-whisky-0-7l-40\/","title":{"rendered":"SEAGRAM\u00b4S VO WHISKY 0.7L 40%"},"content":{"rendered":"","protected":false},"excerpt":{"rendered":"<p>Whisky canadiense &#8211; Seagram&#8217;s V.O. Los or\u00edgenes y el nombre de Seagram&#8217;s V.O., un c\u00e9lebre whisky producido en la antigua destiler\u00eda Waterloo de Joseph E. Seagram, siguen rodeados de misterio. Seg\u00fan la tradici\u00f3n familiar, &#8220;V.O.&#8221; significa &#8220;Very Own&#8221; (muy propio), ya que originalmente se elaboraba como una mezcla especial de whisky para la propia familia de Joseph E. Seagram. Sin embargo, algunos sostienen que las iniciales significan &#8220;Very Old&#8221; (muy viejo), en consonancia con la afirmaci\u00f3n del destilador de que se trataba de una mezcla de whiskies canadienses excepcionalmente a\u00f1ejos. Seagram&#8217;s V.O. es una mezcla cl\u00e1sica de whisky canadiense, cuidadosamente elaborada con aguardientes envejecidos durante al menos 6 a\u00f1os. La historia se desarrolla durante una conversaci\u00f3n de sobremesa entre la familia Seagram, que lleva a la creaci\u00f3n de la mezcla. Las letras &#8220;VO&#8221; bien podr\u00edan representar &#8220;muy propio&#8221;, ya que se trataba de una mezcla \u00fanica y muy apreciada. Notas de sabor: Nariz: Granos de centeno jugosos y especiados, con toques de albaricoque seco, cuajada de lim\u00f3n, roble y un delicioso dulzor que recuerda a la molienda. Boca: Una sensaci\u00f3n cremosa y especiada, que ofrece una experiencia de cuerpo medio con notas de miel, caramelo y caf\u00e9. Un sutil toque de mermelada de naranja y pannacotta a\u00f1ade complejidad. Final: El final es de longitud media, dejando una satisfactoria combinaci\u00f3n de especias y dulzura.<\/p>\n","protected":false},"featured_media":76967,"comment_status":"open","ping_status":"closed","template":"","meta":{"_acf_changed":false},"product_brand":[],"product_cat":[354,482,561],"product_tag":[],"class_list":{"0":"post-80183","1":"product","2":"type-product","3":"status-publish","4":"has-post-thumbnail","6":"product_cat-whisky-by-brand","7":"product_cat-seagram-es","8":"product_cat-canada-es","10":"first","11":"instock","12":"taxable","13":"shipping-taxable","14":"purchasable","15":"product-type-simple"},"acf":[],"aioseo_notices":[],"jetpack_sharing_enabled":true,"_links":{"self":[{"href":"https:\/\/whisky.ad\/es\/wp-json\/wp\/v2\/product\/80183","targetHints":{"allow":["GET"]}}],"collection":[{"href":"https:\/\/whisky.ad\/es\/wp-json\/wp\/v2\/product"}],"about":[{"href":"https:\/\/whisky.ad\/es\/wp-json\/wp\/v2\/types\/product"}],"replies":[{"embeddable":true,"href":"https:\/\/whisky.ad\/es\/wp-json\/wp\/v2\/comments?post=80183"}],"wp:featuredmedia":[{"embeddable":true,"href":"https:\/\/whisky.ad\/es\/wp-json\/wp\/v2\/media\/76967"}],"wp:attachment":[{"href":"https:\/\/whisky.ad\/es\/wp-json\/wp\/v2\/media?parent=80183"}],"wp:term":[{"taxonomy":"product_brand","embeddable":true,"href":"https:\/\/whisky.ad\/es\/wp-json\/wp\/v2\/product_brand?post=80183"},{"taxonomy":"product_cat","embeddable":true,"href":"https:\/\/whisky.ad\/es\/wp-json\/wp\/v2\/product_cat?post=80183"},{"taxonomy":"product_tag","embeddable":true,"href":"https:\/\/whisky.ad\/es\/wp-json\/wp\/v2\/product_tag?post=80183"}],"curies":[{"name":"wp","href":"https:\/\/api.w.org\/{rel}","templated":true}]}}