{"id":80130,"date":"2023-08-25T10:02:13","date_gmt":"2023-08-25T09:02:13","guid":{"rendered":"https:\/\/whisky.ad\/product\/glencadam-25-years-old\/"},"modified":"2024-01-08T12:45:31","modified_gmt":"2024-01-08T11:45:31","slug":"glencadam-25-years-old","status":"publish","type":"product","link":"https:\/\/whisky.ad\/es\/producto\/glencadam-25-years-old\/","title":{"rendered":"Glencadam 25 Years Old (contact us!)"},"content":{"rendered":"","protected":false},"excerpt":{"rendered":"<p>Envejecido durante nada menos que un cuarto de siglo en barricas de roble americano ex-bourbon extra\u00eddas meticulosamente de los hist\u00f3ricos almacenes de estiba de Glencadam. Irradiando gracia, complejidad y un equilibrio impecable, adornado con notas de albaricoque, melocot\u00f3n y suaves especias, cada envase de Glencadam 25 a\u00f1os lleva un n\u00famero \u00fanico, tiene una graduaci\u00f3n de 46% de alcohol y su color y textura permanecen inalterados para preservar toda la esencia del whisky;<\/p>\n","protected":false},"featured_media":77150,"comment_status":"open","ping_status":"closed","template":"","meta":{"_acf_changed":false},"product_brand":[],"product_cat":[319,339,432],"product_tag":[],"class_list":{"0":"post-80130","1":"product","2":"type-product","3":"status-publish","4":"has-post-thumbnail","6":"product_cat-escocia-es","7":"product_cat-raro-y-coleccionable","8":"product_cat-glencadam-es","10":"first","11":"instock","12":"taxable","13":"shipping-taxable","14":"product-type-simple"},"acf":[],"aioseo_notices":[],"jetpack_sharing_enabled":true,"_links":{"self":[{"href":"https:\/\/whisky.ad\/es\/wp-json\/wp\/v2\/product\/80130","targetHints":{"allow":["GET"]}}],"collection":[{"href":"https:\/\/whisky.ad\/es\/wp-json\/wp\/v2\/product"}],"about":[{"href":"https:\/\/whisky.ad\/es\/wp-json\/wp\/v2\/types\/product"}],"replies":[{"embeddable":true,"href":"https:\/\/whisky.ad\/es\/wp-json\/wp\/v2\/comments?post=80130"}],"wp:featuredmedia":[{"embeddable":true,"href":"https:\/\/whisky.ad\/es\/wp-json\/wp\/v2\/media\/77150"}],"wp:attachment":[{"href":"https:\/\/whisky.ad\/es\/wp-json\/wp\/v2\/media?parent=80130"}],"wp:term":[{"taxonomy":"product_brand","embeddable":true,"href":"https:\/\/whisky.ad\/es\/wp-json\/wp\/v2\/product_brand?post=80130"},{"taxonomy":"product_cat","embeddable":true,"href":"https:\/\/whisky.ad\/es\/wp-json\/wp\/v2\/product_cat?post=80130"},{"taxonomy":"product_tag","embeddable":true,"href":"https:\/\/whisky.ad\/es\/wp-json\/wp\/v2\/product_tag?post=80130"}],"curies":[{"name":"wp","href":"https:\/\/api.w.org\/{rel}","templated":true}]}}