{"id":80067,"date":"2023-08-28T15:09:08","date_gmt":"2023-08-28T14:09:08","guid":{"rendered":"https:\/\/whisky.ad\/product\/paul-john-peated-select-cask-55-5-0-7l\/"},"modified":"2023-08-28T15:09:08","modified_gmt":"2023-08-28T14:09:08","slug":"paul-john-peated-select-cask-55-5-0-7l","status":"publish","type":"product","link":"https:\/\/whisky.ad\/es\/producto\/paul-john-peated-select-cask-55-5-0-7l\/","title":{"rendered":"Paul John Peated Select Cask 55.5% 0.7l"},"content":{"rendered":"","protected":false},"excerpt":{"rendered":"<p>Presentamos Peated Select Cask Indian Single Malt Whisky #PaulJohnPeatedSelectCask Alcohol por volumen (ABV): 55,5% Goa, un lienzo siempre atractivo, nunca deja de cautivar. Ya sea adentr\u00e1ndose en sus innumerables personajes, en su tapiz hist\u00f3rico, en su vibrante esp\u00edritu contempor\u00e1neo o en su exuberancia desenfrenada, el encanto sigue siendo incesante. Un reino de sorpresas constantes, especialmente para el explorador intr\u00e9pido. Ad\u00e9ntrese en el reino de Paul John Select Cask Peated, una encarnaci\u00f3n del asombro incluso para el m\u00e1s avezado de los conocedores de whisky. Una armoniosa interacci\u00f3n de sabores inesperados agrada a los sentidos, creando una bebida impecable. Cada sorbo encierra la esencia de Goa en su totalidad. Aroma: Los aromas entrelazados de ahumado, dulzor y terrosidad est\u00e1n subrayados por suaves ecos de especias. Sabor: Entre las capas de crujientes az\u00facares Muscovado y Demerara, se despliega el car\u00e1cter ahumado del Single Malt, alcanzando un exquisito equilibrio. Un sutil trasfondo de especias emana del nogal americano y toques de cacao al estilo dominicano. Final: El sutil desenlace de este Single Malt desvela notas de cacao dominicano entrelazadas con la esencia \u00e1cida de la mermelada. Color: Resplandeciente en un tono caoba dorado, reflejo de su profundidad. Maridaje: Este whisky notablemente intrincado justifica la compa\u00f1\u00eda de platos que armonicen a la perfecci\u00f3n. Los suculentos y tiernos filetes y la riqueza del queso azul son los compa\u00f1eros ideales que le permitir\u00e1n desentra\u00f1ar el intrincado tapiz de este espl\u00e9ndido whisky de malta de Goa.<\/p>\n","protected":false},"featured_media":77324,"comment_status":"open","ping_status":"closed","template":"","meta":{"_acf_changed":false},"product_brand":[],"product_cat":[470,529],"product_tag":[],"class_list":{"0":"post-80067","1":"product","2":"type-product","3":"status-publish","4":"has-post-thumbnail","6":"product_cat-paul-john-es","7":"product_cat-india-es","9":"first","10":"outofstock","11":"taxable","12":"shipping-taxable","13":"product-type-simple"},"acf":[],"aioseo_notices":[],"jetpack_sharing_enabled":true,"_links":{"self":[{"href":"https:\/\/whisky.ad\/es\/wp-json\/wp\/v2\/product\/80067","targetHints":{"allow":["GET"]}}],"collection":[{"href":"https:\/\/whisky.ad\/es\/wp-json\/wp\/v2\/product"}],"about":[{"href":"https:\/\/whisky.ad\/es\/wp-json\/wp\/v2\/types\/product"}],"replies":[{"embeddable":true,"href":"https:\/\/whisky.ad\/es\/wp-json\/wp\/v2\/comments?post=80067"}],"wp:featuredmedia":[{"embeddable":true,"href":"https:\/\/whisky.ad\/es\/wp-json\/wp\/v2\/media\/77324"}],"wp:attachment":[{"href":"https:\/\/whisky.ad\/es\/wp-json\/wp\/v2\/media?parent=80067"}],"wp:term":[{"taxonomy":"product_brand","embeddable":true,"href":"https:\/\/whisky.ad\/es\/wp-json\/wp\/v2\/product_brand?post=80067"},{"taxonomy":"product_cat","embeddable":true,"href":"https:\/\/whisky.ad\/es\/wp-json\/wp\/v2\/product_cat?post=80067"},{"taxonomy":"product_tag","embeddable":true,"href":"https:\/\/whisky.ad\/es\/wp-json\/wp\/v2\/product_tag?post=80067"}],"curies":[{"name":"wp","href":"https:\/\/api.w.org\/{rel}","templated":true}]}}