{"id":80066,"date":"2023-08-28T16:04:32","date_gmt":"2023-08-28T15:04:32","guid":{"rendered":"https:\/\/whisky.ad\/product\/milk-honey-classic-single-malt-46-0-7l\/"},"modified":"2023-08-28T16:04:32","modified_gmt":"2023-08-28T15:04:32","slug":"milk-honey-classic-single-malt-46-0-7l","status":"publish","type":"product","link":"https:\/\/whisky.ad\/es\/producto\/milk-honey-classic-single-malt-46-0-7l\/","title":{"rendered":"Milk &amp; Honey Classic Single Malt 46% 0.7l"},"content":{"rendered":"","protected":false},"excerpt":{"rendered":"<p>M&amp;H CLASSIC Reconocido en la categor\u00eda Great Value en el Ultimate Spirits Challenge 2023 Elaborado con precisi\u00f3n, nuestro M&amp;H Classic Single Malt Whisky surge de la uni\u00f3n de exquisitas barricas Ex-Bourbon y de nuestras emblem\u00e1ticas barricas STR (Shaved-Toasted-Re-charred) de vino tinto, culminando en un car\u00e1cter matizado y armonioso. El resultado es un whisky cl\u00e1sico de malta suave y f\u00e1cil de disfrutar. AROMA Suaves ondas de dulzura de vainilla abren el camino, seguidas de delicados matices de roble y fugaces matices florales. PALADAR Una composici\u00f3n ligera que ofrece notas de vainilla, caramelo y miel, art\u00edsticamente contrarrestadas por sutiles acentos de roble y un toque picante de pimienta negra. FINAL Breve pero ingenioso. El recuerdo del roble persiste en el paladar, acompa\u00f1ado de una delicada sugerencia picante que a\u00f1ade un toque final a la experiencia.<\/p>\n","protected":false},"featured_media":78486,"comment_status":"open","ping_status":"closed","template":"","meta":{"_acf_changed":false},"product_brand":[],"product_cat":[525,461],"product_tag":[],"class_list":{"0":"post-80066","1":"product","2":"type-product","3":"status-publish","4":"has-post-thumbnail","6":"product_cat-israel-es","7":"product_cat-milk-honey-es","9":"first","10":"instock","11":"taxable","12":"shipping-taxable","13":"purchasable","14":"product-type-simple"},"acf":[],"aioseo_notices":[],"jetpack_sharing_enabled":true,"_links":{"self":[{"href":"https:\/\/whisky.ad\/es\/wp-json\/wp\/v2\/product\/80066","targetHints":{"allow":["GET"]}}],"collection":[{"href":"https:\/\/whisky.ad\/es\/wp-json\/wp\/v2\/product"}],"about":[{"href":"https:\/\/whisky.ad\/es\/wp-json\/wp\/v2\/types\/product"}],"replies":[{"embeddable":true,"href":"https:\/\/whisky.ad\/es\/wp-json\/wp\/v2\/comments?post=80066"}],"wp:featuredmedia":[{"embeddable":true,"href":"https:\/\/whisky.ad\/es\/wp-json\/wp\/v2\/media\/78486"}],"wp:attachment":[{"href":"https:\/\/whisky.ad\/es\/wp-json\/wp\/v2\/media?parent=80066"}],"wp:term":[{"taxonomy":"product_brand","embeddable":true,"href":"https:\/\/whisky.ad\/es\/wp-json\/wp\/v2\/product_brand?post=80066"},{"taxonomy":"product_cat","embeddable":true,"href":"https:\/\/whisky.ad\/es\/wp-json\/wp\/v2\/product_cat?post=80066"},{"taxonomy":"product_tag","embeddable":true,"href":"https:\/\/whisky.ad\/es\/wp-json\/wp\/v2\/product_tag?post=80066"}],"curies":[{"name":"wp","href":"https:\/\/api.w.org\/{rel}","templated":true}]}}