{"id":80060,"date":"2023-08-29T18:28:11","date_gmt":"2023-08-29T17:28:11","guid":{"rendered":"https:\/\/whisky.ad\/product\/armagnac-delord-bas-armagnac-25yo-wooden-box-0-7l-40\/"},"modified":"2023-08-29T18:28:11","modified_gmt":"2023-08-29T17:28:11","slug":"armagnac-delord-bas-armagnac-25yo-wooden-box-0-7l-40","status":"publish","type":"product","link":"https:\/\/whisky.ad\/es\/producto\/armagnac-delord-bas-armagnac-25yo-wooden-box-0-7l-40\/","title":{"rendered":"Armagnac Delord Bas Armagnac 25yo wooden box 0.7l 40%"},"content":{"rendered":"","protected":false},"excerpt":{"rendered":"<div class=\"flex flex-grow flex-col gap-3 max-w-full\">\n<div class=\"min-h-[20px] flex flex-col items-start gap-3 overflow-x-auto whitespace-pre-wrap break-words\">\n<div class=\"markdown prose w-full break-words dark:prose-invert light\">\n<p>La historia de Armagnac Delord comenz\u00f3 en 1893. Actualmente, la casa est\u00e1 dirigida por Sylvain y J\u00e9r\u00f4me, dos hermanos que representan la cuarta generaci\u00f3n de este establecimiento familiar. El vi\u00f1edo est\u00e1 situado en la localidad de Lannepax. Abarca 42 hect\u00e1reas divididas en 11 parcelas. Se compone de las cuatro variedades de uva tradicionales de Armagnac: Ugni Blanc 56%, Colombard 24%, Baco 14% y Folle-blanche 6%. Maison Delord es una de las pocas casas de Armagnac que utiliza ambos m\u00e9todos de destilaci\u00f3n, la destilaci\u00f3n continua t\u00edpica de Armagnac y la destilaci\u00f3n de doble calentamiento. Las etiquetas manuscritas, los cuellos y los sellos de cera son el sello distintivo de los Armagnac Delord en todo el mundo. ARMAGNAC DELORD BAS ARMAGNAC 25 A\u00d1OS CAJA DE MADERA AOC &#8211; Bas-Armagnac Color: \u00c1mbar Vintage: Non-Vintage Volumen: 70cl Tipo de botella: Aguardiente Clasificaci\u00f3n: AOC Denominaci\u00f3n: Bas-Armagnac Maridaje: Aperitivos, Postres Regiones: Otras regiones Porcentaje de alcohol: 40% vol CATA VISTA: Color \u00e1mbar intenso. NARIZ: Muy arom\u00e1tico con notas de especias dulces, vainilla y pan de especias. BOCA: Muy indulgente, destacando las especias, las nueces y la mantequilla <\/p>\n<\/div>\n<\/div>\n<\/div>\n","protected":false},"featured_media":77504,"comment_status":"open","ping_status":"closed","template":"","meta":{"_acf_changed":false},"product_brand":[],"product_cat":[340,345],"product_tag":[],"class_list":{"0":"post-80060","1":"product","2":"type-product","3":"status-publish","4":"has-post-thumbnail","6":"product_cat-cognac-armagnac-brandy-es","7":"product_cat-bebidas-acoholicas-es","9":"first","10":"outofstock","11":"taxable","12":"shipping-taxable","13":"product-type-simple"},"acf":[],"aioseo_notices":[],"jetpack_sharing_enabled":true,"_links":{"self":[{"href":"https:\/\/whisky.ad\/es\/wp-json\/wp\/v2\/product\/80060","targetHints":{"allow":["GET"]}}],"collection":[{"href":"https:\/\/whisky.ad\/es\/wp-json\/wp\/v2\/product"}],"about":[{"href":"https:\/\/whisky.ad\/es\/wp-json\/wp\/v2\/types\/product"}],"replies":[{"embeddable":true,"href":"https:\/\/whisky.ad\/es\/wp-json\/wp\/v2\/comments?post=80060"}],"wp:featuredmedia":[{"embeddable":true,"href":"https:\/\/whisky.ad\/es\/wp-json\/wp\/v2\/media\/77504"}],"wp:attachment":[{"href":"https:\/\/whisky.ad\/es\/wp-json\/wp\/v2\/media?parent=80060"}],"wp:term":[{"taxonomy":"product_brand","embeddable":true,"href":"https:\/\/whisky.ad\/es\/wp-json\/wp\/v2\/product_brand?post=80060"},{"taxonomy":"product_cat","embeddable":true,"href":"https:\/\/whisky.ad\/es\/wp-json\/wp\/v2\/product_cat?post=80060"},{"taxonomy":"product_tag","embeddable":true,"href":"https:\/\/whisky.ad\/es\/wp-json\/wp\/v2\/product_tag?post=80060"}],"curies":[{"name":"wp","href":"https:\/\/api.w.org\/{rel}","templated":true}]}}