{"id":80055,"date":"2023-08-30T19:49:48","date_gmt":"2023-08-30T18:49:48","guid":{"rendered":"https:\/\/whisky.ad\/product\/glen-scotia-victoriana-single-malt-cask-strenght-0-7l-542\/"},"modified":"2023-08-30T19:49:48","modified_gmt":"2023-08-30T18:49:48","slug":"glen-scotia-victoriana-single-malt-cask-strenght-0-7l-542","status":"publish","type":"product","link":"https:\/\/whisky.ad\/es\/producto\/glen-scotia-victoriana-single-malt-cask-strenght-0-7l-542\/","title":{"rendered":"Glen Scotia Victoriana Single Malt Cask Strenght 0.7l 54,2%"},"content":{"rendered":"","protected":false},"excerpt":{"rendered":"<div class=\"flex flex-grow flex-col gap-3 max-w-full\">\n<div class=\"min-h-[20px] flex flex-col items-start gap-3 overflow-x-auto whitespace-pre-wrap break-words\">\n<div class=\"markdown prose w-full break-words dark:prose-invert light\">\n<p>Victoriana presenta una interpretaci\u00f3n contempor\u00e1nea del intemporal whisky de malta Campbeltown de estilo victoriano; Esta expresi\u00f3n sirve de exquisita puerta de entrada a la esencia cl\u00e1sica de Glen Scotia, prometiendo revelaciones inesperadas y una experiencia gratificante tanto para los entusiastas del whisky curiosos como para los conocedores experimentados. Los or\u00edgenes de Glen Scotia se remontan a un lugar sin parang\u00f3n: un pintoresco pueblo de la costa occidental de Escocia que se convertir\u00eda en la &#8220;Capital Mundial del Whisky Victoriano&#8221;. Los habitantes de Campbeltown se caracterizan por su firmeza y orgullo, cualidades que se reflejan en nuestro whisky, que nos ha unido siempre en tiempos de necesidad. En medio de la ca\u00edda de unas treinta destiler\u00edas locales, Glen Scotia resisti\u00f3 contra viento y marea. Hoy es un testimonio tanto del esp\u00edritu de la comunidad que define Campbeltown como de la resistencia que la sostiene. Notas de sabor: AROMA Notas evocadoras de Cr\u00e8me Br\u00fbl\u00e9e, az\u00facares fundidos, frutas caramelizadas y la presencia envolvente del roble. PALADAR Una encantadora interacci\u00f3n de az\u00facares tostados, la suculenta esencia de las grosellas negras y un baile de especias. FINALIZAR Un final armonioso que se despliega con matices de cacao, chocolate negro aterciopelado y la sutil riqueza de los frutos negros. REF: <a href=\"https:\/\/www.whiskybase.com\/whiskies\/whisky\/223286\/glen-scotia-victoriana\">WHISKYBASE<\/a><\/p>\n<\/div>\n<\/div>\n<\/div>\n","protected":false},"featured_media":77534,"comment_status":"open","ping_status":"closed","template":"","meta":{"_acf_changed":false},"product_brand":[],"product_cat":[319,354,397,430],"product_tag":[],"class_list":{"0":"post-80055","1":"product","2":"type-product","3":"status-publish","4":"has-post-thumbnail","6":"product_cat-escocia-es","7":"product_cat-whisky-by-brand","8":"product_cat-presentado","9":"product_cat-glen-scotia-es","11":"first","12":"instock","13":"sale","14":"featured","15":"taxable","16":"shipping-taxable","17":"purchasable","18":"product-type-simple"},"acf":[],"aioseo_notices":[],"jetpack_sharing_enabled":true,"_links":{"self":[{"href":"https:\/\/whisky.ad\/es\/wp-json\/wp\/v2\/product\/80055","targetHints":{"allow":["GET"]}}],"collection":[{"href":"https:\/\/whisky.ad\/es\/wp-json\/wp\/v2\/product"}],"about":[{"href":"https:\/\/whisky.ad\/es\/wp-json\/wp\/v2\/types\/product"}],"replies":[{"embeddable":true,"href":"https:\/\/whisky.ad\/es\/wp-json\/wp\/v2\/comments?post=80055"}],"wp:featuredmedia":[{"embeddable":true,"href":"https:\/\/whisky.ad\/es\/wp-json\/wp\/v2\/media\/77534"}],"wp:attachment":[{"href":"https:\/\/whisky.ad\/es\/wp-json\/wp\/v2\/media?parent=80055"}],"wp:term":[{"taxonomy":"product_brand","embeddable":true,"href":"https:\/\/whisky.ad\/es\/wp-json\/wp\/v2\/product_brand?post=80055"},{"taxonomy":"product_cat","embeddable":true,"href":"https:\/\/whisky.ad\/es\/wp-json\/wp\/v2\/product_cat?post=80055"},{"taxonomy":"product_tag","embeddable":true,"href":"https:\/\/whisky.ad\/es\/wp-json\/wp\/v2\/product_tag?post=80055"}],"curies":[{"name":"wp","href":"https:\/\/api.w.org\/{rel}","templated":true}]}}