{"id":80051,"date":"2023-08-30T20:16:48","date_gmt":"2023-08-30T19:16:48","guid":{"rendered":"https:\/\/whisky.ad\/product\/loch-lomond-clansman-blended-whisky-1l-43\/"},"modified":"2023-08-30T20:16:48","modified_gmt":"2023-08-30T19:16:48","slug":"loch-lomond-clansman-blended-whisky-1l-43","status":"publish","type":"product","link":"https:\/\/whisky.ad\/es\/producto\/loch-lomond-clansman-blended-whisky-1l-43\/","title":{"rendered":"Loch Lomond Clansman Blended Whisky 1L. 43%"},"content":{"rendered":"","protected":false},"excerpt":{"rendered":"<div class=\"flex flex-grow flex-col gap-3 max-w-full\">\n<div class=\"min-h-[20px] flex flex-col items-start gap-3 overflow-x-auto whitespace-pre-wrap break-words\">\n<div class=\"markdown prose w-full break-words dark:prose-invert light\">\n<p>Clansman encierra la esencia misma de Escocia en este whisky excepcional<\/p>\n<p>Elaborado mediante una armoniosa combinaci\u00f3n de nuestros m\u00e1s exquisitos whiskies de grano y malta, madurados a la perfecci\u00f3n en barricas de roble Este whisky, que se distingue por su textura aterciopelada y su car\u00e1cter accesible, desvela sutiles notas de delicada fruta y un indulgente dulzor de vainilla<\/p>\n<\/div>\n<\/div>\n<\/div>\n","protected":false},"featured_media":77543,"comment_status":"open","ping_status":"closed","template":"","meta":{"_acf_changed":false},"product_brand":[],"product_cat":[319,354,455],"product_tag":[],"class_list":{"0":"post-80051","1":"product","2":"type-product","3":"status-publish","4":"has-post-thumbnail","6":"product_cat-escocia-es","7":"product_cat-whisky-by-brand","8":"product_cat-loch-lomond-es","10":"first","11":"instock","12":"taxable","13":"shipping-taxable","14":"purchasable","15":"product-type-simple"},"acf":[],"aioseo_notices":[],"jetpack_sharing_enabled":true,"_links":{"self":[{"href":"https:\/\/whisky.ad\/es\/wp-json\/wp\/v2\/product\/80051","targetHints":{"allow":["GET"]}}],"collection":[{"href":"https:\/\/whisky.ad\/es\/wp-json\/wp\/v2\/product"}],"about":[{"href":"https:\/\/whisky.ad\/es\/wp-json\/wp\/v2\/types\/product"}],"replies":[{"embeddable":true,"href":"https:\/\/whisky.ad\/es\/wp-json\/wp\/v2\/comments?post=80051"}],"wp:featuredmedia":[{"embeddable":true,"href":"https:\/\/whisky.ad\/es\/wp-json\/wp\/v2\/media\/77543"}],"wp:attachment":[{"href":"https:\/\/whisky.ad\/es\/wp-json\/wp\/v2\/media?parent=80051"}],"wp:term":[{"taxonomy":"product_brand","embeddable":true,"href":"https:\/\/whisky.ad\/es\/wp-json\/wp\/v2\/product_brand?post=80051"},{"taxonomy":"product_cat","embeddable":true,"href":"https:\/\/whisky.ad\/es\/wp-json\/wp\/v2\/product_cat?post=80051"},{"taxonomy":"product_tag","embeddable":true,"href":"https:\/\/whisky.ad\/es\/wp-json\/wp\/v2\/product_tag?post=80051"}],"curies":[{"name":"wp","href":"https:\/\/api.w.org\/{rel}","templated":true}]}}