{"id":79976,"date":"2023-12-09T15:29:33","date_gmt":"2023-12-09T14:29:33","guid":{"rendered":"https:\/\/whisky.ad\/product\/bladnoch-the-samhla-collection-the-mcclelland\/"},"modified":"2023-12-09T15:29:33","modified_gmt":"2023-12-09T14:29:33","slug":"bladnoch-the-samhla-collection-the-mcclelland","status":"publish","type":"product","link":"https:\/\/whisky.ad\/es\/producto\/bladnoch-the-samhla-collection-the-mcclelland\/","title":{"rendered":"Bladnoch the Samhla Collection: The McClelland"},"content":{"rendered":"","protected":false},"excerpt":{"rendered":"<div class=\"simple-text\">\n<h5>Precio y disponibilidad seg\u00fan demanda<\/h5>\n<p>https:\/\/whisky.ad\/contact\/<\/p>\n<p>Este excepcional whisky, destilado el 14 de julio de 1966, se erige como el lanzamiento m\u00e1s a\u00f1ejo de Bladnoch, simbolizando nuestra herencia y conmemorando nuestras ra\u00edces; Encierra el relato de una \u00e9poca pasada e invita a reflexionar sobre nuestra extraordinaria historia. Exquisito e intrincado, madurado en barrica de roble americano, evoca el esp\u00edritu de los hermanos McClelland, John y Thomas, paseando por la destiler\u00eda, reflejando los pasos de aquellos que nos precedieron desde 1817<\/p>\n<\/div>\n<ul>\n<li>\n<h5>NARIZ\/AROMA<\/h5>\n<p>Nariz suave y delicada, con manzanas verdes frescas junto con aromas herb\u00e1ceos de hierba reci\u00e9n cortada y bosque<\/li>\n<li>\n<h5>GUSTO\/PALADAR<\/h5>\n<p>C\u00e1scara de naranja, con chocolate y toques de hojas de menta y roble pulido<\/li>\n<li>\n<h5>FINALIZAR<\/h5>\n<p>Dulce con sutil pimienta blanca, que conduce a una sensaci\u00f3n en boca larga y seca<\/li>\n<\/ul>\n","protected":false},"featured_media":79132,"comment_status":"open","ping_status":"closed","template":"","meta":{"_acf_changed":false},"product_brand":[],"product_cat":[319,320,339,513,630],"product_tag":[],"class_list":{"0":"post-79976","1":"product","2":"type-product","3":"status-publish","4":"has-post-thumbnail","6":"product_cat-escocia-es","7":"product_cat-bladnoch-es","8":"product_cat-raro-y-coleccionable","9":"product_cat-the-samhla-collection-es","10":"product_cat-lowland-es","12":"first","13":"instock","14":"taxable","15":"shipping-taxable","16":"purchasable","17":"product-type-simple"},"acf":[],"aioseo_notices":[],"jetpack_sharing_enabled":true,"_links":{"self":[{"href":"https:\/\/whisky.ad\/es\/wp-json\/wp\/v2\/product\/79976","targetHints":{"allow":["GET"]}}],"collection":[{"href":"https:\/\/whisky.ad\/es\/wp-json\/wp\/v2\/product"}],"about":[{"href":"https:\/\/whisky.ad\/es\/wp-json\/wp\/v2\/types\/product"}],"replies":[{"embeddable":true,"href":"https:\/\/whisky.ad\/es\/wp-json\/wp\/v2\/comments?post=79976"}],"wp:featuredmedia":[{"embeddable":true,"href":"https:\/\/whisky.ad\/es\/wp-json\/wp\/v2\/media\/79132"}],"wp:attachment":[{"href":"https:\/\/whisky.ad\/es\/wp-json\/wp\/v2\/media?parent=79976"}],"wp:term":[{"taxonomy":"product_brand","embeddable":true,"href":"https:\/\/whisky.ad\/es\/wp-json\/wp\/v2\/product_brand?post=79976"},{"taxonomy":"product_cat","embeddable":true,"href":"https:\/\/whisky.ad\/es\/wp-json\/wp\/v2\/product_cat?post=79976"},{"taxonomy":"product_tag","embeddable":true,"href":"https:\/\/whisky.ad\/es\/wp-json\/wp\/v2\/product_tag?post=79976"}],"curies":[{"name":"wp","href":"https:\/\/api.w.org\/{rel}","templated":true}]}}