{"id":79960,"date":"2023-11-15T15:40:26","date_gmt":"2023-11-15T14:40:26","guid":{"rendered":"https:\/\/whisky.ad\/product\/loch-lomond-original-single-malt-whisky-0-7l-40\/"},"modified":"2023-11-15T15:40:26","modified_gmt":"2023-11-15T14:40:26","slug":"loch-lomond-original-single-malt-whisky-0-7l-40","status":"publish","type":"product","link":"https:\/\/whisky.ad\/es\/producto\/loch-lomond-original-single-malt-whisky-0-7l-40\/","title":{"rendered":"Loch Lomond Original Single Malt Whisky 0.7l 40%"},"content":{"rendered":"","protected":false},"excerpt":{"rendered":"<p>Loch Lomond Original es un whisky escoc\u00e9s de malta excepcionalmente suave, con cuerpo y f\u00e1cil de beber. Madurado en nuestras mejores barricas de roble, este whisky ofrece una explosi\u00f3n de miel dulce y humedad; notas c\u00edtricas con un suave toque ahumado al final. <\/p>\n","protected":false},"featured_media":77648,"comment_status":"open","ping_status":"closed","template":"","meta":{"_acf_changed":false},"product_brand":[],"product_cat":[319,354,455],"product_tag":[],"class_list":{"0":"post-79960","1":"product","2":"type-product","3":"status-publish","4":"has-post-thumbnail","6":"product_cat-escocia-es","7":"product_cat-whisky-by-brand","8":"product_cat-loch-lomond-es","10":"first","11":"instock","12":"taxable","13":"shipping-taxable","14":"purchasable","15":"product-type-simple"},"acf":[],"aioseo_notices":[],"jetpack_sharing_enabled":true,"_links":{"self":[{"href":"https:\/\/whisky.ad\/es\/wp-json\/wp\/v2\/product\/79960","targetHints":{"allow":["GET"]}}],"collection":[{"href":"https:\/\/whisky.ad\/es\/wp-json\/wp\/v2\/product"}],"about":[{"href":"https:\/\/whisky.ad\/es\/wp-json\/wp\/v2\/types\/product"}],"replies":[{"embeddable":true,"href":"https:\/\/whisky.ad\/es\/wp-json\/wp\/v2\/comments?post=79960"}],"wp:featuredmedia":[{"embeddable":true,"href":"https:\/\/whisky.ad\/es\/wp-json\/wp\/v2\/media\/77648"}],"wp:attachment":[{"href":"https:\/\/whisky.ad\/es\/wp-json\/wp\/v2\/media?parent=79960"}],"wp:term":[{"taxonomy":"product_brand","embeddable":true,"href":"https:\/\/whisky.ad\/es\/wp-json\/wp\/v2\/product_brand?post=79960"},{"taxonomy":"product_cat","embeddable":true,"href":"https:\/\/whisky.ad\/es\/wp-json\/wp\/v2\/product_cat?post=79960"},{"taxonomy":"product_tag","embeddable":true,"href":"https:\/\/whisky.ad\/es\/wp-json\/wp\/v2\/product_tag?post=79960"}],"curies":[{"name":"wp","href":"https:\/\/api.w.org\/{rel}","templated":true}]}}