{"id":79952,"date":"2023-12-27T16:06:53","date_gmt":"2023-12-27T15:06:53","guid":{"rendered":"https:\/\/whisky.ad\/product\/jules-gautret-pineau-blanc\/"},"modified":"2023-12-27T16:06:53","modified_gmt":"2023-12-27T15:06:53","slug":"jules-gautret-pineau-blanc","status":"publish","type":"product","link":"https:\/\/whisky.ad\/es\/producto\/jules-gautret-pineau-blanc\/","title":{"rendered":"Jules Gautret Pineau Blanc"},"content":{"rendered":"","protected":false},"excerpt":{"rendered":"<p>Jules Gautret Pineau Blanc de Charentes es un vino blanco dulce envejecido y fortificado en barricas de roble de Limousin. Equilibrado y robusto, es agradable servido fr\u00edo como aperitivo o maridado con postres. Notas de sabor: Aspecto: Bonito color cobrizo anaranjado. Nariz: Aromas sutiles de frutas almibaradas como melocot\u00f3n, pera, albaricoque y ciruela. Boca: Una mezcla de frutas blancas y otros sabores deliciosos. Armon\u00eda general: Este pineau potente y equilibrado es refrescante a la vez que afrutado, dejando un largo final arom\u00e1tico;<\/p>\n","protected":false},"featured_media":79951,"comment_status":"open","ping_status":"closed","template":"","meta":{"_acf_changed":false},"product_brand":[],"product_cat":[340,556],"product_tag":[],"class_list":{"0":"post-79952","1":"product","2":"type-product","3":"status-publish","4":"has-post-thumbnail","6":"product_cat-cognac-armagnac-brandy-es","7":"product_cat-charentes-es","9":"first","10":"instock","11":"taxable","12":"shipping-taxable","13":"product-type-simple"},"acf":[],"aioseo_notices":[],"jetpack_sharing_enabled":true,"_links":{"self":[{"href":"https:\/\/whisky.ad\/es\/wp-json\/wp\/v2\/product\/79952","targetHints":{"allow":["GET"]}}],"collection":[{"href":"https:\/\/whisky.ad\/es\/wp-json\/wp\/v2\/product"}],"about":[{"href":"https:\/\/whisky.ad\/es\/wp-json\/wp\/v2\/types\/product"}],"replies":[{"embeddable":true,"href":"https:\/\/whisky.ad\/es\/wp-json\/wp\/v2\/comments?post=79952"}],"wp:featuredmedia":[{"embeddable":true,"href":"https:\/\/whisky.ad\/es\/wp-json\/wp\/v2\/media\/79951"}],"wp:attachment":[{"href":"https:\/\/whisky.ad\/es\/wp-json\/wp\/v2\/media?parent=79952"}],"wp:term":[{"taxonomy":"product_brand","embeddable":true,"href":"https:\/\/whisky.ad\/es\/wp-json\/wp\/v2\/product_brand?post=79952"},{"taxonomy":"product_cat","embeddable":true,"href":"https:\/\/whisky.ad\/es\/wp-json\/wp\/v2\/product_cat?post=79952"},{"taxonomy":"product_tag","embeddable":true,"href":"https:\/\/whisky.ad\/es\/wp-json\/wp\/v2\/product_tag?post=79952"}],"curies":[{"name":"wp","href":"https:\/\/api.w.org\/{rel}","templated":true}]}}