{"id":79931,"date":"2023-12-27T11:27:55","date_gmt":"2023-12-27T10:27:55","guid":{"rendered":"https:\/\/whisky.ad\/product\/jules-gautret-pineau-rouge\/"},"modified":"2023-12-27T11:27:55","modified_gmt":"2023-12-27T10:27:55","slug":"jules-gautret-pineau-rouge","status":"publish","type":"product","link":"https:\/\/whisky.ad\/es\/producto\/jules-gautret-pineau-rouge\/","title":{"rendered":"Jules Gautret Pineau Rouge"},"content":{"rendered":"","protected":false},"excerpt":{"rendered":"<p>Jules Gautret Pineau Rouge de Charentes es un vino tinto dulce fortificado envejecido en barricas de roble de Limousin. Poderoso y equilibrado, es agradable cuando se sirve fr\u00edo como aperitivo, pero tambi\u00e9n combina excelentemente con los postres. Nota de cata: Aspecto: Bonito color rub\u00ed. Nariz: Aromas sutiles de frutas maduras, cerezas negras y grosellas rojas. Boca: Rebosante de una mezcla de frutos rojos y otros sabores deliciosos. Armon\u00eda general: Este pineau robusto y afinado es refrescante y afrutado, con un final arom\u00e1tico persistente;<\/p>\n","protected":false},"featured_media":79939,"comment_status":"open","ping_status":"closed","template":"","meta":{"_acf_changed":false},"product_brand":[],"product_cat":[340,556],"product_tag":[],"class_list":{"0":"post-79931","1":"product","2":"type-product","3":"status-publish","4":"has-post-thumbnail","6":"product_cat-cognac-armagnac-brandy-es","7":"product_cat-charentes-es","9":"first","10":"instock","11":"taxable","12":"shipping-taxable","13":"product-type-simple"},"acf":[],"aioseo_notices":[],"jetpack_sharing_enabled":true,"_links":{"self":[{"href":"https:\/\/whisky.ad\/es\/wp-json\/wp\/v2\/product\/79931","targetHints":{"allow":["GET"]}}],"collection":[{"href":"https:\/\/whisky.ad\/es\/wp-json\/wp\/v2\/product"}],"about":[{"href":"https:\/\/whisky.ad\/es\/wp-json\/wp\/v2\/types\/product"}],"replies":[{"embeddable":true,"href":"https:\/\/whisky.ad\/es\/wp-json\/wp\/v2\/comments?post=79931"}],"wp:featuredmedia":[{"embeddable":true,"href":"https:\/\/whisky.ad\/es\/wp-json\/wp\/v2\/media\/79939"}],"wp:attachment":[{"href":"https:\/\/whisky.ad\/es\/wp-json\/wp\/v2\/media?parent=79931"}],"wp:term":[{"taxonomy":"product_brand","embeddable":true,"href":"https:\/\/whisky.ad\/es\/wp-json\/wp\/v2\/product_brand?post=79931"},{"taxonomy":"product_cat","embeddable":true,"href":"https:\/\/whisky.ad\/es\/wp-json\/wp\/v2\/product_cat?post=79931"},{"taxonomy":"product_tag","embeddable":true,"href":"https:\/\/whisky.ad\/es\/wp-json\/wp\/v2\/product_tag?post=79931"}],"curies":[{"name":"wp","href":"https:\/\/api.w.org\/{rel}","templated":true}]}}