{"id":79925,"date":"2023-12-27T11:21:47","date_gmt":"2023-12-27T10:21:47","guid":{"rendered":"https:\/\/whisky.ad\/product\/jules-gautret-pineau-vieux-des-charentes\/"},"modified":"2023-12-27T11:21:47","modified_gmt":"2023-12-27T10:21:47","slug":"jules-gautret-pineau-vieux-des-charentes","status":"publish","type":"product","link":"https:\/\/whisky.ad\/es\/producto\/jules-gautret-pineau-vieux-des-charentes\/","title":{"rendered":"Jules Gautret Pineau Vieux des Charentes"},"content":{"rendered":"","protected":false},"excerpt":{"rendered":"<p>&nbsp;<\/p>\n<p>&#8220;Jules Gautret Pineau Vieux&#8221; de Charentes es un vino blanco dulce fortificado envejecido durante 5 a\u00f1os en barricas de roble de Limousin. Notas de sabor: Aspecto: Presenta un tono cobrizo que recuerda al co\u00f1ac. Nariz: Presenta notas de frutos secos y rancio que evocan aromas de tabaco. Boca: Deliciosos sabores de ciruela y mermelada de albaricoque con un postgusto seductor, largo y especiado. Armon\u00eda general: Este pineau es un vino con cuerpo y muy expresivo&#8221;. \u00bfHay algo espec\u00edfico que le gustar\u00eda saber sobre \u00e9l o alg\u00fan otro detalle que le interese?<\/p>\n","protected":false},"featured_media":79947,"comment_status":"open","ping_status":"closed","template":"","meta":{"_acf_changed":false},"product_brand":[],"product_cat":[340,556],"product_tag":[],"class_list":{"0":"post-79925","1":"product","2":"type-product","3":"status-publish","4":"has-post-thumbnail","6":"product_cat-cognac-armagnac-brandy-es","7":"product_cat-charentes-es","9":"first","10":"instock","11":"taxable","12":"shipping-taxable","13":"product-type-simple"},"acf":[],"aioseo_notices":[],"jetpack_sharing_enabled":true,"_links":{"self":[{"href":"https:\/\/whisky.ad\/es\/wp-json\/wp\/v2\/product\/79925","targetHints":{"allow":["GET"]}}],"collection":[{"href":"https:\/\/whisky.ad\/es\/wp-json\/wp\/v2\/product"}],"about":[{"href":"https:\/\/whisky.ad\/es\/wp-json\/wp\/v2\/types\/product"}],"replies":[{"embeddable":true,"href":"https:\/\/whisky.ad\/es\/wp-json\/wp\/v2\/comments?post=79925"}],"wp:featuredmedia":[{"embeddable":true,"href":"https:\/\/whisky.ad\/es\/wp-json\/wp\/v2\/media\/79947"}],"wp:attachment":[{"href":"https:\/\/whisky.ad\/es\/wp-json\/wp\/v2\/media?parent=79925"}],"wp:term":[{"taxonomy":"product_brand","embeddable":true,"href":"https:\/\/whisky.ad\/es\/wp-json\/wp\/v2\/product_brand?post=79925"},{"taxonomy":"product_cat","embeddable":true,"href":"https:\/\/whisky.ad\/es\/wp-json\/wp\/v2\/product_cat?post=79925"},{"taxonomy":"product_tag","embeddable":true,"href":"https:\/\/whisky.ad\/es\/wp-json\/wp\/v2\/product_tag?post=79925"}],"curies":[{"name":"wp","href":"https:\/\/api.w.org\/{rel}","templated":true}]}}