{"id":79241,"date":"2018-11-13T09:48:26","date_gmt":"2018-11-13T08:48:26","guid":{"rendered":"https:\/\/whisky.ad\/product\/crafters-london-dry-gin-0-7l-43\/"},"modified":"2018-11-13T09:48:26","modified_gmt":"2018-11-13T08:48:26","slug":"crafters-london-dry-gin-0-7l-43","status":"publish","type":"product","link":"https:\/\/whisky.ad\/es\/producto\/crafters-london-dry-gin-0-7l-43\/","title":{"rendered":"Crafter&#8217;s London Dry Gin 0.7L. 43%"},"content":{"rendered":"","protected":false},"excerpt":{"rendered":"<p>Crafter&#8217;s london dry es una ginebra artesanal creada con el m\u00e9todo tradicional de destilaci\u00f3n en alambique. La columna vertebral de la receta es una variedad de plantas n\u00f3rdicas recogidas a mano en la campi\u00f1a estonia. La ver\u00f3nica y el hinojo predominan en un ramillete de aromas picantes que redondean un sabor fresco y equilibrado. Crafter&#8217;s se sirve mejor con una t\u00f3nica de calidad y una ramita fresca de romero.    <\/p>\n","protected":false},"featured_media":77444,"comment_status":"open","ping_status":"closed","template":"","meta":{"_acf_changed":false},"product_brand":[],"product_cat":[345,414],"product_tag":[492],"class_list":{"0":"post-79241","1":"product","2":"type-product","3":"status-publish","4":"has-post-thumbnail","6":"product_cat-bebidas-acoholicas-es","7":"product_cat-ginebra","8":"product_tag-estonia-es","10":"first","11":"instock","12":"taxable","13":"shipping-taxable","14":"purchasable","15":"product-type-simple"},"acf":[],"aioseo_notices":[],"jetpack_sharing_enabled":true,"_links":{"self":[{"href":"https:\/\/whisky.ad\/es\/wp-json\/wp\/v2\/product\/79241","targetHints":{"allow":["GET"]}}],"collection":[{"href":"https:\/\/whisky.ad\/es\/wp-json\/wp\/v2\/product"}],"about":[{"href":"https:\/\/whisky.ad\/es\/wp-json\/wp\/v2\/types\/product"}],"replies":[{"embeddable":true,"href":"https:\/\/whisky.ad\/es\/wp-json\/wp\/v2\/comments?post=79241"}],"wp:featuredmedia":[{"embeddable":true,"href":"https:\/\/whisky.ad\/es\/wp-json\/wp\/v2\/media\/77444"}],"wp:attachment":[{"href":"https:\/\/whisky.ad\/es\/wp-json\/wp\/v2\/media?parent=79241"}],"wp:term":[{"taxonomy":"product_brand","embeddable":true,"href":"https:\/\/whisky.ad\/es\/wp-json\/wp\/v2\/product_brand?post=79241"},{"taxonomy":"product_cat","embeddable":true,"href":"https:\/\/whisky.ad\/es\/wp-json\/wp\/v2\/product_cat?post=79241"},{"taxonomy":"product_tag","embeddable":true,"href":"https:\/\/whisky.ad\/es\/wp-json\/wp\/v2\/product_tag?post=79241"}],"curies":[{"name":"wp","href":"https:\/\/api.w.org\/{rel}","templated":true}]}}