{"id":79235,"date":"2018-11-18T17:26:16","date_gmt":"2018-11-18T16:26:16","guid":{"rendered":"https:\/\/whisky.ad\/product\/mackmyra-motorhead-whisky-700ml-40-vol\/"},"modified":"2018-11-18T17:26:16","modified_gmt":"2018-11-18T16:26:16","slug":"mackmyra-motorhead-whisky-700ml-40-vol","status":"publish","type":"product","link":"https:\/\/whisky.ad\/es\/producto\/mackmyra-motorhead-whisky-700ml-40-vol\/","title":{"rendered":"MACKMYRA MOT\u00d6RHEAD WHISKY (700ml 40% vol.)"},"content":{"rendered":"","protected":false},"excerpt":{"rendered":"<h5>The worlds loudest band release worlds probably most requested whisky.<\/h5>\n<p>A estas alturas todo el mundo sabe que Mot\u00f6rhead sigue su propio camino y hace las cosas a su manera. Para celebrar 40 a\u00f1os de aplastamiento de t\u00edmpanos, Mot\u00f6rhead Whiskey se lanza ahora en colaboraci\u00f3n con el socio de bebidas Brands For Fans y la galardonada destiler\u00eda sueca Mackmyra. La actitud intransigente que caracteriza la m\u00fasica de la banda tambi\u00e9n es obvia en Mot\u00f6rhead Whisky: con influencias de bourbon al principio, es un whisky alerta y vital, casi engre\u00eddo, perfectamente equilibrado con un agradable caramelo y notas t\u00edpicas de vainilla del roble americano. La banda ha desempe\u00f1ado un papel activo tanto en la elecci\u00f3n de barricas como de mezclas para poner su nombre en la etiqueta. Con Mot\u00f6rhead Whiskey, la banda ha realizado dos grandes lanzamientos a la vez desde que el nuevo \u00e1lbum \u201cBad Magic\u201d se lanz\u00f3 a principios de este verano y encabez\u00f3 las listas en varios pa\u00edses. Lemmy Kilminster, legendario l\u00edder, fundador, vocalista y bajista de Mot\u00f6rheads, dice: <em>\u201cLa vida es menos dolorosa con Mot\u00f6rhead Whisky. Puedo considerar tomar un sorbo de vez en cuando\u201d<\/em>. Mikkey Dee, baterista de Mot\u00f6rhead: <\/p>\n<p> <em>\u201cCreemos que es muy divertido lanzar un whisky en colaboraci\u00f3n con una destiler\u00eda sueca de fama mundial, Mackmyra. El whisky es incre\u00edblemente bueno, con mucho car\u00e1cter y totalmente aromatizado con un magn\u00edfico toque de bourbon, ya que ha sido envejecido en barricas de bourbon. Todos nosotros en la banda hemos estado activos en el proceso de producci\u00f3n y estamos muy orgullosos del resultado, y estamos felices de lanzar ahora un whisky tan fant\u00e1stico y caracter\u00edstico, al estilo Mot\u00f6rhead\u201d.<\/em><\/p>\n<h5>Sobre el whisky Mot\u00f6rhead<\/h5>\n<p>El primer lote de whisky Mot\u00f6rhead es un whisky sueco de pura malta de edici\u00f3n limitada con car\u00e1cter a roble y ligeramente afrutado, caracterizado por una crianza de cinco a\u00f1os en barricas nuevas de roble americano, donde partes del whisky han recibido un toque final de barricas de roble oloroso los \u00faltimos seis meses. . El grado alcoh\u00f3lico es del 40% y el whisky se filtra en fr\u00edo, por lo que no debe aparecer turbiedad en la botella ni en el vaso si el whisky se sirve a una temperatura m\u00e1s baja. En resumen, se trata de un whisky de malta sueco agradable, f\u00e1cil de beber, con sabor a roble y especiado.<\/p>\n<p><strong>Angela D&#8217;Orazio, Master Blender \/ CNO, directora de nariz explica:<\/strong><\/p>\n<p><em>\u201c\u00a1Estas maravillosas barricas de roble! A menudo me encuentro con excelentes barriles de whisky en la mina, y aqu\u00ed tenemos un mont\u00f3n de excelentes barricas nuevas de roble americano que han madurado cinco a\u00f1os completos. A los chicos les hablamos de hacer un whisky de malta sueco con influencias gustativas del Bourbon, y ah\u00ed estaba esper\u00e1ndonos. Para darle un toque de algo m\u00e1s, agregamos una peque\u00f1a porci\u00f3n de whisky durante seis meses terminando en barricas de roble oloroso\u201d.<\/em><\/p>\n","protected":false},"featured_media":71028,"comment_status":"open","ping_status":"closed","template":"","meta":{"_acf_changed":false},"product_brand":[],"product_cat":[354,458,522],"product_tag":[547,550,551],"class_list":{"0":"post-79235","1":"product","2":"type-product","3":"status-publish","4":"has-post-thumbnail","6":"product_cat-whisky-by-brand","7":"product_cat-mackmyra-es","8":"product_cat-sweden-es","9":"product_tag-swedish-es","10":"product_tag-mackmyra-es","11":"product_tag-single-malt-es","13":"first","14":"outofstock","15":"taxable","16":"shipping-taxable","17":"purchasable","18":"product-type-simple"},"acf":[],"aioseo_notices":[],"jetpack_sharing_enabled":true,"_links":{"self":[{"href":"https:\/\/whisky.ad\/es\/wp-json\/wp\/v2\/product\/79235","targetHints":{"allow":["GET"]}}],"collection":[{"href":"https:\/\/whisky.ad\/es\/wp-json\/wp\/v2\/product"}],"about":[{"href":"https:\/\/whisky.ad\/es\/wp-json\/wp\/v2\/types\/product"}],"replies":[{"embeddable":true,"href":"https:\/\/whisky.ad\/es\/wp-json\/wp\/v2\/comments?post=79235"}],"wp:featuredmedia":[{"embeddable":true,"href":"https:\/\/whisky.ad\/es\/wp-json\/wp\/v2\/media\/71028"}],"wp:attachment":[{"href":"https:\/\/whisky.ad\/es\/wp-json\/wp\/v2\/media?parent=79235"}],"wp:term":[{"taxonomy":"product_brand","embeddable":true,"href":"https:\/\/whisky.ad\/es\/wp-json\/wp\/v2\/product_brand?post=79235"},{"taxonomy":"product_cat","embeddable":true,"href":"https:\/\/whisky.ad\/es\/wp-json\/wp\/v2\/product_cat?post=79235"},{"taxonomy":"product_tag","embeddable":true,"href":"https:\/\/whisky.ad\/es\/wp-json\/wp\/v2\/product_tag?post=79235"}],"curies":[{"name":"wp","href":"https:\/\/api.w.org\/{rel}","templated":true}]}}