{"id":79232,"date":"2018-11-13T11:25:41","date_gmt":"2018-11-13T10:25:41","guid":{"rendered":"https:\/\/whisky.ad\/product\/znaps-of-sweden-vodka-pure-lake-gateway-0-7l-375\/"},"modified":"2018-11-13T11:25:41","modified_gmt":"2018-11-13T10:25:41","slug":"znaps-of-sweden-vodka-pure-lake-gateway-0-7l-375","status":"publish","type":"product","link":"https:\/\/whisky.ad\/es\/producto\/znaps-of-sweden-vodka-pure-lake-gateway-0-7l-375\/","title":{"rendered":"Znaps of Sweden Vodka Pure Lake Gateway 0.7l. 37,5%"},"content":{"rendered":"","protected":false},"excerpt":{"rendered":"<p>Znaps Pure Lake Gateway Vodka es un producto sueco de alta calidad elaborado a partir de trigo de invierno y destilado mediante el m\u00e9todo de destilaci\u00f3n continua de m\u00faltiples columnas. El agua de una cresta de dos millones de a\u00f1os de antig\u00fcedad que tom\u00f3 su forma final durante la \u00faltima edad de hielo se filtra naturalmente a trav\u00e9s de finas rocas y arena para mineralizarla y suavizarla perfectamente antes de mezclarse. &#8220;Siempre me cuesta mantener las cosas en perspectiva. \u00bfQu\u00e9 es importante y qu\u00e9 no? Por ejemplo, acabo de ir al banco y ped\u00ed una hipoteca de un mill\u00f3n y medio para comprar un apartamento. Y ahora estoy parado en el supermercado pregunt\u00e1ndome si vale la pena pagar un poco m\u00e1s por una mermelada de naranja gruesa y con una etiqueta elegante&#8230; Un mill\u00f3n y medio, y estoy jugueteando con un tarro de mermelada en la mano. \u00bfD\u00f3nde est\u00e1 la l\u00f3gica en eso? &#8211; no hay ninguno.&#8221; <\/p>\n","protected":false},"featured_media":77411,"comment_status":"open","ping_status":"closed","template":"","meta":{"_acf_changed":false},"product_brand":[],"product_cat":[345,419],"product_tag":[],"class_list":{"0":"post-79232","1":"product","2":"type-product","3":"status-publish","4":"has-post-thumbnail","6":"product_cat-bebidas-acoholicas-es","7":"product_cat-vodka-es","9":"first","10":"instock","11":"taxable","12":"shipping-taxable","13":"purchasable","14":"product-type-simple"},"acf":[],"aioseo_notices":[],"jetpack_sharing_enabled":true,"_links":{"self":[{"href":"https:\/\/whisky.ad\/es\/wp-json\/wp\/v2\/product\/79232","targetHints":{"allow":["GET"]}}],"collection":[{"href":"https:\/\/whisky.ad\/es\/wp-json\/wp\/v2\/product"}],"about":[{"href":"https:\/\/whisky.ad\/es\/wp-json\/wp\/v2\/types\/product"}],"replies":[{"embeddable":true,"href":"https:\/\/whisky.ad\/es\/wp-json\/wp\/v2\/comments?post=79232"}],"wp:featuredmedia":[{"embeddable":true,"href":"https:\/\/whisky.ad\/es\/wp-json\/wp\/v2\/media\/77411"}],"wp:attachment":[{"href":"https:\/\/whisky.ad\/es\/wp-json\/wp\/v2\/media?parent=79232"}],"wp:term":[{"taxonomy":"product_brand","embeddable":true,"href":"https:\/\/whisky.ad\/es\/wp-json\/wp\/v2\/product_brand?post=79232"},{"taxonomy":"product_cat","embeddable":true,"href":"https:\/\/whisky.ad\/es\/wp-json\/wp\/v2\/product_cat?post=79232"},{"taxonomy":"product_tag","embeddable":true,"href":"https:\/\/whisky.ad\/es\/wp-json\/wp\/v2\/product_tag?post=79232"}],"curies":[{"name":"wp","href":"https:\/\/api.w.org\/{rel}","templated":true}]}}