{"id":79229,"date":"2018-11-13T11:27:37","date_gmt":"2018-11-13T10:27:37","guid":{"rendered":"https:\/\/whisky.ad\/product\/znaps-of-sweden-vodka-norfolk-brink-rhubarb-pear-gooseberry-0-7l-375\/"},"modified":"2018-11-13T11:27:37","modified_gmt":"2018-11-13T10:27:37","slug":"znaps-of-sweden-vodka-norfolk-brink-rhubarb-pear-gooseberry-0-7l-375","status":"publish","type":"product","link":"https:\/\/whisky.ad\/es\/producto\/znaps-of-sweden-vodka-norfolk-brink-rhubarb-pear-gooseberry-0-7l-375\/","title":{"rendered":"Znaps of Sweden Vodka Norfolk Brink-Rhubarb, Pear &amp; Gooseberry 0.7l. 37,5%"},"content":{"rendered":"<p>Sabor natural: ruibarbo, pera y grosella espinosa Znaps Norfolk Brink Vodka es un producto sueco de alta calidad elaborado a partir de trigo de invierno y destilado mediante un m\u00e9todo de destilaci\u00f3n continua de m\u00faltiples columnas. El agua de una cresta de dos millones de a\u00f1os de antig\u00fcedad que tom\u00f3 su forma final durante la \u00faltima edad de hielo se filtra naturalmente a trav\u00e9s de finas rocas y arena para mineralizarla y suavizarla perfectamente antes de mezclarse. &#8220;Vivir una vida sencilla. Paso uno: dejar de complicarlo. Paso dos: descorazonarse. \u00bfCon qu\u00e9 frecuencia eso estuvo mal? \u00bfY con qu\u00e9 frecuencia has sentido algo y has hecho todo lo contrario, s\u00f3lo para darte cuenta m\u00e1s tarde de que deber\u00edas haberlo hecho? \u00bfSeguiste tu sentimiento inicial?<\/p>\n","protected":false},"excerpt":{"rendered":"<p>Sabor natural: ruibarbo, pera y grosella espinosa Znaps Norfolk Brink Vodka es un producto sueco de alta calidad elaborado a partir de trigo de invierno y destilado mediante un m\u00e9todo de destilaci\u00f3n continua de m\u00faltiples columnas. El agua de una cresta de dos millones de a\u00f1os de antig\u00fcedad que tom\u00f3 su forma final durante la [&hellip;]<\/p>\n","protected":false},"featured_media":77426,"comment_status":"open","ping_status":"closed","template":"","meta":{"_acf_changed":false},"product_brand":[],"product_cat":[345,419],"product_tag":[],"class_list":{"0":"post-79229","1":"product","2":"type-product","3":"status-publish","4":"has-post-thumbnail","6":"product_cat-bebidas-acoholicas-es","7":"product_cat-vodka-es","9":"first","10":"instock","11":"taxable","12":"shipping-taxable","13":"purchasable","14":"product-type-simple"},"acf":[],"aioseo_notices":[],"jetpack_sharing_enabled":true,"_links":{"self":[{"href":"https:\/\/whisky.ad\/es\/wp-json\/wp\/v2\/product\/79229","targetHints":{"allow":["GET"]}}],"collection":[{"href":"https:\/\/whisky.ad\/es\/wp-json\/wp\/v2\/product"}],"about":[{"href":"https:\/\/whisky.ad\/es\/wp-json\/wp\/v2\/types\/product"}],"replies":[{"embeddable":true,"href":"https:\/\/whisky.ad\/es\/wp-json\/wp\/v2\/comments?post=79229"}],"wp:featuredmedia":[{"embeddable":true,"href":"https:\/\/whisky.ad\/es\/wp-json\/wp\/v2\/media\/77426"}],"wp:attachment":[{"href":"https:\/\/whisky.ad\/es\/wp-json\/wp\/v2\/media?parent=79229"}],"wp:term":[{"taxonomy":"product_brand","embeddable":true,"href":"https:\/\/whisky.ad\/es\/wp-json\/wp\/v2\/product_brand?post=79229"},{"taxonomy":"product_cat","embeddable":true,"href":"https:\/\/whisky.ad\/es\/wp-json\/wp\/v2\/product_cat?post=79229"},{"taxonomy":"product_tag","embeddable":true,"href":"https:\/\/whisky.ad\/es\/wp-json\/wp\/v2\/product_tag?post=79229"}],"curies":[{"name":"wp","href":"https:\/\/api.w.org\/{rel}","templated":true}]}}