{"id":79226,"date":"2018-11-13T11:15:34","date_gmt":"2018-11-13T10:15:34","guid":{"rendered":"https:\/\/whisky.ad\/product\/znaps-of-sweden-vodka-forest-tale-blackberry-blueberry-0-7l-375\/"},"modified":"2018-11-13T11:15:34","modified_gmt":"2018-11-13T10:15:34","slug":"znaps-of-sweden-vodka-forest-tale-blackberry-blueberry-0-7l-375","status":"publish","type":"product","link":"https:\/\/whisky.ad\/es\/producto\/znaps-of-sweden-vodka-forest-tale-blackberry-blueberry-0-7l-375\/","title":{"rendered":"Znaps of Sweden Vodka Forest Tale-Blackberry &amp; blueberry 0.7l. 37,5%"},"content":{"rendered":"","protected":false},"excerpt":{"rendered":"<p>Sabor natural: mora y ar\u00e1ndano Znaps Forest Tale Vodka es un producto sueco de alta calidad a partir de trigo de invierno y destilado mediante un m\u00e9todo de destilaci\u00f3n continua de m\u00faltiples columnas. El agua de una cresta de dos millones de a\u00f1os de antig\u00fcedad que tom\u00f3 su forma final durante la \u00faltima edad de hielo se filtra naturalmente a trav\u00e9s de finas rocas y arena para mineralizarla y suavizarla perfectamente antes de mezclarse. &#8220;A mi vecina le encanta recoger ar\u00e1ndanos en verano, a cubos. Siempre viene a traerme algunos. Mi vecina es una hija de la naturaleza, no una persona de ciudad como yo. Tomo caf\u00e9 en un vaso de cart\u00f3n mientras camino por la calle, visito Voy a la farmacia despu\u00e9s de medianoche y mi cabello siempre est\u00e1 perfecto. Mi vecina quiere que me acerque a la naturaleza. Por qu\u00e9, me pregunto, cuando se trata de m\u00ed, en un cubo&#8221;.<\/p>\n","protected":false},"featured_media":77408,"comment_status":"open","ping_status":"closed","template":"","meta":{"_acf_changed":false},"product_brand":[],"product_cat":[345,419],"product_tag":[],"class_list":{"0":"post-79226","1":"product","2":"type-product","3":"status-publish","4":"has-post-thumbnail","6":"product_cat-bebidas-acoholicas-es","7":"product_cat-vodka-es","9":"first","10":"instock","11":"taxable","12":"shipping-taxable","13":"purchasable","14":"product-type-simple"},"acf":[],"aioseo_notices":[],"jetpack_sharing_enabled":true,"_links":{"self":[{"href":"https:\/\/whisky.ad\/es\/wp-json\/wp\/v2\/product\/79226","targetHints":{"allow":["GET"]}}],"collection":[{"href":"https:\/\/whisky.ad\/es\/wp-json\/wp\/v2\/product"}],"about":[{"href":"https:\/\/whisky.ad\/es\/wp-json\/wp\/v2\/types\/product"}],"replies":[{"embeddable":true,"href":"https:\/\/whisky.ad\/es\/wp-json\/wp\/v2\/comments?post=79226"}],"wp:featuredmedia":[{"embeddable":true,"href":"https:\/\/whisky.ad\/es\/wp-json\/wp\/v2\/media\/77408"}],"wp:attachment":[{"href":"https:\/\/whisky.ad\/es\/wp-json\/wp\/v2\/media?parent=79226"}],"wp:term":[{"taxonomy":"product_brand","embeddable":true,"href":"https:\/\/whisky.ad\/es\/wp-json\/wp\/v2\/product_brand?post=79226"},{"taxonomy":"product_cat","embeddable":true,"href":"https:\/\/whisky.ad\/es\/wp-json\/wp\/v2\/product_cat?post=79226"},{"taxonomy":"product_tag","embeddable":true,"href":"https:\/\/whisky.ad\/es\/wp-json\/wp\/v2\/product_tag?post=79226"}],"curies":[{"name":"wp","href":"https:\/\/api.w.org\/{rel}","templated":true}]}}