{"id":79223,"date":"2018-11-13T10:43:23","date_gmt":"2018-11-13T09:43:23","guid":{"rendered":"https:\/\/whisky.ad\/product\/znaps-of-sweden-ultra-premium-gin-0-7l-40\/"},"modified":"2018-11-13T10:43:23","modified_gmt":"2018-11-13T09:43:23","slug":"znaps-of-sweden-ultra-premium-gin-0-7l-40","status":"publish","type":"product","link":"https:\/\/whisky.ad\/es\/producto\/znaps-of-sweden-ultra-premium-gin-0-7l-40\/","title":{"rendered":"Znaps of Sweden Ultra Premium Gin 0.7L. 40%"},"content":{"rendered":"","protected":false},"excerpt":{"rendered":"<p>Elaborada en Suecia, esta ginebra incorpora ingredientes bot\u00e1nicos tradicionales de la ginebra junto con un toque de naranja amarga, lo que le da un toque \u00fanico. Se mezcla h\u00e1bilmente con la misma agua sueca excepcional que define todas nuestras ofertas. Nuestro compromiso con la calidad es evidente en su producci\u00f3n en peque\u00f1os lotes, asegurando los mejores resultados.  <\/p>\n","protected":false},"featured_media":75758,"comment_status":"open","ping_status":"closed","template":"","meta":{"_acf_changed":false},"product_brand":[],"product_cat":[345,414],"product_tag":[547],"class_list":{"0":"post-79223","1":"product","2":"type-product","3":"status-publish","4":"has-post-thumbnail","6":"product_cat-bebidas-acoholicas-es","7":"product_cat-ginebra","8":"product_tag-swedish-es","10":"first","11":"instock","12":"taxable","13":"shipping-taxable","14":"purchasable","15":"product-type-simple"},"acf":[],"aioseo_notices":[],"jetpack_sharing_enabled":true,"_links":{"self":[{"href":"https:\/\/whisky.ad\/es\/wp-json\/wp\/v2\/product\/79223","targetHints":{"allow":["GET"]}}],"collection":[{"href":"https:\/\/whisky.ad\/es\/wp-json\/wp\/v2\/product"}],"about":[{"href":"https:\/\/whisky.ad\/es\/wp-json\/wp\/v2\/types\/product"}],"replies":[{"embeddable":true,"href":"https:\/\/whisky.ad\/es\/wp-json\/wp\/v2\/comments?post=79223"}],"wp:featuredmedia":[{"embeddable":true,"href":"https:\/\/whisky.ad\/es\/wp-json\/wp\/v2\/media\/75758"}],"wp:attachment":[{"href":"https:\/\/whisky.ad\/es\/wp-json\/wp\/v2\/media?parent=79223"}],"wp:term":[{"taxonomy":"product_brand","embeddable":true,"href":"https:\/\/whisky.ad\/es\/wp-json\/wp\/v2\/product_brand?post=79223"},{"taxonomy":"product_cat","embeddable":true,"href":"https:\/\/whisky.ad\/es\/wp-json\/wp\/v2\/product_cat?post=79223"},{"taxonomy":"product_tag","embeddable":true,"href":"https:\/\/whisky.ad\/es\/wp-json\/wp\/v2\/product_tag?post=79223"}],"curies":[{"name":"wp","href":"https:\/\/api.w.org\/{rel}","templated":true}]}}