{"id":79220,"date":"2023-08-05T11:14:42","date_gmt":"2023-08-05T10:14:42","guid":{"rendered":"https:\/\/whisky.ad\/product\/worthy-park-single-estate-reser-0-7l-45\/"},"modified":"2023-08-05T11:14:42","modified_gmt":"2023-08-05T10:14:42","slug":"worthy-park-single-estate-reser-0-7l-45","status":"publish","type":"product","link":"https:\/\/whisky.ad\/es\/producto\/worthy-park-single-estate-reser-0-7l-45\/","title":{"rendered":"Worthy Park Single Estate Reser. 0.7l 45%"},"content":{"rendered":"","protected":false},"excerpt":{"rendered":"<div class=\"flex flex-grow flex-col gap-3\">\n<div class=\"min-h-[20px] flex flex-col items-start gap-3 overflow-x-auto whitespace-pre-wrap break-words\">\n<div class=\"markdown prose w-full break-words dark:prose-invert light\">\n<p>Worthy Park Single Estate Reserve es un ron jamaicano prestigioso y muy solicitado que muestra la excepcional artesan\u00eda y dedicaci\u00f3n de Worthy Park Estate. Como sugiere el nombre, este ron es un testimonio del compromiso de la finca de producir un licor elaborado \u00edntegramente en su propia propiedad, desde el cultivo de la ca\u00f1a de az\u00facar hasta el embotellado final. Este lanzamiento de edici\u00f3n limitada es una mezcla de rones a\u00f1ejos cuidadosamente seleccionados, destilados utilizando alambiques de cobre tradicionales. El proceso de a\u00f1ejamiento se lleva a cabo en barricas de roble, lo que permite que el ron desarrolle su car\u00e1cter y complejidad \u00fanicos con el tiempo. Cada lote es monitoreado meticulosamente por el Master Blender para garantizar la m\u00e1xima calidad y consistencia. La nariz de Worthy Park Single Estate Reserve es una deliciosa revelaci\u00f3n de frutas tropicales, que incluyen notas de pl\u00e1tanos maduros, mangos y toques c\u00edtricos. Al tomar un sorbo, la textura aterciopelada abraza tu paladar, revelando un perfil de sabor rico y multifac\u00e9tico. Espere una mezcla armoniosa de frutas tropicales, roble tostado y especias c\u00e1lidas, acentuada por un sutil toque de sabor terroso caracter\u00edstico de los aut\u00e9nticos rones jamaicanos. El cuerpo medio a completo del ron se complementa con un dulzor bien equilibrado, con sabores de caramelo, vainilla y un toque de melaza. El final es largo y satisfactorio, dej\u00e1ndote con impresiones persistentes de fruta tropical y la suave calidez del roble a\u00f1ejo. Worthy Park Single Estate Reserve se disfruta mejor solo o con unos cubitos de hielo para apreciar plenamente sus intrincados sabores. Como ron de propiedad \u00fanica, ofrece una representaci\u00f3n genuina del terru\u00f1o, la historia y la dedicaci\u00f3n de Worthy Park Estate para producir algunos de los mejores rones del mundo. Para los aficionados y coleccionistas, Worthy Park Single Estate Reserve es una verdadera joya, que muestra el pin\u00e1culo de la experiencia en la elaboraci\u00f3n de ron jamaicano y ejemplifica la rica herencia del licor ic\u00f3nico del Caribe. <\/p>\n<\/div>\n<\/div>\n<\/div>\n","protected":false},"featured_media":77024,"comment_status":"open","ping_status":"closed","template":"","meta":{"_acf_changed":false},"product_brand":[],"product_cat":[384,366],"product_tag":[],"class_list":{"0":"post-79220","1":"product","2":"type-product","3":"status-publish","4":"has-post-thumbnail","6":"product_cat-jamaica-es","7":"product_cat-ron","9":"first","10":"instock","11":"taxable","12":"shipping-taxable","13":"purchasable","14":"product-type-simple"},"acf":[],"aioseo_notices":[],"jetpack_sharing_enabled":true,"_links":{"self":[{"href":"https:\/\/whisky.ad\/es\/wp-json\/wp\/v2\/product\/79220","targetHints":{"allow":["GET"]}}],"collection":[{"href":"https:\/\/whisky.ad\/es\/wp-json\/wp\/v2\/product"}],"about":[{"href":"https:\/\/whisky.ad\/es\/wp-json\/wp\/v2\/types\/product"}],"replies":[{"embeddable":true,"href":"https:\/\/whisky.ad\/es\/wp-json\/wp\/v2\/comments?post=79220"}],"wp:featuredmedia":[{"embeddable":true,"href":"https:\/\/whisky.ad\/es\/wp-json\/wp\/v2\/media\/77024"}],"wp:attachment":[{"href":"https:\/\/whisky.ad\/es\/wp-json\/wp\/v2\/media?parent=79220"}],"wp:term":[{"taxonomy":"product_brand","embeddable":true,"href":"https:\/\/whisky.ad\/es\/wp-json\/wp\/v2\/product_brand?post=79220"},{"taxonomy":"product_cat","embeddable":true,"href":"https:\/\/whisky.ad\/es\/wp-json\/wp\/v2\/product_cat?post=79220"},{"taxonomy":"product_tag","embeddable":true,"href":"https:\/\/whisky.ad\/es\/wp-json\/wp\/v2\/product_tag?post=79220"}],"curies":[{"name":"wp","href":"https:\/\/api.w.org\/{rel}","templated":true}]}}