{"id":79217,"date":"2023-08-28T09:53:37","date_gmt":"2023-08-28T08:53:37","guid":{"rendered":"https:\/\/whisky.ad\/product\/worthy-park-single-estate-12yo-0-7l-56\/"},"modified":"2023-12-13T17:30:48","modified_gmt":"2023-12-13T16:30:48","slug":"worthy-park-single-estate-12yo-0-7l-56","status":"publish","type":"product","link":"https:\/\/whisky.ad\/es\/producto\/worthy-park-single-estate-12yo-0-7l-56\/","title":{"rendered":"Worthy Park Single Estate 12YO 0.7l 56%"},"content":{"rendered":"","protected":false},"excerpt":{"rendered":"<p>El ron jamaicano Worthy Park se presenta como una verdadera creaci\u00f3n de una sola finca. Elaborado a partir de melaza, el proceso de destilaci\u00f3n se realiza exclusivamente en alambiques de cobre. La crianza se realiza en barricas viejas de roble americano, durante un periodo de 6 a 10 a\u00f1os. Presentado crudo del barril, este ron mantiene su integridad sin az\u00facares a\u00f1adidos, colorantes ni filtraci\u00f3n en fr\u00edo. Perfil de cata: Aspecto: Tonalidad dorada profunda y brillante. Aroma: Emana aromas que recuerdan a un pl\u00e1tano partido, con notas de pl\u00e1tano, helado de vainilla y un toque de chocolate, entrelazados con matices verdes. Sabor: Introduce un amargor amaderado acompa\u00f1ado de sutiles matices de caucho ligeramente carbonizado, complementados con notas de frutas ex\u00f3ticas. Final: Presenta notable longevidad en boca.   <\/p>\n","protected":false},"featured_media":77234,"comment_status":"open","ping_status":"closed","template":"","meta":{"_acf_changed":false},"product_brand":[],"product_cat":[366,384],"product_tag":[],"class_list":{"0":"post-79217","1":"product","2":"type-product","3":"status-publish","4":"has-post-thumbnail","6":"product_cat-ron","7":"product_cat-jamaica-es","9":"first","10":"outofstock","11":"taxable","12":"shipping-taxable","13":"product-type-simple"},"acf":[],"aioseo_notices":[],"jetpack_sharing_enabled":true,"_links":{"self":[{"href":"https:\/\/whisky.ad\/es\/wp-json\/wp\/v2\/product\/79217","targetHints":{"allow":["GET"]}}],"collection":[{"href":"https:\/\/whisky.ad\/es\/wp-json\/wp\/v2\/product"}],"about":[{"href":"https:\/\/whisky.ad\/es\/wp-json\/wp\/v2\/types\/product"}],"replies":[{"embeddable":true,"href":"https:\/\/whisky.ad\/es\/wp-json\/wp\/v2\/comments?post=79217"}],"wp:featuredmedia":[{"embeddable":true,"href":"https:\/\/whisky.ad\/es\/wp-json\/wp\/v2\/media\/77234"}],"wp:attachment":[{"href":"https:\/\/whisky.ad\/es\/wp-json\/wp\/v2\/media?parent=79217"}],"wp:term":[{"taxonomy":"product_brand","embeddable":true,"href":"https:\/\/whisky.ad\/es\/wp-json\/wp\/v2\/product_brand?post=79217"},{"taxonomy":"product_cat","embeddable":true,"href":"https:\/\/whisky.ad\/es\/wp-json\/wp\/v2\/product_cat?post=79217"},{"taxonomy":"product_tag","embeddable":true,"href":"https:\/\/whisky.ad\/es\/wp-json\/wp\/v2\/product_tag?post=79217"}],"curies":[{"name":"wp","href":"https:\/\/api.w.org\/{rel}","templated":true}]}}