{"id":79214,"date":"2023-08-28T10:21:28","date_gmt":"2023-08-28T09:21:28","guid":{"rendered":"https:\/\/whisky.ad\/product\/worthy-park-select-0-7l-40\/"},"modified":"2023-08-28T10:21:28","modified_gmt":"2023-08-28T09:21:28","slug":"worthy-park-select-0-7l-40","status":"publish","type":"product","link":"https:\/\/whisky.ad\/es\/producto\/worthy-park-select-0-7l-40\/","title":{"rendered":"Worthy Park Select 0.7l 40%"},"content":{"rendered":"","protected":false},"excerpt":{"rendered":"<div class=\"flex flex-grow flex-col gap-3 max-w-full\">\n<div class=\"min-h-[20px] flex flex-col items-start gap-3 overflow-x-auto whitespace-pre-wrap break-words\">\n<div class=\"markdown prose w-full break-words dark:prose-invert light\">\n<p>Elaborado bajo propiedad jamaicana y producido dentro del paisaje jamaicano, el ron jamaicano Worthy Park SELECT es una representaci\u00f3n aut\u00e9ntica. Este ron se destila meticulosamente utilizando alambiques 100 % de cobre y posee un per\u00edodo de a\u00f1ejamiento moderado, lo que da como resultado una fusi\u00f3n armoniosa de rones a\u00f1ejados durante 4 a 12 a\u00f1os, que culmina en una mezcla de cuerpo medio. Cada uno de nuestros rones se madura en barricas de ex-bourbon de roble blanco americano que alguna vez se utilizaron, todo ello realizado en las instalaciones de nuestra destiler\u00eda. La combinaci\u00f3n de nuestra selecci\u00f3n de rones, a\u00f1ejados dentro del espectro de 4 a 12 a\u00f1os, produce un car\u00e1cter distintivo que rinde homenaje al vigor y la determinaci\u00f3n de nuestra resiliente comunidad. Worthy Park resume y venera la cultura y el carisma incomparables de la poblaci\u00f3n de Jamaica, que genera admiraci\u00f3n a escala mundial. Perfil de degustaci\u00f3n: El aroma es aterciopelado y suave, ofrece notas de vainilla acompa\u00f1adas de sutiles rastros de canela, frutas tropicales, pl\u00e1tano y naranja. En el paladar, experimente el delicado dulzor de la melaza, acompa\u00f1ado de un delicado toque de melocot\u00f3n y chocolate. A esto le sigue el placer de los sabores cremosos de caramelo y toffe, elegantemente combinados con matices de roble.vv  <\/p>\n<\/div>\n<\/div>\n<\/div>\n","protected":false},"featured_media":77264,"comment_status":"open","ping_status":"closed","template":"","meta":{"_acf_changed":false},"product_brand":[],"product_cat":[366,384],"product_tag":[],"class_list":{"0":"post-79214","1":"product","2":"type-product","3":"status-publish","4":"has-post-thumbnail","6":"product_cat-ron","7":"product_cat-jamaica-es","9":"first","10":"outofstock","11":"taxable","12":"shipping-taxable","13":"product-type-simple"},"acf":[],"aioseo_notices":[],"jetpack_sharing_enabled":true,"_links":{"self":[{"href":"https:\/\/whisky.ad\/es\/wp-json\/wp\/v2\/product\/79214","targetHints":{"allow":["GET"]}}],"collection":[{"href":"https:\/\/whisky.ad\/es\/wp-json\/wp\/v2\/product"}],"about":[{"href":"https:\/\/whisky.ad\/es\/wp-json\/wp\/v2\/types\/product"}],"replies":[{"embeddable":true,"href":"https:\/\/whisky.ad\/es\/wp-json\/wp\/v2\/comments?post=79214"}],"wp:featuredmedia":[{"embeddable":true,"href":"https:\/\/whisky.ad\/es\/wp-json\/wp\/v2\/media\/77264"}],"wp:attachment":[{"href":"https:\/\/whisky.ad\/es\/wp-json\/wp\/v2\/media?parent=79214"}],"wp:term":[{"taxonomy":"product_brand","embeddable":true,"href":"https:\/\/whisky.ad\/es\/wp-json\/wp\/v2\/product_brand?post=79214"},{"taxonomy":"product_cat","embeddable":true,"href":"https:\/\/whisky.ad\/es\/wp-json\/wp\/v2\/product_cat?post=79214"},{"taxonomy":"product_tag","embeddable":true,"href":"https:\/\/whisky.ad\/es\/wp-json\/wp\/v2\/product_tag?post=79214"}],"curies":[{"name":"wp","href":"https:\/\/api.w.org\/{rel}","templated":true}]}}