{"id":79211,"date":"2023-08-28T10:31:30","date_gmt":"2023-08-28T09:31:30","guid":{"rendered":"https:\/\/whisky.ad\/product\/worthy-park-rum-bar-silver-0-7l-40\/"},"modified":"2023-08-28T10:31:30","modified_gmt":"2023-08-28T09:31:30","slug":"worthy-park-rum-bar-silver-0-7l-40","status":"publish","type":"product","link":"https:\/\/whisky.ad\/es\/producto\/worthy-park-rum-bar-silver-0-7l-40\/","title":{"rendered":"Worthy Park Rum Bar Silver 0.7l 40%"},"content":{"rendered":"","protected":false},"excerpt":{"rendered":"<p>Proveniente de The Worthy Park Single Estate Reserve en Jamaica, este ron sin a\u00f1ejar surge del tradicional m\u00e9todo jamaicano de alambique, famoso por crear rones robustos y pesados. Elaborado a partir de una mezcla de tres marcas distintas de ron, esta oferta presenta opulentas notas mantecosas de pl\u00e1tano, lo que la convierte en una excelente opci\u00f3n para elaborar c\u00f3cteles y bebidas mixtas. <\/p>\n","protected":false},"featured_media":77273,"comment_status":"open","ping_status":"closed","template":"","meta":{"_acf_changed":false},"product_brand":[],"product_cat":[366,384],"product_tag":[],"class_list":{"0":"post-79211","1":"product","2":"type-product","3":"status-publish","4":"has-post-thumbnail","6":"product_cat-ron","7":"product_cat-jamaica-es","9":"first","10":"instock","11":"taxable","12":"shipping-taxable","13":"purchasable","14":"product-type-simple"},"acf":[],"aioseo_notices":[],"jetpack_sharing_enabled":true,"_links":{"self":[{"href":"https:\/\/whisky.ad\/es\/wp-json\/wp\/v2\/product\/79211","targetHints":{"allow":["GET"]}}],"collection":[{"href":"https:\/\/whisky.ad\/es\/wp-json\/wp\/v2\/product"}],"about":[{"href":"https:\/\/whisky.ad\/es\/wp-json\/wp\/v2\/types\/product"}],"replies":[{"embeddable":true,"href":"https:\/\/whisky.ad\/es\/wp-json\/wp\/v2\/comments?post=79211"}],"wp:featuredmedia":[{"embeddable":true,"href":"https:\/\/whisky.ad\/es\/wp-json\/wp\/v2\/media\/77273"}],"wp:attachment":[{"href":"https:\/\/whisky.ad\/es\/wp-json\/wp\/v2\/media?parent=79211"}],"wp:term":[{"taxonomy":"product_brand","embeddable":true,"href":"https:\/\/whisky.ad\/es\/wp-json\/wp\/v2\/product_brand?post=79211"},{"taxonomy":"product_cat","embeddable":true,"href":"https:\/\/whisky.ad\/es\/wp-json\/wp\/v2\/product_cat?post=79211"},{"taxonomy":"product_tag","embeddable":true,"href":"https:\/\/whisky.ad\/es\/wp-json\/wp\/v2\/product_tag?post=79211"}],"curies":[{"name":"wp","href":"https:\/\/api.w.org\/{rel}","templated":true}]}}