{"id":79208,"date":"2023-08-28T10:27:07","date_gmt":"2023-08-28T09:27:07","guid":{"rendered":"https:\/\/whisky.ad\/product\/worthy-park-rum-bar-overproof-0-7l-63\/"},"modified":"2023-08-28T10:27:07","modified_gmt":"2023-08-28T09:27:07","slug":"worthy-park-rum-bar-overproof-0-7l-63","status":"publish","type":"product","link":"https:\/\/whisky.ad\/es\/producto\/worthy-park-rum-bar-overproof-0-7l-63\/","title":{"rendered":"Worthy Park Rum Bar Overproof 0.7l 63%"},"content":{"rendered":"","protected":false},"excerpt":{"rendered":"<p>The Rum-Bar Premium White Overproof Rum: la c\u00faspide de la artesan\u00eda del ron blanco Overproof de Jamaica. Elaborado en la destiler\u00eda Worthy Park Estate, este ron excepcional muestra el pin\u00e1culo de la destilaci\u00f3n jamaicana. La tradici\u00f3n sostiene que una mezcla de tres rones sin a\u00f1ejar, cada uno meticulosamente destilado a la perfecci\u00f3n utilizando alambiques de cobre, forma el coraz\u00f3n de este extraordinario licor. Perfil de Cata: Aspecto: Cristalino. Aroma: Exuda un encanto frutal, resaltado por notas de pl\u00e1tano y frutas tropicales. Boca: Se embarca en un viaje de indulgencia frutal, entretejiendo la esencia del exotismo y la vitalidad de la ca\u00f1a de az\u00facar fresca, todo rematado con la atractiva presencia de los pl\u00e1tanos. Final: Deja una impresi\u00f3n duradera y satisfactoria.  <\/p>\n","protected":false},"featured_media":77267,"comment_status":"open","ping_status":"closed","template":"","meta":{"_acf_changed":false},"product_brand":[],"product_cat":[384,366],"product_tag":[],"class_list":{"0":"post-79208","1":"product","2":"type-product","3":"status-publish","4":"has-post-thumbnail","6":"product_cat-jamaica-es","7":"product_cat-ron","9":"first","10":"outofstock","11":"taxable","12":"shipping-taxable","13":"product-type-simple"},"acf":[],"aioseo_notices":[],"jetpack_sharing_enabled":true,"_links":{"self":[{"href":"https:\/\/whisky.ad\/es\/wp-json\/wp\/v2\/product\/79208","targetHints":{"allow":["GET"]}}],"collection":[{"href":"https:\/\/whisky.ad\/es\/wp-json\/wp\/v2\/product"}],"about":[{"href":"https:\/\/whisky.ad\/es\/wp-json\/wp\/v2\/types\/product"}],"replies":[{"embeddable":true,"href":"https:\/\/whisky.ad\/es\/wp-json\/wp\/v2\/comments?post=79208"}],"wp:featuredmedia":[{"embeddable":true,"href":"https:\/\/whisky.ad\/es\/wp-json\/wp\/v2\/media\/77267"}],"wp:attachment":[{"href":"https:\/\/whisky.ad\/es\/wp-json\/wp\/v2\/media?parent=79208"}],"wp:term":[{"taxonomy":"product_brand","embeddable":true,"href":"https:\/\/whisky.ad\/es\/wp-json\/wp\/v2\/product_brand?post=79208"},{"taxonomy":"product_cat","embeddable":true,"href":"https:\/\/whisky.ad\/es\/wp-json\/wp\/v2\/product_cat?post=79208"},{"taxonomy":"product_tag","embeddable":true,"href":"https:\/\/whisky.ad\/es\/wp-json\/wp\/v2\/product_tag?post=79208"}],"curies":[{"name":"wp","href":"https:\/\/api.w.org\/{rel}","templated":true}]}}