{"id":79205,"date":"2023-08-28T10:37:51","date_gmt":"2023-08-28T09:37:51","guid":{"rendered":"https:\/\/whisky.ad\/product\/worthy-park-rum-bar-gold-0-7l-40\/"},"modified":"2023-08-28T10:37:51","modified_gmt":"2023-08-28T09:37:51","slug":"worthy-park-rum-bar-gold-0-7l-40","status":"publish","type":"product","link":"https:\/\/whisky.ad\/es\/producto\/worthy-park-rum-bar-gold-0-7l-40\/","title":{"rendered":"Worthy Park Rum Bar Gold 0.7l 40%"},"content":{"rendered":"","protected":false},"excerpt":{"rendered":"<p>Una excelente opci\u00f3n con una excelente relaci\u00f3n calidad-precio, este ron a\u00f1ejo de 4 a\u00f1os proviene del estimado Worthy Park Estate de Jamaica. Ideal para saborear con hielo, infunde a la perfecci\u00f3n c\u00f3cteles con abundante car\u00e1cter. Perfil de degustaci\u00f3n: Anticipe el encanto del pl\u00e1tano cubierto de miel, un toque delicado de pimienta rosa y un sutil trasfondo de sequedad de trufa de chocolate. <\/p>\n","protected":false},"featured_media":77276,"comment_status":"open","ping_status":"closed","template":"","meta":{"_acf_changed":false},"product_brand":[],"product_cat":[366,384],"product_tag":[],"class_list":{"0":"post-79205","1":"product","2":"type-product","3":"status-publish","4":"has-post-thumbnail","6":"product_cat-ron","7":"product_cat-jamaica-es","9":"first","10":"outofstock","11":"taxable","12":"shipping-taxable","13":"product-type-simple"},"acf":[],"aioseo_notices":[],"jetpack_sharing_enabled":true,"_links":{"self":[{"href":"https:\/\/whisky.ad\/es\/wp-json\/wp\/v2\/product\/79205","targetHints":{"allow":["GET"]}}],"collection":[{"href":"https:\/\/whisky.ad\/es\/wp-json\/wp\/v2\/product"}],"about":[{"href":"https:\/\/whisky.ad\/es\/wp-json\/wp\/v2\/types\/product"}],"replies":[{"embeddable":true,"href":"https:\/\/whisky.ad\/es\/wp-json\/wp\/v2\/comments?post=79205"}],"wp:featuredmedia":[{"embeddable":true,"href":"https:\/\/whisky.ad\/es\/wp-json\/wp\/v2\/media\/77276"}],"wp:attachment":[{"href":"https:\/\/whisky.ad\/es\/wp-json\/wp\/v2\/media?parent=79205"}],"wp:term":[{"taxonomy":"product_brand","embeddable":true,"href":"https:\/\/whisky.ad\/es\/wp-json\/wp\/v2\/product_brand?post=79205"},{"taxonomy":"product_cat","embeddable":true,"href":"https:\/\/whisky.ad\/es\/wp-json\/wp\/v2\/product_cat?post=79205"},{"taxonomy":"product_tag","embeddable":true,"href":"https:\/\/whisky.ad\/es\/wp-json\/wp\/v2\/product_tag?post=79205"}],"curies":[{"name":"wp","href":"https:\/\/api.w.org\/{rel}","templated":true}]}}