{"id":79202,"date":"2023-08-28T09:59:08","date_gmt":"2023-08-28T08:59:08","guid":{"rendered":"https:\/\/whisky.ad\/product\/worthy-park-10yo-port-0-7l-45\/"},"modified":"2023-08-28T09:59:08","modified_gmt":"2023-08-28T08:59:08","slug":"worthy-park-10yo-port-0-7l-45","status":"publish","type":"product","link":"https:\/\/whisky.ad\/es\/producto\/worthy-park-10yo-port-0-7l-45\/","title":{"rendered":"Worthy Park 10YO Port 0.7l 45%"},"content":{"rendered":"","protected":false},"excerpt":{"rendered":"<p>Elaborado en la destiler\u00eda Worthy Park ubicada en Jamaica, este whisky emerge de un entorno rodeado de cadenas monta\u00f1osas, en medio de paisajes exuberantes y f\u00e9rtiles, a una distancia considerable de la costa. La familia Clarke, guardiana de la destiler\u00eda, defiende los valores de excelencia, eficiencia y herencia. Por lo tanto, el ron se destila diligentemente utilizando el m\u00e9todo tradicional de alambique. Despu\u00e9s de un per\u00edodo de maduraci\u00f3n de ocho a\u00f1os en antiguas barricas de bourbon, el Worthy Park Port 2010 se somete a una fase adicional de envejecimiento de dos a\u00f1os en antiguas barricas de puerto. Destilado: 2010 Embotellado: 2020 Perfil de cata: Apariencia: Exhibe un atractivo tono \u00e1mbar. Aroma: El bouquet es ricamente intenso y exuda notas frutales de manzanas, pl\u00e1tanos y ciruelas, entrelazadas con impresiones de roble y vainilla. Boca: Un agradable y delicado car\u00e1cter especiado adorna el paladar, acompa\u00f1ado de una mezcla frutal de pl\u00e1tanos y caramelo, todo complementado con la presencia del roble. Final: El final persiste extensamente, con elementos frutales duraderos que se fusionan a la perfecci\u00f3n con matices de roble.   <\/p>\n","protected":false},"featured_media":77237,"comment_status":"open","ping_status":"closed","template":"","meta":{"_acf_changed":false},"product_brand":[],"product_cat":[366,384],"product_tag":[],"class_list":{"0":"post-79202","1":"product","2":"type-product","3":"status-publish","4":"has-post-thumbnail","6":"product_cat-ron","7":"product_cat-jamaica-es","9":"first","10":"outofstock","11":"taxable","12":"shipping-taxable","13":"product-type-simple"},"acf":[],"aioseo_notices":[],"jetpack_sharing_enabled":true,"_links":{"self":[{"href":"https:\/\/whisky.ad\/es\/wp-json\/wp\/v2\/product\/79202","targetHints":{"allow":["GET"]}}],"collection":[{"href":"https:\/\/whisky.ad\/es\/wp-json\/wp\/v2\/product"}],"about":[{"href":"https:\/\/whisky.ad\/es\/wp-json\/wp\/v2\/types\/product"}],"replies":[{"embeddable":true,"href":"https:\/\/whisky.ad\/es\/wp-json\/wp\/v2\/comments?post=79202"}],"wp:featuredmedia":[{"embeddable":true,"href":"https:\/\/whisky.ad\/es\/wp-json\/wp\/v2\/media\/77237"}],"wp:attachment":[{"href":"https:\/\/whisky.ad\/es\/wp-json\/wp\/v2\/media?parent=79202"}],"wp:term":[{"taxonomy":"product_brand","embeddable":true,"href":"https:\/\/whisky.ad\/es\/wp-json\/wp\/v2\/product_brand?post=79202"},{"taxonomy":"product_cat","embeddable":true,"href":"https:\/\/whisky.ad\/es\/wp-json\/wp\/v2\/product_cat?post=79202"},{"taxonomy":"product_tag","embeddable":true,"href":"https:\/\/whisky.ad\/es\/wp-json\/wp\/v2\/product_tag?post=79202"}],"curies":[{"name":"wp","href":"https:\/\/api.w.org\/{rel}","templated":true}]}}