{"id":79199,"date":"2023-08-28T10:16:46","date_gmt":"2023-08-28T09:16:46","guid":{"rendered":"https:\/\/whisky.ad\/product\/worthy-park-10yo-madeira-0-7l-45\/"},"modified":"2023-08-28T10:16:46","modified_gmt":"2023-08-28T09:16:46","slug":"worthy-park-10yo-madeira-0-7l-45","status":"publish","type":"product","link":"https:\/\/whisky.ad\/es\/producto\/worthy-park-10yo-madeira-0-7l-45\/","title":{"rendered":"Worthy Park 10YO Madeira 0.7l 45%"},"content":{"rendered":"","protected":false},"excerpt":{"rendered":"<p>Originario de la distinguida destiler\u00eda Worthy Park ubicada en Jamaica, este whisky emerge en un contexto esc\u00e9nico de cadenas monta\u00f1osas circundantes y paisajes f\u00e9rtiles, distanciados del encanto de la costa. Bajo la direcci\u00f3n de la familia Clarke, la destiler\u00eda se dirige con una dedicaci\u00f3n inquebrantable a la excelencia, la eficiencia y las tradiciones venerables. Por lo tanto, el ron se destila meticulosamente \u00fanicamente utilizando la tradicional t\u00e9cnica del alambique. The Worthy Park Madeira 2010 emprende un viaje de maduraci\u00f3n de ocho a\u00f1os en antiguas barricas de bourbon, seguido de una estancia adicional de dos a\u00f1os en antiguas barricas de vino de Madeira. Destilado: 2010 Embotellado: 2020 Perfil de cata: Apariencia: Presume de un cautivador tono \u00e1mbar. Aroma: El bouquet se despliega con una complejidad cautivadora, ofreciendo notas de frutos secos, pl\u00e1tanos maduros, una sutil pizca de pimienta y un armonioso abrazo de roble. Boca: Un delicioso sabor picante adorna el paladar, acompa\u00f1ado por una suave presencia de roble, redondeada por la dulzura persistente de las brillantes bayas rojas. Acabado: El acabado se extiende con gracia, dejando una impresi\u00f3n duradera.   <\/p>\n","protected":false},"featured_media":77243,"comment_status":"open","ping_status":"closed","template":"","meta":{"_acf_changed":false},"product_brand":[],"product_cat":[366,384],"product_tag":[],"class_list":{"0":"post-79199","1":"product","2":"type-product","3":"status-publish","4":"has-post-thumbnail","6":"product_cat-ron","7":"product_cat-jamaica-es","9":"first","10":"outofstock","11":"taxable","12":"shipping-taxable","13":"product-type-simple"},"acf":[],"aioseo_notices":[],"jetpack_sharing_enabled":true,"_links":{"self":[{"href":"https:\/\/whisky.ad\/es\/wp-json\/wp\/v2\/product\/79199","targetHints":{"allow":["GET"]}}],"collection":[{"href":"https:\/\/whisky.ad\/es\/wp-json\/wp\/v2\/product"}],"about":[{"href":"https:\/\/whisky.ad\/es\/wp-json\/wp\/v2\/types\/product"}],"replies":[{"embeddable":true,"href":"https:\/\/whisky.ad\/es\/wp-json\/wp\/v2\/comments?post=79199"}],"wp:featuredmedia":[{"embeddable":true,"href":"https:\/\/whisky.ad\/es\/wp-json\/wp\/v2\/media\/77243"}],"wp:attachment":[{"href":"https:\/\/whisky.ad\/es\/wp-json\/wp\/v2\/media?parent=79199"}],"wp:term":[{"taxonomy":"product_brand","embeddable":true,"href":"https:\/\/whisky.ad\/es\/wp-json\/wp\/v2\/product_brand?post=79199"},{"taxonomy":"product_cat","embeddable":true,"href":"https:\/\/whisky.ad\/es\/wp-json\/wp\/v2\/product_cat?post=79199"},{"taxonomy":"product_tag","embeddable":true,"href":"https:\/\/whisky.ad\/es\/wp-json\/wp\/v2\/product_tag?post=79199"}],"curies":[{"name":"wp","href":"https:\/\/api.w.org\/{rel}","templated":true}]}}