{"id":79196,"date":"2023-08-05T11:12:31","date_gmt":"2023-08-05T10:12:31","guid":{"rendered":"https:\/\/whisky.ad\/product\/worthy-park-109-1l-54-5\/"},"modified":"2023-08-05T11:12:31","modified_gmt":"2023-08-05T10:12:31","slug":"worthy-park-109-1l-54-5","status":"publish","type":"product","link":"https:\/\/whisky.ad\/es\/producto\/worthy-park-109-1l-54-5\/","title":{"rendered":"Worthy Park 109 1l 54.5%"},"content":{"rendered":"","protected":false},"excerpt":{"rendered":"<div class=\"text-xs flex items-center justify-center gap-1 invisible absolute left-0 top-2 -ml-4 -translate-x-full group-hover:visible !invisible\"><\/div>\n<div class=\"flex flex-grow flex-col gap-3\">\n<div class=\"min-h-[20px] flex flex-col items-start gap-3 overflow-x-auto whitespace-pre-wrap break-words\">\n<div class=\"markdown prose w-full break-words dark:prose-invert light\">\n<p>Worthy Park 109 es un ron jamaicano muy aclamado que proviene de la famosa finca Worthy Park, que tiene una rica historia que se remonta al siglo XVII. Este ron se denomina &#8220;109&#8221; en referencia a la graduaci\u00f3n alcoh\u00f3lica espec\u00edfica con la que se embotella. Worthy Park 109 es un ron a base de melaza que se destila utilizando alambiques tradicionales, un m\u00e9todo que se ha ido perfeccionando a lo largo de generaciones en la finca. Este enfoque artesanal de la destilaci\u00f3n contribuye al perfil de sabor robusto y distintivo del ron. Al verterlo, el l\u00edquido \u00e1mbar te recibe con un aroma cautivador de frutas tropicales, pl\u00e1tanos maduros y un toque de roble. El sorbo inicial revela una textura suave y aterciopelada que cubre el paladar, con una explosi\u00f3n de sabores ricos y complejos. Espere una mezcla de pl\u00e1tanos maduros, pi\u00f1as jugosas y toques de especias tropicales bailando armoniosamente en sus papilas gustativas. La intensidad de los sabores del ron se equilibra con un agradable dulzor, que recuerda al az\u00facar moreno y al caramelo. A medida que se desarrollan los sabores, el aut\u00e9ntico car\u00e1cter jamaicano brilla con un toque sutil, conocido como &#8220;hogo&#8221;, que a\u00f1ade profundidad y complejidad al esp\u00edritu. Worthy Park 109 es un ron audaz y con mucho cuerpo que se destaca por s\u00ed solo, perfecto para beber solo o con hielo. Su versatilidad tambi\u00e9n lo convierte en una base fant\u00e1stica para c\u00f3cteles cl\u00e1sicos e inventivos por igual. Tanto los entusiastas como los conocedores del ron aprecian Worthy Park 109 por su aut\u00e9ntica autenticidad, que rinde homenaje a la rica herencia del ron de Jamaica. Representa una expresi\u00f3n notable de la dedicaci\u00f3n de Worthy Park Estate a la calidad, la artesan\u00eda y el tradicional arte de elaborar ron. <\/p>\n<\/div>\n<\/div>\n<\/div>\n","protected":false},"featured_media":77027,"comment_status":"open","ping_status":"closed","template":"","meta":{"_acf_changed":false},"product_brand":[],"product_cat":[366,384],"product_tag":[],"class_list":{"0":"post-79196","1":"product","2":"type-product","3":"status-publish","4":"has-post-thumbnail","6":"product_cat-ron","7":"product_cat-jamaica-es","9":"first","10":"instock","11":"taxable","12":"shipping-taxable","13":"purchasable","14":"product-type-simple"},"acf":[],"aioseo_notices":[],"jetpack_sharing_enabled":true,"_links":{"self":[{"href":"https:\/\/whisky.ad\/es\/wp-json\/wp\/v2\/product\/79196","targetHints":{"allow":["GET"]}}],"collection":[{"href":"https:\/\/whisky.ad\/es\/wp-json\/wp\/v2\/product"}],"about":[{"href":"https:\/\/whisky.ad\/es\/wp-json\/wp\/v2\/types\/product"}],"replies":[{"embeddable":true,"href":"https:\/\/whisky.ad\/es\/wp-json\/wp\/v2\/comments?post=79196"}],"wp:featuredmedia":[{"embeddable":true,"href":"https:\/\/whisky.ad\/es\/wp-json\/wp\/v2\/media\/77027"}],"wp:attachment":[{"href":"https:\/\/whisky.ad\/es\/wp-json\/wp\/v2\/media?parent=79196"}],"wp:term":[{"taxonomy":"product_brand","embeddable":true,"href":"https:\/\/whisky.ad\/es\/wp-json\/wp\/v2\/product_brand?post=79196"},{"taxonomy":"product_cat","embeddable":true,"href":"https:\/\/whisky.ad\/es\/wp-json\/wp\/v2\/product_cat?post=79196"},{"taxonomy":"product_tag","embeddable":true,"href":"https:\/\/whisky.ad\/es\/wp-json\/wp\/v2\/product_tag?post=79196"}],"curies":[{"name":"wp","href":"https:\/\/api.w.org\/{rel}","templated":true}]}}