{"id":79193,"date":"2018-11-13T17:50:56","date_gmt":"2018-11-13T16:50:56","guid":{"rendered":"https:\/\/whisky.ad\/product\/viru-valge-nordic-pure-grain-vodka-1l-40\/"},"modified":"2018-11-13T17:50:56","modified_gmt":"2018-11-13T16:50:56","slug":"viru-valge-nordic-pure-grain-vodka-1l-40","status":"publish","type":"product","link":"https:\/\/whisky.ad\/es\/producto\/viru-valge-nordic-pure-grain-vodka-1l-40\/","title":{"rendered":"Viru Valge Nordic Pure Grain Vodka 1L. 40%"},"content":{"rendered":"<p><img decoding=\"async\" src=\"https:\/\/liviko.ee\/static\/Collins-1-181x380.jpg\" alt=\"Viru Valge Collins\" data-index=\"0\" data-href=\"https:\/\/liviko.ee\/static\/Collins-1-286x600.jpg\" data-width=\"286\" data-height=\"600\"><\/p>\n","protected":false},"excerpt":{"rendered":"<p>Viru Valge es el vodka de alta calidad m\u00e1s popular y confiable de Estonia con sus propias tradiciones, d\u00e9cadas de experiencia y una larga historia. El vodka genuinamente n\u00f3rdico es la marca de bebidas espirituosas m\u00e1s antigua de Estonia. A pesar de las profundas ra\u00edces y fuertes tradiciones de Viru Valge, hoy en d\u00eda, para su producci\u00f3n, Liviko utiliza las soluciones m\u00e1s actualizadas y modernas. Viru Valge proviene del pa\u00eds m\u00e1s blanco. En las noches de verano, el sol s\u00f3lo se pone por un breve momento, y en invierno, el suelo descansa bajo una alfombra blanca de nieve y las primeras heladas cubren los claros pantanos de un blanco deslumbrante. No hay grandes f\u00e1bricas ni ciudades en la tierra natal de Viru Valge, la poblaci\u00f3n local est\u00e1 dispersa a kil\u00f3metros de distancia una de otra y, como confirman las investigaciones, el aire que respiran es el m\u00e1s limpio del mundo. Del agua cristalina del lago y de la cosecha de los pedregosos campos n\u00f3rdicos tambi\u00e9n se obtiene el aut\u00e9ntico vodka n\u00f3rdico Viru Valge. <\/p>\n","protected":false},"featured_media":75752,"comment_status":"open","ping_status":"closed","template":"","meta":{"_acf_changed":false},"product_brand":[],"product_cat":[345,419],"product_tag":[492],"class_list":{"0":"post-79193","1":"product","2":"type-product","3":"status-publish","4":"has-post-thumbnail","6":"product_cat-bebidas-acoholicas-es","7":"product_cat-vodka-es","8":"product_tag-estonia-es","10":"first","11":"instock","12":"taxable","13":"shipping-taxable","14":"purchasable","15":"product-type-simple"},"acf":[],"aioseo_notices":[],"jetpack_sharing_enabled":true,"_links":{"self":[{"href":"https:\/\/whisky.ad\/es\/wp-json\/wp\/v2\/product\/79193","targetHints":{"allow":["GET"]}}],"collection":[{"href":"https:\/\/whisky.ad\/es\/wp-json\/wp\/v2\/product"}],"about":[{"href":"https:\/\/whisky.ad\/es\/wp-json\/wp\/v2\/types\/product"}],"replies":[{"embeddable":true,"href":"https:\/\/whisky.ad\/es\/wp-json\/wp\/v2\/comments?post=79193"}],"wp:featuredmedia":[{"embeddable":true,"href":"https:\/\/whisky.ad\/es\/wp-json\/wp\/v2\/media\/75752"}],"wp:attachment":[{"href":"https:\/\/whisky.ad\/es\/wp-json\/wp\/v2\/media?parent=79193"}],"wp:term":[{"taxonomy":"product_brand","embeddable":true,"href":"https:\/\/whisky.ad\/es\/wp-json\/wp\/v2\/product_brand?post=79193"},{"taxonomy":"product_cat","embeddable":true,"href":"https:\/\/whisky.ad\/es\/wp-json\/wp\/v2\/product_cat?post=79193"},{"taxonomy":"product_tag","embeddable":true,"href":"https:\/\/whisky.ad\/es\/wp-json\/wp\/v2\/product_tag?post=79193"}],"curies":[{"name":"wp","href":"https:\/\/api.w.org\/{rel}","templated":true}]}}