{"id":79190,"date":"2018-11-13T17:44:21","date_gmt":"2018-11-13T16:44:21","guid":{"rendered":"https:\/\/whisky.ad\/product\/viru-valge-nordic-naturally-flavoured-vodka-500ml-37-5-vol\/"},"modified":"2018-11-13T17:44:21","modified_gmt":"2018-11-13T16:44:21","slug":"viru-valge-nordic-naturally-flavoured-vodka-500ml-37-5-vol","status":"publish","type":"product","link":"https:\/\/whisky.ad\/es\/producto\/viru-valge-nordic-naturally-flavoured-vodka-500ml-37-5-vol\/","title":{"rendered":"Viru Valge Nordic Naturally Flavoured Vodka (500ml 37.5% vol.)"},"content":{"rendered":"<p><img decoding=\"async\" class=\"image cocktail__image\" src=\"https:\/\/viruvalge.ee\/wp-content\/uploads\/2018\/10\/uhhuu1.jpg\" alt=\"\"><\/p>\n","protected":false},"excerpt":{"rendered":"<p>La vodka de qualit\u00e9 la plus c\u00e9l\u00e8bre et la plus fiable d&#8217;Estonie a une saveur et un ar\u00f4me doux et neutres gr\u00e2ce \u00e0 une filtration au charbon moderne et innovante. Viru Valge est compos\u00e9 d&#8217;alcool fabriqu\u00e9 \u00e0 partir de c\u00e9r\u00e9ales estoniennes et d&#8217;eau sp\u00e9cialement trait\u00e9e. La gamme comprend \u00e9galement des vodkas aromatis\u00e9es Viru Valge, qui sont des composants id\u00e9aux pour les cocktails : \u2013 Cranberry \u2013 Cerise \u2013 Mangue \u2013 Pomme verte \u2013 Pomegrante \u2013 Past\u00e8que <\/p>\n","protected":false},"featured_media":75122,"comment_status":"open","ping_status":"closed","template":"","meta":{"_acf_changed":false},"product_brand":[],"product_cat":[345,419],"product_tag":[],"class_list":{"0":"post-79190","1":"product","2":"type-product","3":"status-publish","4":"has-post-thumbnail","6":"product_cat-bebidas-acoholicas-es","7":"product_cat-vodka-es","9":"first","10":"instock","11":"taxable","12":"shipping-taxable","13":"purchasable","14":"product-type-simple"},"acf":[],"aioseo_notices":[],"jetpack_sharing_enabled":true,"_links":{"self":[{"href":"https:\/\/whisky.ad\/es\/wp-json\/wp\/v2\/product\/79190","targetHints":{"allow":["GET"]}}],"collection":[{"href":"https:\/\/whisky.ad\/es\/wp-json\/wp\/v2\/product"}],"about":[{"href":"https:\/\/whisky.ad\/es\/wp-json\/wp\/v2\/types\/product"}],"replies":[{"embeddable":true,"href":"https:\/\/whisky.ad\/es\/wp-json\/wp\/v2\/comments?post=79190"}],"wp:featuredmedia":[{"embeddable":true,"href":"https:\/\/whisky.ad\/es\/wp-json\/wp\/v2\/media\/75122"}],"wp:attachment":[{"href":"https:\/\/whisky.ad\/es\/wp-json\/wp\/v2\/media?parent=79190"}],"wp:term":[{"taxonomy":"product_brand","embeddable":true,"href":"https:\/\/whisky.ad\/es\/wp-json\/wp\/v2\/product_brand?post=79190"},{"taxonomy":"product_cat","embeddable":true,"href":"https:\/\/whisky.ad\/es\/wp-json\/wp\/v2\/product_cat?post=79190"},{"taxonomy":"product_tag","embeddable":true,"href":"https:\/\/whisky.ad\/es\/wp-json\/wp\/v2\/product_tag?post=79190"}],"curies":[{"name":"wp","href":"https:\/\/api.w.org\/{rel}","templated":true}]}}