{"id":79133,"date":"2023-08-05T11:10:06","date_gmt":"2023-08-05T10:10:06","guid":{"rendered":"https:\/\/whisky.ad\/product\/vana-tallinn-spiced-rum-1l-40\/"},"modified":"2023-08-05T11:10:06","modified_gmt":"2023-08-05T10:10:06","slug":"vana-tallinn-spiced-rum-1l-40","status":"publish","type":"product","link":"https:\/\/whisky.ad\/es\/producto\/vana-tallinn-spiced-rum-1l-40\/","title":{"rendered":"Vana Tallinn Spiced Rum 1l 40%"},"content":{"rendered":"","protected":false},"excerpt":{"rendered":"<div class=\"flex flex-grow flex-col gap-3\">\n<div class=\"min-h-[20px] flex flex-col items-start gap-3 overflow-x-auto whitespace-pre-wrap break-words\">\n<div class=\"markdown prose w-full break-words dark:prose-invert light\">\n<p>Vana Tallinn es un licor estonio a base de ron querido e ic\u00f3nico que ocupa un lugar especial en los corazones de muchos entusiastas de todo el mundo. Es un producto de la reconocida empresa estonia Liviko, que produce este licor desde 1960. Vana Tallinn est\u00e1 profundamente arraigada en la cultura y la historia de Estonia, lo que la convierte en un s\u00edmbolo de orgullo nacional. Este licor distintivo es una fusi\u00f3n de ron caribe\u00f1o y una mezcla cuidadosamente elaborada de especias y sabores naturales. La combinaci\u00f3n de ron a\u00f1ejo con notas de vainilla, c\u00edtricos, canela y otros ingredientes secretos crea un perfil de sabor complejo y armonioso que es verdaderamente \u00fanico. Al abrir la botella por primera vez, el delicioso aroma de especias dulces y vainilla c\u00e1lida llena el aire, preparando el escenario para una experiencia de degustaci\u00f3n memorable. El sabor es suave, aterciopelado y rico, con un equilibrio perfecto entre dulzura y especias. Los sabores del ron se mezclan a la perfecci\u00f3n con las especias arom\u00e1ticas, dejando un regusto satisfactorio y persistente. Vana Tallinn es una bebida vers\u00e1til que se puede disfrutar de varias formas. A menudo se saborea solo o con hielo para apreciar plenamente sus complejos sabores. Adem\u00e1s, se puede utilizar como ingrediente clave en una variedad de c\u00f3cteles, a\u00f1adiendo un toque de encanto ex\u00f3tico y atractivo a las mezclas cl\u00e1sicas. M\u00e1s all\u00e1 de su sabor excepcional, Vana Tallinn es famosa por su envase distintivo, que presenta un dise\u00f1o elegante y nost\u00e1lgico que rinde homenaje a Tallin, la capital de Estonia. El nombre del licor se traduce como &#8220;Vieja Tallin&#8221;, y evoca un sentido de historia y tradici\u00f3n. Ya sea que est\u00e9 disfrutando de una velada acogedora en casa, celebrando una ocasi\u00f3n especial o explorando los sabores \u00fanicos de Estonia, Vana Tallinn promete una experiencia inolvidable que combina la calidez del ron caribe\u00f1o y el encanto ex\u00f3tico de las especias b\u00e1lticas. Es una verdadera encarnaci\u00f3n de la artesan\u00eda estonia y un testimonio del tradicional arte de elaborar licores.  <\/p>\n<\/div>\n<\/div>\n<\/div>\n","protected":false},"featured_media":77039,"comment_status":"open","ping_status":"closed","template":"","meta":{"_acf_changed":false},"product_brand":[],"product_cat":[366,367],"product_tag":[],"class_list":{"0":"post-79133","1":"product","2":"type-product","3":"status-publish","4":"has-post-thumbnail","6":"product_cat-ron","7":"product_cat-especiado-es","9":"first","10":"instock","11":"taxable","12":"shipping-taxable","13":"purchasable","14":"product-type-simple"},"acf":[],"aioseo_notices":[],"jetpack_sharing_enabled":true,"_links":{"self":[{"href":"https:\/\/whisky.ad\/es\/wp-json\/wp\/v2\/product\/79133","targetHints":{"allow":["GET"]}}],"collection":[{"href":"https:\/\/whisky.ad\/es\/wp-json\/wp\/v2\/product"}],"about":[{"href":"https:\/\/whisky.ad\/es\/wp-json\/wp\/v2\/types\/product"}],"replies":[{"embeddable":true,"href":"https:\/\/whisky.ad\/es\/wp-json\/wp\/v2\/comments?post=79133"}],"wp:featuredmedia":[{"embeddable":true,"href":"https:\/\/whisky.ad\/es\/wp-json\/wp\/v2\/media\/77039"}],"wp:attachment":[{"href":"https:\/\/whisky.ad\/es\/wp-json\/wp\/v2\/media?parent=79133"}],"wp:term":[{"taxonomy":"product_brand","embeddable":true,"href":"https:\/\/whisky.ad\/es\/wp-json\/wp\/v2\/product_brand?post=79133"},{"taxonomy":"product_cat","embeddable":true,"href":"https:\/\/whisky.ad\/es\/wp-json\/wp\/v2\/product_cat?post=79133"},{"taxonomy":"product_tag","embeddable":true,"href":"https:\/\/whisky.ad\/es\/wp-json\/wp\/v2\/product_tag?post=79133"}],"curies":[{"name":"wp","href":"https:\/\/api.w.org\/{rel}","templated":true}]}}