{"id":79122,"date":"2023-07-23T13:35:06","date_gmt":"2023-07-23T12:35:06","guid":{"rendered":"https:\/\/whisky.ad\/product\/tomintoul-45-yo-double-wood-matured\/"},"modified":"2023-12-13T11:49:57","modified_gmt":"2023-12-13T10:49:57","slug":"tomintoul-45-yo-double-wood-matured","status":"publish","type":"product","link":"https:\/\/whisky.ad\/es\/producto\/tomintoul-45-yo-double-wood-matured\/","title":{"rendered":"Tomintoul 45 YO Double Wood Matured"},"content":{"rendered":"","protected":false},"excerpt":{"rendered":"<div class=\"flex flex-grow flex-col gap-3\">\n<div class=\"min-h-[20px] flex items-start overflow-x-auto whitespace-pre-wrap break-words flex-col gap-4\">\n<div class=\"markdown prose w-full break-words dark:prose-invert light\">\n<p><strong>Speyside Single Malt Scotch Whisky Distillery Bottling 70cl \/ 44.5%<\/strong><\/p>\n<p>Una oferta verdaderamente excepcional y extremadamente escasa proveniente de la estimada destiler\u00eda Tomintoul en Speyside, esta malta se destil\u00f3 en 1973. S\u00f3lo se lanzaron unas escasas 240 botellas 45 a\u00f1os despu\u00e9s. Si desea unirse a los pocos afortunados que pueden considerarse propietarios de esta preciada joya, debe estar preparado para hurgar profundamente en su billetera. Sin embargo, tenga la seguridad de que el suntuoso paladar y la irresistible interacci\u00f3n de notas de jerez y caf\u00e9 hacen que valga la pena. Nota de cata: Nariz: La influencia del Jerez limpio es evidente, en capas sobre una base dulce a malta. Aromas intensamente cerosos se entremezclan con notas de c\u00edtricos de naranja picante y la calidez del pud\u00edn navide\u00f1o. Boca: Una experiencia rica y aterciopelada en la que notas de nueces, chocolate, granos de caf\u00e9 moca y taninos especiados del roble compiten por el dominio, creando una cautivadora sinfon\u00eda de sabores. Final: El gran final es seco y especiado, dejando una impresi\u00f3n duradera que perdura lujosamente en el paladar.   <\/p>\n<\/div>\n<h2>PRECIO BAJO DEMANDA<\/h2>\n<\/div>\n<\/div>\n","protected":false},"featured_media":76403,"comment_status":"open","ping_status":"closed","template":"","meta":{"_acf_changed":false},"product_brand":[],"product_cat":[319,339,354,538],"product_tag":[],"class_list":{"0":"post-79122","1":"product","2":"type-product","3":"status-publish","4":"has-post-thumbnail","6":"product_cat-escocia-es","7":"product_cat-raro-y-coleccionable","8":"product_cat-whisky-by-brand","9":"product_cat-tomintoul-es","11":"first","12":"instock","13":"taxable","14":"shipping-taxable","15":"product-type-simple"},"acf":[],"aioseo_notices":[],"jetpack_sharing_enabled":true,"_links":{"self":[{"href":"https:\/\/whisky.ad\/es\/wp-json\/wp\/v2\/product\/79122","targetHints":{"allow":["GET"]}}],"collection":[{"href":"https:\/\/whisky.ad\/es\/wp-json\/wp\/v2\/product"}],"about":[{"href":"https:\/\/whisky.ad\/es\/wp-json\/wp\/v2\/types\/product"}],"replies":[{"embeddable":true,"href":"https:\/\/whisky.ad\/es\/wp-json\/wp\/v2\/comments?post=79122"}],"wp:featuredmedia":[{"embeddable":true,"href":"https:\/\/whisky.ad\/es\/wp-json\/wp\/v2\/media\/76403"}],"wp:attachment":[{"href":"https:\/\/whisky.ad\/es\/wp-json\/wp\/v2\/media?parent=79122"}],"wp:term":[{"taxonomy":"product_brand","embeddable":true,"href":"https:\/\/whisky.ad\/es\/wp-json\/wp\/v2\/product_brand?post=79122"},{"taxonomy":"product_cat","embeddable":true,"href":"https:\/\/whisky.ad\/es\/wp-json\/wp\/v2\/product_cat?post=79122"},{"taxonomy":"product_tag","embeddable":true,"href":"https:\/\/whisky.ad\/es\/wp-json\/wp\/v2\/product_tag?post=79122"}],"curies":[{"name":"wp","href":"https:\/\/api.w.org\/{rel}","templated":true}]}}