{"id":79119,"date":"2023-07-23T13:22:17","date_gmt":"2023-07-23T12:22:17","guid":{"rendered":"https:\/\/whisky.ad\/product\/tomintoul-40-yo-quadruple-cask\/"},"modified":"2023-12-13T11:43:46","modified_gmt":"2023-12-13T10:43:46","slug":"tomintoul-40-yo-quadruple-cask","status":"publish","type":"product","link":"https:\/\/whisky.ad\/es\/producto\/tomintoul-40-yo-quadruple-cask\/","title":{"rendered":"Tomintoul 40 YO Quadruple Cask"},"content":{"rendered":"","protected":false},"excerpt":{"rendered":"<p><strong>Speyside Single Malt Scotch Whisky, Distillery Bottling 70cl \/ 43.1%<\/strong><\/p>\n<p>Robert Fleming, un maestro destilador con un legado familiar impregnado en el arte de la destilaci\u00f3n del whisky, atendi\u00f3 personalmente cada barrica del lote de 1974 mientras permanec\u00edan intactos en los rincones de los almacenes de envejecimiento de la destiler\u00eda. Dentro de esta colecci\u00f3n, descubri\u00f3 cuatro barricas excepcionalmente notables que destacaban por su calidad incomparable y caracter\u00edsticas \u00fanicas. Al reconocer sus atributos especiales, Robert eligi\u00f3 estas barricas para un embotellado en barrica cu\u00e1druple \u00fanico en su tipo. El Single Malt resultante, procedente de estas extraordinarias barricas cu\u00e1druples, se verti\u00f3 delicadamente en decantadores de cristal hechos a mano, cada uno de ellos meticulosamente numerado para brindar exclusividad. Nariz: El aroma es delicado y evoca sensaci\u00f3n de madurez. Una sinfon\u00eda de frutas variadas baila armoniosamente con la suave malta dulce de cebada, impartiendo una esencia mantecosa y cremosa. Sutiles toques de pi\u00f1a a\u00f1aden un toque atractivo. Boca: El sabor es sutil, pero exquisitamente complejo. Los sabores de las frutas de verano y el caramelo mantecoso se entrelazan con gracia, acompa\u00f1ados de refinadas notas de caf\u00e9, regaliz y un picante sorbete de lim\u00f3n. Final: A medida que la experiencia culmina, hay un suave remolino de especias de roble complementado con una dulce sensaci\u00f3n de regaliz.<\/p>\n<h3><\/h3>\n<h3>PRECIO BAJO DEMANDA<\/h3>\n","protected":false},"featured_media":76400,"comment_status":"open","ping_status":"closed","template":"","meta":{"_acf_changed":false},"product_brand":[],"product_cat":[319,339,354,538],"product_tag":[],"class_list":{"0":"post-79119","1":"product","2":"type-product","3":"status-publish","4":"has-post-thumbnail","6":"product_cat-escocia-es","7":"product_cat-raro-y-coleccionable","8":"product_cat-whisky-by-brand","9":"product_cat-tomintoul-es","11":"first","12":"instock","13":"taxable","14":"shipping-taxable","15":"product-type-simple"},"acf":[],"aioseo_notices":[],"jetpack_sharing_enabled":true,"_links":{"self":[{"href":"https:\/\/whisky.ad\/es\/wp-json\/wp\/v2\/product\/79119","targetHints":{"allow":["GET"]}}],"collection":[{"href":"https:\/\/whisky.ad\/es\/wp-json\/wp\/v2\/product"}],"about":[{"href":"https:\/\/whisky.ad\/es\/wp-json\/wp\/v2\/types\/product"}],"replies":[{"embeddable":true,"href":"https:\/\/whisky.ad\/es\/wp-json\/wp\/v2\/comments?post=79119"}],"wp:featuredmedia":[{"embeddable":true,"href":"https:\/\/whisky.ad\/es\/wp-json\/wp\/v2\/media\/76400"}],"wp:attachment":[{"href":"https:\/\/whisky.ad\/es\/wp-json\/wp\/v2\/media?parent=79119"}],"wp:term":[{"taxonomy":"product_brand","embeddable":true,"href":"https:\/\/whisky.ad\/es\/wp-json\/wp\/v2\/product_brand?post=79119"},{"taxonomy":"product_cat","embeddable":true,"href":"https:\/\/whisky.ad\/es\/wp-json\/wp\/v2\/product_cat?post=79119"},{"taxonomy":"product_tag","embeddable":true,"href":"https:\/\/whisky.ad\/es\/wp-json\/wp\/v2\/product_tag?post=79119"}],"curies":[{"name":"wp","href":"https:\/\/api.w.org\/{rel}","templated":true}]}}