{"id":79116,"date":"2023-07-23T13:42:37","date_gmt":"2023-07-23T12:42:37","guid":{"rendered":"https:\/\/whisky.ad\/product\/tomintoul-30-yo-robert-fleming-30th-anniversary\/"},"modified":"2023-07-23T13:42:37","modified_gmt":"2023-07-23T12:42:37","slug":"tomintoul-30-yo-robert-fleming-30th-anniversary","status":"publish","type":"product","link":"https:\/\/whisky.ad\/es\/producto\/tomintoul-30-yo-robert-fleming-30th-anniversary\/","title":{"rendered":"Tomintoul 30 YO Robert Fleming 30th Anniversary"},"content":{"rendered":"","protected":false},"excerpt":{"rendered":"<p><strong>Speyside Single Malt Scotch Whisky Distillery Bottling 70cl \/ 49.7%<\/strong><\/p>\n<div class=\"flex flex-grow flex-col gap-3\">\n<div class=\"min-h-[20px] flex items-start overflow-x-auto whitespace-pre-wrap break-words flex-col gap-4\">\n<div class=\"markdown prose w-full break-words dark:prose-invert light\">\n<p>Presentando un Tomintoul single malt robusto y con mucho cuerpo, envejecido elegantemente durante tres impresionantes d\u00e9cadas en una \u00fanica barrica de ex-bourbon, antes de su trascendental embotellado en agosto de 2021. Este lanzamiento especial conmemora el 30.\u00ba aniversario del papel del maestro destilador Robert Fleming como custodio. de la estimada destiler\u00eda Tomintoul. La nariz de este exquisito whisky est\u00e1 llena de aromas cautivadores, que incluyen ciruela picante y c\u00e1scara de naranja confitada, seguidos por la dulzura de la miel de acacia, que recuerda a los pasteles de canela reci\u00e9n horneados. La adici\u00f3n de tallos de jengibre y notas c\u00edtricas crea un bouquet armonioso y seductor. A medida que el l\u00edquido acaricia el paladar, los deliciosos sabores de peras escalfadas, strudel de manzana y limones en conserva toman protagonismo, acompa\u00f1ados por la reconfortante presencia del roble tostado. Los toques de peladillas y pasas a\u00f1aden un toque delicioso a este viaje sensorial. Notas de cata: Nariz: La nariz revela una deliciosa fusi\u00f3n de frutas de hueso picantes y c\u00e1scaras confitadas, mezcl\u00e1ndose armoniosamente con la dulzura de la miel de acacia. El encanto de los pasteles daneses con canela y el toque del jengibre se complementan perfectamente con sutiles notas c\u00edtricas. Boca: El paladar es una sinfon\u00eda rica y en capas, adornada con notas de peras tiernamente escalfadas, la reconfortante esencia del strudel de manzana y el sabor de los limones en conserva. Toques de alm\u00edbar dorado y zarzas se entrelazan con la suave calidez del clavo y el roble tostado. Final: El gran final deja una impresi\u00f3n duradera de dulce dolor de pasas y almendras azucaradas, acompa\u00f1ado por el delicado abrazo de la miel de flores y persistentes especias para hornear, asegurando un retrogusto memorable y gratificante. <\/p>\n<\/div>\n<\/div>\n<\/div>\n<div class=\"flex justify-between lg:block\">\n<div class=\"text-gray-400 flex self-end lg:self-center justify-center mt-2 gap-2 md:gap-3 lg:gap-1 lg:absolute lg:top-0 lg:translate-x-full lg:right-0 lg:mt-0 lg:pl-2 visible\"><\/div>\n<\/div>\n<div class=\"flex-1 overflow-hidden\">\n<div class=\"react-scroll-to-bottom--css-duqcx-79elbk h-full dark:bg-gray-800\">\n<div class=\"react-scroll-to-bottom--css-duqcx-1n7m0yu\">\n<div class=\"flex flex-col h-full text-sm dark:bg-gray-800\">\n<div class=\"h-32 md:h-48 flex-shrink-0\"><\/div>\n<\/div>\n<\/div>\n<\/div>\n<\/div>\n<div class=\"absolute bottom-0 left-0 w-full border-t md:border-t-0 dark:border-white\/20 md:border-transparent md:dark:border-transparent md:bg-vert-light-gradient bg-white dark:bg-gray-800 md:!bg-transparent dark:md:bg-vert-dark-gradient pt-2 md:pl-2 md:w-[calc(100%-.5rem)]\">\n<form class=\"stretch mx-2 flex flex-row gap-3 last:mb-2 md:mx-4 md:last:mb-6 lg:mx-auto lg:max-w-2xl xl:max-w-3xl\">\n<div class=\"relative flex h-full flex-1 items-stretch md:flex-col\" role=\"presentation\">\n<div class=\"\">\n<div class=\"h-full flex ml-1 md:w-full md:m-auto md:mb-2 gap-0 md:gap-2 justify-center\"><\/div>\n<\/div>\n<\/div>\n<\/form>\n<\/div>\n","protected":false},"featured_media":76406,"comment_status":"open","ping_status":"closed","template":"","meta":{"_acf_changed":false},"product_brand":[],"product_cat":[354,538,319,339],"product_tag":[],"class_list":{"0":"post-79116","1":"product","2":"type-product","3":"status-publish","4":"has-post-thumbnail","6":"product_cat-whisky-by-brand","7":"product_cat-tomintoul-es","8":"product_cat-escocia-es","9":"product_cat-raro-y-coleccionable","11":"first","12":"instock","13":"taxable","14":"shipping-taxable","15":"product-type-simple"},"acf":[],"aioseo_notices":[],"jetpack_sharing_enabled":true,"_links":{"self":[{"href":"https:\/\/whisky.ad\/es\/wp-json\/wp\/v2\/product\/79116","targetHints":{"allow":["GET"]}}],"collection":[{"href":"https:\/\/whisky.ad\/es\/wp-json\/wp\/v2\/product"}],"about":[{"href":"https:\/\/whisky.ad\/es\/wp-json\/wp\/v2\/types\/product"}],"replies":[{"embeddable":true,"href":"https:\/\/whisky.ad\/es\/wp-json\/wp\/v2\/comments?post=79116"}],"wp:featuredmedia":[{"embeddable":true,"href":"https:\/\/whisky.ad\/es\/wp-json\/wp\/v2\/media\/76406"}],"wp:attachment":[{"href":"https:\/\/whisky.ad\/es\/wp-json\/wp\/v2\/media?parent=79116"}],"wp:term":[{"taxonomy":"product_brand","embeddable":true,"href":"https:\/\/whisky.ad\/es\/wp-json\/wp\/v2\/product_brand?post=79116"},{"taxonomy":"product_cat","embeddable":true,"href":"https:\/\/whisky.ad\/es\/wp-json\/wp\/v2\/product_cat?post=79116"},{"taxonomy":"product_tag","embeddable":true,"href":"https:\/\/whisky.ad\/es\/wp-json\/wp\/v2\/product_tag?post=79116"}],"curies":[{"name":"wp","href":"https:\/\/api.w.org\/{rel}","templated":true}]}}