{"id":79109,"date":"2023-08-25T09:59:41","date_gmt":"2023-08-25T08:59:41","guid":{"rendered":"https:\/\/whisky.ad\/product\/tomintoul-21-years-old\/"},"modified":"2024-01-08T12:48:05","modified_gmt":"2024-01-08T11:48:05","slug":"tomintoul-21-years-old","status":"publish","type":"product","link":"https:\/\/whisky.ad\/es\/producto\/tomintoul-21-years-old\/","title":{"rendered":"Tomintoul 21 Years Old (contact us!)"},"content":{"rendered":"","protected":false},"excerpt":{"rendered":"<p>El experto maestro destilador, Robert Fleming, elige cuidadosamente las barricas ex-bourbon de roble americano de la m\u00e1s alta calidad para madurar el whisky escoc\u00e9s de pura malta Tomintoul de 21 a\u00f1os. El resultado es un intrincado single malt aclamado por la cr\u00edtica que ofrece una gran cantidad de aromas que incluyen c\u00edtricos picantes, un delicioso y c\u00e1lido sabor a caramelo y que culmina con un final suavemente especiado&#8221;.<\/p>\n","protected":false},"featured_media":77147,"comment_status":"open","ping_status":"closed","template":"","meta":{"_acf_changed":false},"product_brand":[],"product_cat":[319,339,538],"product_tag":[],"class_list":{"0":"post-79109","1":"product","2":"type-product","3":"status-publish","4":"has-post-thumbnail","6":"product_cat-escocia-es","7":"product_cat-raro-y-coleccionable","8":"product_cat-tomintoul-es","10":"first","11":"instock","12":"taxable","13":"shipping-taxable","14":"product-type-simple"},"acf":[],"aioseo_notices":[],"jetpack_sharing_enabled":true,"_links":{"self":[{"href":"https:\/\/whisky.ad\/es\/wp-json\/wp\/v2\/product\/79109","targetHints":{"allow":["GET"]}}],"collection":[{"href":"https:\/\/whisky.ad\/es\/wp-json\/wp\/v2\/product"}],"about":[{"href":"https:\/\/whisky.ad\/es\/wp-json\/wp\/v2\/types\/product"}],"replies":[{"embeddable":true,"href":"https:\/\/whisky.ad\/es\/wp-json\/wp\/v2\/comments?post=79109"}],"wp:featuredmedia":[{"embeddable":true,"href":"https:\/\/whisky.ad\/es\/wp-json\/wp\/v2\/media\/77147"}],"wp:attachment":[{"href":"https:\/\/whisky.ad\/es\/wp-json\/wp\/v2\/media?parent=79109"}],"wp:term":[{"taxonomy":"product_brand","embeddable":true,"href":"https:\/\/whisky.ad\/es\/wp-json\/wp\/v2\/product_brand?post=79109"},{"taxonomy":"product_cat","embeddable":true,"href":"https:\/\/whisky.ad\/es\/wp-json\/wp\/v2\/product_cat?post=79109"},{"taxonomy":"product_tag","embeddable":true,"href":"https:\/\/whisky.ad\/es\/wp-json\/wp\/v2\/product_tag?post=79109"}],"curies":[{"name":"wp","href":"https:\/\/api.w.org\/{rel}","templated":true}]}}