{"id":79100,"date":"2023-11-18T11:42:50","date_gmt":"2023-11-18T10:42:50","guid":{"rendered":"https:\/\/whisky.ad\/product\/strathcolm-12yo-single-grain-07l-40\/"},"modified":"2023-11-18T11:42:50","modified_gmt":"2023-11-18T10:42:50","slug":"strathcolm-12yo-single-grain-07l-40","status":"publish","type":"product","link":"https:\/\/whisky.ad\/es\/producto\/strathcolm-12yo-single-grain-07l-40\/","title":{"rendered":"Strathcolm 12yo Single Grain 0,7l 40%"},"content":{"rendered":"","protected":false},"excerpt":{"rendered":"<p>El Strathcolm Single Grain 12 A\u00f1os es un whisky escoc\u00e9s elaborado a partir de un grano \u00fanico y envejecido en barricas de roble americano, lo que confiere a su sabor un color \u00e1mbar intenso y un delicioso toque de vainilla. En el Concurso de Licores de San Francisco de 2017 obtuvo la medalla de plata.<\/p>\n","protected":false},"featured_media":77696,"comment_status":"open","ping_status":"closed","template":"","meta":{"_acf_changed":false},"product_brand":[],"product_cat":[319,485],"product_tag":[],"class_list":{"0":"post-79100","1":"product","2":"type-product","3":"status-publish","4":"has-post-thumbnail","6":"product_cat-escocia-es","7":"product_cat-strathcolm-es","9":"first","10":"outofstock","11":"taxable","12":"shipping-taxable","13":"purchasable","14":"product-type-simple"},"acf":[],"aioseo_notices":[],"jetpack_sharing_enabled":true,"_links":{"self":[{"href":"https:\/\/whisky.ad\/es\/wp-json\/wp\/v2\/product\/79100","targetHints":{"allow":["GET"]}}],"collection":[{"href":"https:\/\/whisky.ad\/es\/wp-json\/wp\/v2\/product"}],"about":[{"href":"https:\/\/whisky.ad\/es\/wp-json\/wp\/v2\/types\/product"}],"replies":[{"embeddable":true,"href":"https:\/\/whisky.ad\/es\/wp-json\/wp\/v2\/comments?post=79100"}],"wp:featuredmedia":[{"embeddable":true,"href":"https:\/\/whisky.ad\/es\/wp-json\/wp\/v2\/media\/77696"}],"wp:attachment":[{"href":"https:\/\/whisky.ad\/es\/wp-json\/wp\/v2\/media?parent=79100"}],"wp:term":[{"taxonomy":"product_brand","embeddable":true,"href":"https:\/\/whisky.ad\/es\/wp-json\/wp\/v2\/product_brand?post=79100"},{"taxonomy":"product_cat","embeddable":true,"href":"https:\/\/whisky.ad\/es\/wp-json\/wp\/v2\/product_cat?post=79100"},{"taxonomy":"product_tag","embeddable":true,"href":"https:\/\/whisky.ad\/es\/wp-json\/wp\/v2\/product_tag?post=79100"}],"curies":[{"name":"wp","href":"https:\/\/api.w.org\/{rel}","templated":true}]}}