{"id":79096,"date":"2023-08-28T10:22:50","date_gmt":"2023-08-28T09:22:50","guid":{"rendered":"https:\/\/whisky.ad\/product\/southern-comfort-original-35-0-7l\/"},"modified":"2023-08-28T10:22:50","modified_gmt":"2023-08-28T09:22:50","slug":"southern-comfort-original-35-0-7l","status":"publish","type":"product","link":"https:\/\/whisky.ad\/es\/producto\/southern-comfort-original-35-0-7l\/","title":{"rendered":"Southern Comfort Original 35% 0.7l"},"content":{"rendered":"","protected":false},"excerpt":{"rendered":"<p>**Southern Comfort Original: un cl\u00e1sico atemporal** Southern Comfort Original es un verdadero \u00edcono en el mundo de las bebidas espirituosas, reconocido por su rica historia y su perfil de sabor \u00fanico. Desde su creaci\u00f3n en 1874, ha seguido siendo un s\u00edmbolo de calidad e innovaci\u00f3n inquebrantables, resistiendo la prueba del tiempo como un esp\u00edritu querido y vers\u00e1til. Elaborado con la combinaci\u00f3n perfecta de whisky, frutas y especias, Southern Comfort Original ofrece un sabor distintivo que es suave, sabroso y atractivo. Su creaci\u00f3n fue impulsada por la visi\u00f3n de M.W. Heron, un hombre que se atrevi\u00f3 a desafiar las convenciones y busc\u00f3 redefinir lo que podr\u00eda ser el whisky. Esta receta original naci\u00f3 del deseo de crear un whisky que fuera diferente de la norma, uno que no fuera \u00e1spero ni abrumador, sino suave, tolerante y delicioso. La cuidadosa selecci\u00f3n y combinaci\u00f3n de frutas con hueso y especias de M.W. Heron dio como resultado un sabor verdaderamente innovador en ese momento, sentando las bases para el legado perdurable de Southern Comfort. La versatilidad de Southern Comfort Original es realmente notable. Es un testimonio de la adaptabilidad del licor, ya sea que se disfrute solo con hielo, mezclado en un c\u00f3ctel cl\u00e1sico o incorporado en bebidas modernas e innovadoras. Su capacidad para combinarse perfectamente con una variedad de mezcladores y sabores lo ha convertido en el favorito entre los bartenders y los entusiastas, agregando constantemente un toque de hospitalidad sure\u00f1a a cualquier reuni\u00f3n. El legado de Southern Comfort Original no solo est\u00e1 marcado por su sabor excepcional sino tambi\u00e9n por su profunda conexi\u00f3n con la historia y la cultura. Desde su papel como s\u00edmbolo en tiempos de guerra hasta su presencia en la escena musical y de entretenimiento, Southern Comfort se ha entretejido en el tejido de la vida estadounidense, representando una mezcla de tradici\u00f3n y modernidad. Ya sea que se beba lentamente, se disfrute en un c\u00f3ctel o se use como ingrediente en creaciones culinarias, Southern Comfort Original contin\u00faa cautivando y deleitando a generaciones de entusiastas de las bebidas espirituosas. Su atractivo atemporal es un recordatorio de que algunas cosas son simplemente demasiado buenas para pasar de moda, y sigue siendo un verdadero cl\u00e1sico en el mundo de las bebidas espirituosas.<\/p>\n","protected":false},"featured_media":77249,"comment_status":"open","ping_status":"closed","template":"","meta":{"_acf_changed":false},"product_brand":[],"product_cat":[375],"product_tag":[],"class_list":{"0":"post-79096","1":"product","2":"type-product","3":"status-publish","4":"has-post-thumbnail","6":"product_cat-kentucky-es","8":"first","9":"instock","10":"taxable","11":"shipping-taxable","12":"purchasable","13":"product-type-simple"},"acf":[],"aioseo_notices":[],"jetpack_sharing_enabled":true,"_links":{"self":[{"href":"https:\/\/whisky.ad\/es\/wp-json\/wp\/v2\/product\/79096","targetHints":{"allow":["GET"]}}],"collection":[{"href":"https:\/\/whisky.ad\/es\/wp-json\/wp\/v2\/product"}],"about":[{"href":"https:\/\/whisky.ad\/es\/wp-json\/wp\/v2\/types\/product"}],"replies":[{"embeddable":true,"href":"https:\/\/whisky.ad\/es\/wp-json\/wp\/v2\/comments?post=79096"}],"wp:featuredmedia":[{"embeddable":true,"href":"https:\/\/whisky.ad\/es\/wp-json\/wp\/v2\/media\/77249"}],"wp:attachment":[{"href":"https:\/\/whisky.ad\/es\/wp-json\/wp\/v2\/media?parent=79096"}],"wp:term":[{"taxonomy":"product_brand","embeddable":true,"href":"https:\/\/whisky.ad\/es\/wp-json\/wp\/v2\/product_brand?post=79096"},{"taxonomy":"product_cat","embeddable":true,"href":"https:\/\/whisky.ad\/es\/wp-json\/wp\/v2\/product_cat?post=79096"},{"taxonomy":"product_tag","embeddable":true,"href":"https:\/\/whisky.ad\/es\/wp-json\/wp\/v2\/product_tag?post=79096"}],"curies":[{"name":"wp","href":"https:\/\/api.w.org\/{rel}","templated":true}]}}