{"id":79093,"date":"2023-08-28T10:24:40","date_gmt":"2023-08-28T09:24:40","guid":{"rendered":"https:\/\/whisky.ad\/product\/southern-comfort-black-40-1l\/"},"modified":"2023-12-13T11:16:22","modified_gmt":"2023-12-13T10:16:22","slug":"southern-comfort-black-40-1l","status":"publish","type":"product","link":"https:\/\/whisky.ad\/es\/producto\/southern-comfort-black-40-1l\/","title":{"rendered":"Southern Comfort Black 40% 1l"},"content":{"rendered":"","protected":false},"excerpt":{"rendered":"<p>**Southern Comfort Black: Una evoluci\u00f3n audaz** Southern Comfort Black surge como una atrevida evoluci\u00f3n del cl\u00e1sico original, redefiniendo los l\u00edmites del sabor y la experiencia dentro de la familia Southern Comfort. Esta expresi\u00f3n contempor\u00e1nea rinde homenaje a la tradici\u00f3n al tiempo que adopta un perfil m\u00e1s audaz y rico que resuena con las preferencias modernas. Con su tono oscuro y profundo y su car\u00e1cter intensificado, Southern Comfort Black toma la esencia distintiva del original y la amplifica. Elaborada con la misma meticulosa atenci\u00f3n a la calidad que ha definido a Southern Comfort durante d\u00e9cadas, esta variante introduce una nueva dimensi\u00f3n de complejidad y profundidad. La mezcla de whisky, frutas y especias que define a Southern Comfort Black est\u00e1 cuidadosamente seleccionada para lograr un equilibrio armonioso entre tradici\u00f3n e innovaci\u00f3n. El resultado es una bebida espirituosa que posee la calidez familiar y el confort del original, al mismo tiempo que ofrece una interacci\u00f3n intrigante de sabores y aromas m\u00e1s profundos. Ideal para quienes buscan una experiencia de degustaci\u00f3n m\u00e1s intensa y s\u00f3lida, Southern Comfort Black captura la esencia de la confianza y la sofisticaci\u00f3n. Su versatilidad sigue siendo una piedra angular del legado de Southern Comfort, lo que garantiza que se pueda saborear solo, con hielo o como ingrediente clave en c\u00f3cteles contempor\u00e1neos que exigen un toque audaz. En un mundo donde los gustos est\u00e1n en constante evoluci\u00f3n, Southern Comfort Black es un testimonio del compromiso de la marca de aceptar el cambio sin dejar de ser fiel a su herencia. Es un tributo a los esp\u00edritus atrevidos que han allanado el camino antes y una invitaci\u00f3n a los aventureros modernos a explorar las profundidades del sabor que Southern Comfort puede ofrecer. Ya sea que se disfrute durante momentos de reflexi\u00f3n, celebraciones compartidas o experimentos innovadores de cocteler\u00eda, Southern Comfort Black invita a los entusiastas a experimentar una nueva interpretaci\u00f3n de un cl\u00e1sico perdurable. Es un gui\u00f1o al pasado y un brindis por el futuro, que resume el esp\u00edritu del continuo viaje de descubrimiento de Southern Comfort.<\/p>\n","protected":false},"featured_media":77252,"comment_status":"open","ping_status":"closed","template":"","meta":{"_acf_changed":false},"product_brand":[],"product_cat":[375],"product_tag":[],"class_list":{"0":"post-79093","1":"product","2":"type-product","3":"status-publish","4":"has-post-thumbnail","6":"product_cat-kentucky-es","8":"first","9":"instock","10":"taxable","11":"shipping-taxable","12":"purchasable","13":"product-type-simple"},"acf":[],"aioseo_notices":[],"jetpack_sharing_enabled":true,"_links":{"self":[{"href":"https:\/\/whisky.ad\/es\/wp-json\/wp\/v2\/product\/79093","targetHints":{"allow":["GET"]}}],"collection":[{"href":"https:\/\/whisky.ad\/es\/wp-json\/wp\/v2\/product"}],"about":[{"href":"https:\/\/whisky.ad\/es\/wp-json\/wp\/v2\/types\/product"}],"replies":[{"embeddable":true,"href":"https:\/\/whisky.ad\/es\/wp-json\/wp\/v2\/comments?post=79093"}],"wp:featuredmedia":[{"embeddable":true,"href":"https:\/\/whisky.ad\/es\/wp-json\/wp\/v2\/media\/77252"}],"wp:attachment":[{"href":"https:\/\/whisky.ad\/es\/wp-json\/wp\/v2\/media?parent=79093"}],"wp:term":[{"taxonomy":"product_brand","embeddable":true,"href":"https:\/\/whisky.ad\/es\/wp-json\/wp\/v2\/product_brand?post=79093"},{"taxonomy":"product_cat","embeddable":true,"href":"https:\/\/whisky.ad\/es\/wp-json\/wp\/v2\/product_cat?post=79093"},{"taxonomy":"product_tag","embeddable":true,"href":"https:\/\/whisky.ad\/es\/wp-json\/wp\/v2\/product_tag?post=79093"}],"curies":[{"name":"wp","href":"https:\/\/api.w.org\/{rel}","templated":true}]}}