{"id":79071,"date":"2023-07-25T12:47:28","date_gmt":"2023-07-25T11:47:28","guid":{"rendered":"https:\/\/whisky.ad\/product\/san-in-regular-whisky-40-0-7l\/"},"modified":"2023-07-25T12:47:28","modified_gmt":"2023-07-25T11:47:28","slug":"san-in-regular-whisky-40-0-7l","status":"publish","type":"product","link":"https:\/\/whisky.ad\/es\/producto\/san-in-regular-whisky-40-0-7l\/","title":{"rendered":"SAN-IN REGULAR WHISKY 40% 0.7L"},"content":{"rendered":"","protected":false},"excerpt":{"rendered":"<div class=\"flex flex-grow flex-col gap-3\">\n<div class=\"min-h-[20px] flex items-start overflow-x-auto whitespace-pre-wrap break-words flex-col gap-4\">\n<div class=\"markdown prose w-full break-words dark:prose-invert light\">\n<p>La destiler\u00eda Kurayoshi, ubicada en la ciudad que lleva su nombre dentro de la prefectura de Tottori, elabora bebidas espirituosas japonesas desde 1910. Esta microdestiler\u00eda ha dejado una huella en la industria al producir una variedad de bebidas exquisitas, como sake, shochu y brandy, combinando t\u00e9cnicas tradicionales con enfoques innovadores. Benefici\u00e1ndose de su proximidad al Monte Daisen, la destiler\u00eda tiene el privilegio de obtener agua dulce de las abundantes nevadas de esta majestuosa monta\u00f1a. Esta agua pura a\u00f1ade un elemento distintivo a sus creaciones, contribuyendo a la calidad excepcional de sus bebidas espirituosas. Los whiskies que emanan de la destiler\u00eda Kurayoshi han obtenido importantes elogios en concursos internacionales, han impresionado a paneles de jueces exigentes y han acumulado numerosos premios, especialmente en catas a ciegas conocidas por sus est\u00e1ndares meticulosos. Sin embargo, debido a su compromiso con la producci\u00f3n artesanal, la producci\u00f3n de la destiler\u00eda sigue siendo limitada, lo que da como resultado existencias preciosas y raras. <\/p>\n<div class=\"flex flex-grow flex-col gap-3\">\n<div class=\"min-h-[20px] flex items-start overflow-x-auto whitespace-pre-wrap break-words flex-col gap-4\">\n<div class=\"markdown prose w-full break-words dark:prose-invert light\">\n<p>El San-In, una distinguida gama de whiskies mezclados proveniente de la destiler\u00eda Kurayoshi, est\u00e1 meticulosamente elaborado con dos referencias distintas. A trav\u00e9s de un cuidadoso a\u00f1ejamiento en barrica, el whisky japon\u00e9s mezclado San-In ha adquirido deliciosas notas afrutadas y de vainilla, que culminan en un persistente sabor a pera en el final. Situada en la pintoresca ciudad de Kurayoshi dentro de la prefectura de Tottori, en el oeste de Jap\u00f3n, la destiler\u00eda est\u00e1 rodeada de un paisaje sereno y ofrece acceso a agua pura obtenida generosamente de las nevadas de la majestuosa cordillera Daisen. La alta temperatura anual de la regi\u00f3n juega un papel crucial en el proceso de a\u00f1ejamiento del whisky, realzando sus sabores y complejidad. Adem\u00e1s, el agua subterr\u00e1nea pura de la monta\u00f1a Daisen contribuye al car\u00e1cter suave y meloso del whisky, convirti\u00e9ndolo en una experiencia deliciosa y refrescante para los conocedores de bebidas espirituosas.<\/p>\n<div class=\"flex flex-grow flex-col gap-3\">\n<div class=\"min-h-[20px] flex items-start overflow-x-auto whitespace-pre-wrap break-words flex-col gap-4\">\n<div class=\"markdown prose w-full break-words dark:prose-invert light\">\n<p>Notas de sabor:<\/p>\n<ul>\n<li>Apariencia: Presenta un tono cautivador, que combina un marr\u00f3n intenso con reflejos dorados.<\/li>\n<li>Nariz: Una deliciosa mezcla de aromas de pera, vainilla y albaricoque llena los sentidos.<\/li>\n<li>Boca: En boca ofrece una armoniosa mezcla de mel\u00f3n, pera y un sutil toque de jengibre, complementado con un toque de vainilla y un toque de incienso.<\/li>\n<li>Final: El final es impecablemente equilibrado, dejando una sensaci\u00f3n c\u00e1lida y dulce que perdura con gracia.<\/li>\n<\/ul>\n<\/div>\n<\/div>\n<\/div>\n<\/div>\n<\/div>\n<\/div>\n<\/div>\n<\/div>\n<\/div>\n","protected":false},"featured_media":76907,"comment_status":"open","ping_status":"closed","template":"","meta":{"_acf_changed":false},"product_brand":[],"product_cat":[354,477,507],"product_tag":[],"class_list":{"0":"post-79071","1":"product","2":"type-product","3":"status-publish","4":"has-post-thumbnail","6":"product_cat-whisky-by-brand","7":"product_cat-san-in-es-2","8":"product_cat-japan-es","10":"first","11":"instock","12":"taxable","13":"shipping-taxable","14":"purchasable","15":"product-type-simple"},"acf":[],"aioseo_notices":[],"jetpack_sharing_enabled":true,"_links":{"self":[{"href":"https:\/\/whisky.ad\/es\/wp-json\/wp\/v2\/product\/79071","targetHints":{"allow":["GET"]}}],"collection":[{"href":"https:\/\/whisky.ad\/es\/wp-json\/wp\/v2\/product"}],"about":[{"href":"https:\/\/whisky.ad\/es\/wp-json\/wp\/v2\/types\/product"}],"replies":[{"embeddable":true,"href":"https:\/\/whisky.ad\/es\/wp-json\/wp\/v2\/comments?post=79071"}],"wp:featuredmedia":[{"embeddable":true,"href":"https:\/\/whisky.ad\/es\/wp-json\/wp\/v2\/media\/76907"}],"wp:attachment":[{"href":"https:\/\/whisky.ad\/es\/wp-json\/wp\/v2\/media?parent=79071"}],"wp:term":[{"taxonomy":"product_brand","embeddable":true,"href":"https:\/\/whisky.ad\/es\/wp-json\/wp\/v2\/product_brand?post=79071"},{"taxonomy":"product_cat","embeddable":true,"href":"https:\/\/whisky.ad\/es\/wp-json\/wp\/v2\/product_cat?post=79071"},{"taxonomy":"product_tag","embeddable":true,"href":"https:\/\/whisky.ad\/es\/wp-json\/wp\/v2\/product_tag?post=79071"}],"curies":[{"name":"wp","href":"https:\/\/api.w.org\/{rel}","templated":true}]}}