{"id":79064,"date":"2023-07-25T12:40:55","date_gmt":"2023-07-25T11:40:55","guid":{"rendered":"https:\/\/whisky.ad\/product\/san-in-bourbon-barrel-japanese-whisky-43-0-7l\/"},"modified":"2023-07-25T12:40:55","modified_gmt":"2023-07-25T11:40:55","slug":"san-in-bourbon-barrel-japanese-whisky-43-0-7l","status":"publish","type":"product","link":"https:\/\/whisky.ad\/es\/producto\/san-in-bourbon-barrel-japanese-whisky-43-0-7l\/","title":{"rendered":"SAN-IN BOURBON BARREL JAPANESE WHISKY 43% 0.7L"},"content":{"rendered":"","protected":false},"excerpt":{"rendered":"<div class=\"flex flex-grow flex-col gap-3\">\n<div class=\"min-h-[20px] flex items-start overflow-x-auto whitespace-pre-wrap break-words flex-col gap-4\">\n<div class=\"markdown prose w-full break-words dark:prose-invert light\">\n<p>La destiler\u00eda Kurayoshi, ubicada en la ciudad que lleva su nombre dentro de la prefectura de Tottori, elabora bebidas espirituosas japonesas desde 1910. Esta microdestiler\u00eda ha dejado una huella en la industria al producir una variedad de bebidas exquisitas, como sake, shochu y brandy, combinando t\u00e9cnicas tradicionales con enfoques innovadores. Benefici\u00e1ndose de su proximidad al Monte Daisen, la destiler\u00eda tiene el privilegio de obtener agua dulce de las abundantes nevadas de esta majestuosa monta\u00f1a. Esta agua pura a\u00f1ade un elemento distintivo a sus creaciones, contribuyendo a la calidad excepcional de sus bebidas espirituosas. Los whiskies que emanan de la destiler\u00eda Kurayoshi han obtenido importantes elogios en concursos internacionales, han impresionado a paneles de jueces exigentes y han acumulado numerosos premios, especialmente en catas a ciegas conocidas por sus est\u00e1ndares meticulosos. Sin embargo, debido a su compromiso con la producci\u00f3n artesanal, la producci\u00f3n de la destiler\u00eda sigue siendo limitada, lo que da como resultado existencias preciosas y raras. <\/p>\n<div class=\"flex flex-grow flex-col gap-3\">\n<div class=\"min-h-[20px] flex items-start overflow-x-auto whitespace-pre-wrap break-words flex-col gap-4\">\n<div class=\"markdown prose w-full break-words dark:prose-invert light\">\n<p>The San-In, Kurayoshi Distillery&#8217;s distinguished blended whiskey range, comprises two exceptional expressions. Aged in ex-bourbon casks, The San-Desprende un notable frescor y un delicioso car\u00e1cter frutal. Su perfil arom\u00e1tico es abundante y ofrece una gran cantidad de aromas seductores. La elevada temperatura anual de la regi\u00f3n juega un papel importante en el proceso de a\u00f1ejamiento del whisky, contribuyendo a su riqueza y complejidad. Adem\u00e1s, el acceso de la destiler\u00eda al agua subterr\u00e1nea pura de la pr\u00edstina monta\u00f1a Daisen imparte un sabor suave y meloso a este whisky ligero y vigorizante, convirti\u00e9ndolo en una experiencia verdaderamente deliciosa y refrescante para los paladares m\u00e1s exigentes.  <\/p>\n<div class=\"flex flex-grow flex-col gap-3\">\n<div class=\"min-h-[20px] flex items-start overflow-x-auto whitespace-pre-wrap break-words flex-col gap-4\">\n<div class=\"markdown prose w-full break-words dark:prose-invert light\">\n<p>Notas de sabor:<\/p>\n<ul>\n<li>Apariencia: Un tono c\u00e1lido y atractivo que recuerda a la canela saluda a la vista.<\/li>\n<li>Nariz: En nariz, los deliciosos aromas de vainilla y jarabe de arce crean un bouquet seductor.<\/li>\n<li>Boca: El paladar se deleita con una mezcla armoniosa de ralladura de naranja, hierba de lim\u00f3n y vainilla, que ofrece una experiencia suave y melosa con delicados matices de galleta.<\/li>\n<li>Final: El final se caracteriza por una suave esencia de vainilla y las agradables notas afrutadas de pera, dejando una impresi\u00f3n satisfactoria y persistente.<\/li>\n<\/ul>\n<\/div>\n<\/div>\n<\/div>\n<\/div>\n<\/div>\n<\/div>\n<\/div>\n<\/div>\n<\/div>\n","protected":false},"featured_media":76904,"comment_status":"open","ping_status":"closed","template":"","meta":{"_acf_changed":false},"product_brand":[],"product_cat":[354,477,507],"product_tag":[],"class_list":{"0":"post-79064","1":"product","2":"type-product","3":"status-publish","4":"has-post-thumbnail","6":"product_cat-whisky-by-brand","7":"product_cat-san-in-es-2","8":"product_cat-japan-es","10":"first","11":"instock","12":"taxable","13":"shipping-taxable","14":"purchasable","15":"product-type-simple"},"acf":[],"aioseo_notices":[],"jetpack_sharing_enabled":true,"_links":{"self":[{"href":"https:\/\/whisky.ad\/es\/wp-json\/wp\/v2\/product\/79064","targetHints":{"allow":["GET"]}}],"collection":[{"href":"https:\/\/whisky.ad\/es\/wp-json\/wp\/v2\/product"}],"about":[{"href":"https:\/\/whisky.ad\/es\/wp-json\/wp\/v2\/types\/product"}],"replies":[{"embeddable":true,"href":"https:\/\/whisky.ad\/es\/wp-json\/wp\/v2\/comments?post=79064"}],"wp:featuredmedia":[{"embeddable":true,"href":"https:\/\/whisky.ad\/es\/wp-json\/wp\/v2\/media\/76904"}],"wp:attachment":[{"href":"https:\/\/whisky.ad\/es\/wp-json\/wp\/v2\/media?parent=79064"}],"wp:term":[{"taxonomy":"product_brand","embeddable":true,"href":"https:\/\/whisky.ad\/es\/wp-json\/wp\/v2\/product_brand?post=79064"},{"taxonomy":"product_cat","embeddable":true,"href":"https:\/\/whisky.ad\/es\/wp-json\/wp\/v2\/product_cat?post=79064"},{"taxonomy":"product_tag","embeddable":true,"href":"https:\/\/whisky.ad\/es\/wp-json\/wp\/v2\/product_tag?post=79064"}],"curies":[{"name":"wp","href":"https:\/\/api.w.org\/{rel}","templated":true}]}}