{"id":79057,"date":"2018-11-13T17:52:29","date_gmt":"2018-11-13T16:52:29","guid":{"rendered":"https:\/\/whisky.ad\/product\/salmiakki-nordic-liquorice-liqueur-500ml-32-vol\/"},"modified":"2018-11-13T17:52:29","modified_gmt":"2018-11-13T16:52:29","slug":"salmiakki-nordic-liquorice-liqueur-500ml-32-vol","status":"publish","type":"product","link":"https:\/\/whisky.ad\/es\/producto\/salmiakki-nordic-liquorice-liqueur-500ml-32-vol\/","title":{"rendered":"Salmiakki Nordic Liquorice Liqueur (500ml 32% vol.)"},"content":{"rendered":"","protected":false},"excerpt":{"rendered":"<p>Este Exquisito licor de Regaliz N\u00f3rdico es la combinaci\u00f3n de sabores dulce y amargo-salado, en su sabor se puede detectar regaliz y an\u00eds. El licor se elabora utilizando agua procesada tecnol\u00f3gicamente, aguardiente de cereales de alta calidad, az\u00facar, caramelo de az\u00facar, salmiakki y aroma de regaliz. <\/p>\n","protected":false},"featured_media":75746,"comment_status":"open","ping_status":"closed","template":"","meta":{"_acf_changed":false},"product_brand":[],"product_cat":[345,425],"product_tag":[535],"class_list":{"0":"post-79057","1":"product","2":"type-product","3":"status-publish","4":"has-post-thumbnail","6":"product_cat-bebidas-acoholicas-es","7":"product_cat-licor-es","8":"product_tag-liquorice-es","10":"first","11":"instock","12":"taxable","13":"shipping-taxable","14":"purchasable","15":"product-type-simple"},"acf":[],"aioseo_notices":[],"jetpack_sharing_enabled":true,"_links":{"self":[{"href":"https:\/\/whisky.ad\/es\/wp-json\/wp\/v2\/product\/79057","targetHints":{"allow":["GET"]}}],"collection":[{"href":"https:\/\/whisky.ad\/es\/wp-json\/wp\/v2\/product"}],"about":[{"href":"https:\/\/whisky.ad\/es\/wp-json\/wp\/v2\/types\/product"}],"replies":[{"embeddable":true,"href":"https:\/\/whisky.ad\/es\/wp-json\/wp\/v2\/comments?post=79057"}],"wp:featuredmedia":[{"embeddable":true,"href":"https:\/\/whisky.ad\/es\/wp-json\/wp\/v2\/media\/75746"}],"wp:attachment":[{"href":"https:\/\/whisky.ad\/es\/wp-json\/wp\/v2\/media?parent=79057"}],"wp:term":[{"taxonomy":"product_brand","embeddable":true,"href":"https:\/\/whisky.ad\/es\/wp-json\/wp\/v2\/product_brand?post=79057"},{"taxonomy":"product_cat","embeddable":true,"href":"https:\/\/whisky.ad\/es\/wp-json\/wp\/v2\/product_cat?post=79057"},{"taxonomy":"product_tag","embeddable":true,"href":"https:\/\/whisky.ad\/es\/wp-json\/wp\/v2\/product_tag?post=79057"}],"curies":[{"name":"wp","href":"https:\/\/api.w.org\/{rel}","templated":true}]}}