{"id":79049,"date":"2020-01-12T11:03:29","date_gmt":"2020-01-12T10:03:29","guid":{"rendered":"https:\/\/whisky.ad\/product\/ruffino-riserva-ducale-chianti-classico-riserva-docg\/"},"modified":"2024-01-12T15:27:46","modified_gmt":"2024-01-12T14:27:46","slug":"ruffino-riserva-ducale-chianti-classico-riserva-docg","status":"publish","type":"product","link":"https:\/\/whisky.ad\/es\/producto\/ruffino-riserva-ducale-chianti-classico-riserva-docg\/","title":{"rendered":"Ruffino Riserva Ducale Chianti Classico Riserva DOCG"},"content":{"rendered":"<p class=\"rating-heading\">92Points: The Tasting Panel, September 2017<\/p>\n<h5>-Uvas: 80% Sangiovese, Cabernet Sauvignon y Merlot -Color: rojo rub\u00ed intenso. -Aroma: Este vino complejo se caracteriza por notas de cereza y violeta con delicadas notas de tabaco, pimienta blanca y un toque de pedernal. -Perfil de cata: Riserva Ducale Chianti Classico Riserva est\u00e1 bien equilibrado en el paladar, con taninos aterciopelados, acidez firme y un final persistente a romero. Su estructura le permitir\u00e1 envejecer entre dos y cinco a\u00f1os, si no m\u00e1s. -Maridaje de alimentos: disfrute de esta joya toscana atemporal con los favoritos italianos como prosciutto y otros antipasti, risotto de champi\u00f1ones, pasta bolo\u00f1esa y pollo cacciatore. O aderezalo con sencillas carnes a la parrilla y verduras asadas para disfrutar de un plato cl\u00e1sico toscano.<\/p>\n<\/h5>\n","protected":false},"excerpt":{"rendered":"<p class=\"rating-heading\">92Points: The Tasting Panel, September 2017<\/p>\n<h5>-Uvas: 80% Sangiovese, Cabernet Sauvignon y Merlot -Color: rojo rub\u00ed intenso. -Aroma: Este vino complejo se caracteriza por notas de cereza y violeta con delicadas notas de tabaco, pimienta blanca y un toque de pedernal. -Perfil de cata: Riserva Ducale Chianti Classico Riserva est\u00e1 bien equilibrado en el paladar, con taninos aterciopelados, acidez firme y un final persistente a romero. Su estructura le permitir\u00e1 envejecer entre dos y cinco a\u00f1os, si no m\u00e1s. -Maridaje de alimentos: disfrute de esta joya toscana atemporal con los favoritos italianos como prosciutto y otros antipasti, risotto de champi\u00f1ones, pasta bolo\u00f1esa y pollo cacciatore. O aderezalo con sencillas carnes a la parrilla y verduras asadas para disfrutar de un plato cl\u00e1sico toscano.<\/p>\n<\/h5>\n","protected":false},"featured_media":75806,"comment_status":"open","ping_status":"closed","template":"","meta":{"_acf_changed":false},"product_brand":[],"product_cat":[387,532],"product_tag":[],"class_list":{"0":"post-79049","1":"product","2":"type-product","3":"status-publish","4":"has-post-thumbnail","6":"product_cat-vino-es","7":"product_cat-tuscany-es","9":"first","10":"outofstock","11":"taxable","12":"shipping-taxable","13":"purchasable","14":"product-type-simple"},"acf":[],"aioseo_notices":[],"jetpack_sharing_enabled":true,"_links":{"self":[{"href":"https:\/\/whisky.ad\/es\/wp-json\/wp\/v2\/product\/79049","targetHints":{"allow":["GET"]}}],"collection":[{"href":"https:\/\/whisky.ad\/es\/wp-json\/wp\/v2\/product"}],"about":[{"href":"https:\/\/whisky.ad\/es\/wp-json\/wp\/v2\/types\/product"}],"replies":[{"embeddable":true,"href":"https:\/\/whisky.ad\/es\/wp-json\/wp\/v2\/comments?post=79049"}],"wp:featuredmedia":[{"embeddable":true,"href":"https:\/\/whisky.ad\/es\/wp-json\/wp\/v2\/media\/75806"}],"wp:attachment":[{"href":"https:\/\/whisky.ad\/es\/wp-json\/wp\/v2\/media?parent=79049"}],"wp:term":[{"taxonomy":"product_brand","embeddable":true,"href":"https:\/\/whisky.ad\/es\/wp-json\/wp\/v2\/product_brand?post=79049"},{"taxonomy":"product_cat","embeddable":true,"href":"https:\/\/whisky.ad\/es\/wp-json\/wp\/v2\/product_cat?post=79049"},{"taxonomy":"product_tag","embeddable":true,"href":"https:\/\/whisky.ad\/es\/wp-json\/wp\/v2\/product_tag?post=79049"}],"curies":[{"name":"wp","href":"https:\/\/api.w.org\/{rel}","templated":true}]}}