{"id":79040,"date":"2020-01-11T19:49:31","date_gmt":"2020-01-11T18:49:31","guid":{"rendered":"https:\/\/whisky.ad\/product\/ruffino-modus-toscana-igt-2016\/"},"modified":"2024-01-12T12:43:06","modified_gmt":"2024-01-12T11:43:06","slug":"ruffino-modus-toscana-igt-2016","status":"publish","type":"product","link":"https:\/\/whisky.ad\/es\/producto\/ruffino-modus-toscana-igt-2016\/","title":{"rendered":"Ruffino Modus Toscana IGT 2016"},"content":{"rendered":"<div class=\"image-caption\">\n<h5 class=\"rating-heading\">93 Points: James Suckling, August 2017<\/h5>\n<\/div>\n<h5>-Uva: 34% Sangiovese, 33% Cabernet S, 33% Merlot -Color: rojo rub\u00ed. -Aroma: en nariz intensa e intrigante, aromas iniciales de frutas rojas y negras maduras, como cerezas, ciruelas y peque\u00f1as bayas negras, t\u00edpicas de Sangiovese, se complementan con notas de especias, tabaco dulce y notas bals\u00e1micas refinadas. -Perfil degustador: con cuerpo moderno y de estilo s\u00faper toscano moderno, este vino es rico con taninos sedosos y sabores de fruta de mora madura y cacao. Sabores vibrantes de fruta fresca del Sangiovese, Cabernet Sauvignon y Merlot se tejen junto con su finura, aportando un car\u00e1cter distintivo propio. Maridajes alimenticios: el Modus es maravilloso por s\u00ed solo, o s\u00edrvelos con platos atrevidos como el pato con aceitunas y pancetta, manicotis rellenos de ternera con salsa bolo\u00f1esa y quesos envejecidos como taleggio, pecorino y gouda.    <\/h5>\n","protected":false},"excerpt":{"rendered":"<div class=\"image-caption\">\n<h5 class=\"rating-heading\">93 Points: James Suckling, August 2017<\/h5>\n<\/div>\n<h5>-Uva: 34% Sangiovese, 33% Cabernet S, 33% Merlot -Color: rojo rub\u00ed. -Aroma: en nariz intensa e intrigante, aromas iniciales de frutas rojas y negras maduras, como cerezas, ciruelas y peque\u00f1as bayas negras, t\u00edpicas de Sangiovese, se complementan con notas de especias, tabaco dulce y notas bals\u00e1micas refinadas. -Perfil degustador: con cuerpo moderno y de estilo s\u00faper toscano moderno, este vino es rico con taninos sedosos y sabores de fruta de mora madura y cacao. Sabores vibrantes de fruta fresca del Sangiovese, Cabernet Sauvignon y Merlot se tejen junto con su finura, aportando un car\u00e1cter distintivo propio. Maridajes alimenticios: el Modus es maravilloso por s\u00ed solo, o s\u00edrvelos con platos atrevidos como el pato con aceitunas y pancetta, manicotis rellenos de ternera con salsa bolo\u00f1esa y quesos envejecidos como taleggio, pecorino y gouda.    <\/h5>\n","protected":false},"featured_media":75794,"comment_status":"open","ping_status":"closed","template":"","meta":{"_acf_changed":false},"product_brand":[],"product_cat":[387,532],"product_tag":[],"class_list":{"0":"post-79040","1":"product","2":"type-product","3":"status-publish","4":"has-post-thumbnail","6":"product_cat-vino-es","7":"product_cat-tuscany-es","9":"first","10":"outofstock","11":"taxable","12":"shipping-taxable","13":"purchasable","14":"product-type-simple"},"acf":[],"aioseo_notices":[],"jetpack_sharing_enabled":true,"_links":{"self":[{"href":"https:\/\/whisky.ad\/es\/wp-json\/wp\/v2\/product\/79040","targetHints":{"allow":["GET"]}}],"collection":[{"href":"https:\/\/whisky.ad\/es\/wp-json\/wp\/v2\/product"}],"about":[{"href":"https:\/\/whisky.ad\/es\/wp-json\/wp\/v2\/types\/product"}],"replies":[{"embeddable":true,"href":"https:\/\/whisky.ad\/es\/wp-json\/wp\/v2\/comments?post=79040"}],"wp:featuredmedia":[{"embeddable":true,"href":"https:\/\/whisky.ad\/es\/wp-json\/wp\/v2\/media\/75794"}],"wp:attachment":[{"href":"https:\/\/whisky.ad\/es\/wp-json\/wp\/v2\/media?parent=79040"}],"wp:term":[{"taxonomy":"product_brand","embeddable":true,"href":"https:\/\/whisky.ad\/es\/wp-json\/wp\/v2\/product_brand?post=79040"},{"taxonomy":"product_cat","embeddable":true,"href":"https:\/\/whisky.ad\/es\/wp-json\/wp\/v2\/product_cat?post=79040"},{"taxonomy":"product_tag","embeddable":true,"href":"https:\/\/whisky.ad\/es\/wp-json\/wp\/v2\/product_tag?post=79040"}],"curies":[{"name":"wp","href":"https:\/\/api.w.org\/{rel}","templated":true}]}}