{"id":79026,"date":"2023-08-04T15:02:21","date_gmt":"2023-08-04T14:02:21","guid":{"rendered":"https:\/\/whisky.ad\/product\/ron-esclavo-gran-reserva-overproof-0-5l-57-5\/"},"modified":"2024-01-08T12:11:31","modified_gmt":"2024-01-08T11:11:31","slug":"ron-esclavo-gran-reserva-overproof-0-5l-57-5","status":"publish","type":"product","link":"https:\/\/whisky.ad\/es\/producto\/ron-esclavo-gran-reserva-overproof-0-5l-57-5\/","title":{"rendered":"Ron Esclavo Gran Reserva Overproof Dominican Rum 0.5l 57.5%"},"content":{"rendered":"","protected":false},"excerpt":{"rendered":"<p>Ron Esclavo es un homenaje a los esclavos que pagaron un alto precio en la historia de la ca\u00f1a de az\u00facar y el ron. La serie consta de cuatro delicados rones premium de la Rep\u00fablica Dominicana, todos ellos a\u00f1ejados en el tr\u00f3pico. Cada edici\u00f3n se elabora con pasi\u00f3n, utilizando ca\u00f1as de az\u00facar cortadas a mano y barricas de roble americano y franc\u00e9s.  <\/p>\n<p>Ron Esclavo Gran Reserva Overproof es un ron premium elaborado con zumo fresco de ca\u00f1a de az\u00facar que madura en el clima tropical de la Rep\u00fablica Dominicana Durante un periodo de tres a cinco a\u00f1os, este ron envejece en barricas de roble americano y franc\u00e9s<\/p>\n<p>&nbsp;<\/p>\n<h3><strong>Notas de cata<\/strong><\/h3>\n<p><strong>Nariz:<\/strong> Aromas intensos de vainilla y madera que se desarrollan en deliciosas notas de mango recubierto de chocolate y granos de caf\u00e9 tostado. <strong>Boca:<\/strong> Ligero y dulce con notas de chocolate con leche, nueces y sirope de arce, terminando con un fino amargor.<\/p>\n","protected":false},"featured_media":77066,"comment_status":"open","ping_status":"closed","template":"","meta":{"_acf_changed":false},"product_brand":[],"product_cat":[366,401],"product_tag":[],"class_list":{"0":"post-79026","1":"product","2":"type-product","3":"status-publish","4":"has-post-thumbnail","6":"product_cat-ron","7":"product_cat-republica-dominicana","9":"first","10":"instock","11":"taxable","12":"shipping-taxable","13":"purchasable","14":"product-type-simple"},"acf":[],"aioseo_notices":[],"jetpack_sharing_enabled":true,"_links":{"self":[{"href":"https:\/\/whisky.ad\/es\/wp-json\/wp\/v2\/product\/79026","targetHints":{"allow":["GET"]}}],"collection":[{"href":"https:\/\/whisky.ad\/es\/wp-json\/wp\/v2\/product"}],"about":[{"href":"https:\/\/whisky.ad\/es\/wp-json\/wp\/v2\/types\/product"}],"replies":[{"embeddable":true,"href":"https:\/\/whisky.ad\/es\/wp-json\/wp\/v2\/comments?post=79026"}],"wp:featuredmedia":[{"embeddable":true,"href":"https:\/\/whisky.ad\/es\/wp-json\/wp\/v2\/media\/77066"}],"wp:attachment":[{"href":"https:\/\/whisky.ad\/es\/wp-json\/wp\/v2\/media?parent=79026"}],"wp:term":[{"taxonomy":"product_brand","embeddable":true,"href":"https:\/\/whisky.ad\/es\/wp-json\/wp\/v2\/product_brand?post=79026"},{"taxonomy":"product_cat","embeddable":true,"href":"https:\/\/whisky.ad\/es\/wp-json\/wp\/v2\/product_cat?post=79026"},{"taxonomy":"product_tag","embeddable":true,"href":"https:\/\/whisky.ad\/es\/wp-json\/wp\/v2\/product_tag?post=79026"}],"curies":[{"name":"wp","href":"https:\/\/api.w.org\/{rel}","templated":true}]}}