{"id":79024,"date":"2023-08-03T11:06:57","date_gmt":"2023-08-03T10:06:57","guid":{"rendered":"https:\/\/whisky.ad\/product\/ron-esclavo-gran-reserva-0-7l-40\/"},"modified":"2024-01-08T12:13:45","modified_gmt":"2024-01-08T11:13:45","slug":"ron-esclavo-gran-reserva-0-7l-40","status":"publish","type":"product","link":"https:\/\/whisky.ad\/es\/producto\/ron-esclavo-gran-reserva-0-7l-40\/","title":{"rendered":"Ron Esclavo Gran Reserva Dominican Rum 0.7l 40%"},"content":{"rendered":"","protected":false},"excerpt":{"rendered":"<p>Gran Reserva &#8211; Ron Esclavo, una exquisita gama de rones premium procedentes de la Rep\u00fablica Dominicana, elaborados meticulosamente a partir de cosechas locales por artesanos expertos. Todo el proceso de producci\u00f3n, desde la fermentaci\u00f3n hasta la destilaci\u00f3n, tiene lugar en la propia isla. Alcoholes Finos Dominicanos, el mayor productor de alcohol de la Rep\u00fablica Dominicana, supervisa con orgullo la creaci\u00f3n de estos rones excepcionales, garantizando que s\u00f3lo las mejores ca\u00f1as de az\u00facar de la regi\u00f3n lleguen a la mezcla. Su compromiso con la comunidad ofrece oportunidades de empleo a cientos de lugare\u00f1os, lo que refuerza su importante papel en la regi\u00f3n. El nombre &#8220;Esclavo&#8221; rinde homenaje al contexto hist\u00f3rico de la producci\u00f3n de ron, en honor de quienes soportaron inmensas penurias que, en \u00faltima instancia, nos permitieron saborear hoy la magnificencia de esta extraordinaria bebida espirituosa. Al reconocer este oscuro pasado, profundizamos nuestro aprecio por el progreso y los avances de la industria del ron. En nariz, Gran Reserva deleita con exuberantes notas de albaricoque complementadas por una sutil acidez que se transforma con gracia en tentadores aromas de az\u00facar moreno, chocolate con leche y sirope de arce. En boca ofrece un delicioso dulzor con suaves toques de vainilla fresca. Su cuerpo ligero revela delicados matices de caf\u00e9 y chocolate negro, a\u00f1adiendo capas de profundidad y complejidad a este extraordinario ron. <\/p>\n","protected":false},"featured_media":76985,"comment_status":"open","ping_status":"closed","template":"","meta":{"_acf_changed":false},"product_brand":[],"product_cat":[366,401],"product_tag":[],"class_list":{"0":"post-79024","1":"product","2":"type-product","3":"status-publish","4":"has-post-thumbnail","6":"product_cat-ron","7":"product_cat-republica-dominicana","9":"first","10":"instock","11":"taxable","12":"shipping-taxable","13":"purchasable","14":"product-type-simple"},"acf":[],"aioseo_notices":[],"jetpack_sharing_enabled":true,"_links":{"self":[{"href":"https:\/\/whisky.ad\/es\/wp-json\/wp\/v2\/product\/79024","targetHints":{"allow":["GET"]}}],"collection":[{"href":"https:\/\/whisky.ad\/es\/wp-json\/wp\/v2\/product"}],"about":[{"href":"https:\/\/whisky.ad\/es\/wp-json\/wp\/v2\/types\/product"}],"replies":[{"embeddable":true,"href":"https:\/\/whisky.ad\/es\/wp-json\/wp\/v2\/comments?post=79024"}],"wp:featuredmedia":[{"embeddable":true,"href":"https:\/\/whisky.ad\/es\/wp-json\/wp\/v2\/media\/76985"}],"wp:attachment":[{"href":"https:\/\/whisky.ad\/es\/wp-json\/wp\/v2\/media?parent=79024"}],"wp:term":[{"taxonomy":"product_brand","embeddable":true,"href":"https:\/\/whisky.ad\/es\/wp-json\/wp\/v2\/product_brand?post=79024"},{"taxonomy":"product_cat","embeddable":true,"href":"https:\/\/whisky.ad\/es\/wp-json\/wp\/v2\/product_cat?post=79024"},{"taxonomy":"product_tag","embeddable":true,"href":"https:\/\/whisky.ad\/es\/wp-json\/wp\/v2\/product_tag?post=79024"}],"curies":[{"name":"wp","href":"https:\/\/api.w.org\/{rel}","templated":true}]}}