{"id":79021,"date":"2023-08-05T11:47:03","date_gmt":"2023-08-05T10:47:03","guid":{"rendered":"https:\/\/whisky.ad\/product\/ron-cristobal-santa-maria-oloroso-14-yo-0-7l-46\/"},"modified":"2024-01-06T18:10:08","modified_gmt":"2024-01-06T17:10:08","slug":"ron-cristobal-santa-maria-oloroso-14-yo-0-7l-46","status":"publish","type":"product","link":"https:\/\/whisky.ad\/es\/producto\/ron-cristobal-santa-maria-oloroso-14-yo-0-7l-46\/","title":{"rendered":"Ron Crist\u00f3bal Santa Maria Oloroso 14 Yo Dominican Rum 0.7l 46%"},"content":{"rendered":"","protected":false},"excerpt":{"rendered":"<div class=\"flex flex-grow flex-col gap-3\">\n<div class=\"min-h-[20px] flex flex-col items-start gap-3 overflow-x-auto whitespace-pre-wrap break-words\">\n<div class=\"markdown prose w-full break-words dark:prose-invert light\">\n<p>Ron Crist\u00f3bal Santa Mar\u00eda Oloroso es un distinguido ron a\u00f1ejo de 14 a\u00f1os procedente de la Rep\u00fablica Dominicana, tierra famosa por su rico patrimonio ronero y su exquisita artesan\u00eda. Esta edici\u00f3n limitada es una aut\u00e9ntica joya, madurada a la perfecci\u00f3n en barricas de Oloroso, lo que confiere al espirituoso un car\u00e1cter \u00fanico y cautivador. Ofreciendo un viaje de complejidad y profundidad, este ron seduce los sentidos con su tentador aroma y su refinado perfil de sabor. En nariz, Ron Crist\u00f3bal Santa Mar\u00eda Oloroso le da la bienvenida con una deliciosa mezcla de notas afrutadas, amaderadas, de chocolate, vainilla y especias. El aroma cautiva con su presencia c\u00e1lida y acogedora, atray\u00e9ndole hacia una experiencia realmente envolvente. Al tomar el primer sorbo, el perfil de sabor del ron se despliega, revelando una sinfon\u00eda de elementos amaderados, afrutados, amargos y de frutos secos, entrelazados con un sutil toque picante. Esta armoniosa combinaci\u00f3n de sabores crea un car\u00e1cter amaderado equilibrado y pronunciado, testimonio del arte de la maduraci\u00f3n en barrica. El viaje gustativo comienza con notas aterciopeladas de chocolate negro, que acarician las papilas gustativas con su indulgente riqueza. Poco despu\u00e9s, las almendras tostadas y los frutos secos hacen su aparici\u00f3n, a\u00f1adiendo capas de complejidad y matices. La influencia de la barrica de oloroso se hace notar, infundiendo al ron deliciosas especias c\u00e1lidas y un toque de frutos secos, que enriquecen a\u00fan m\u00e1s la experiencia de degustaci\u00f3n. La interacci\u00f3n de sabores est\u00e1 magistralmente equilibrada, dejando un sutil dulzor que complementa a la perfecci\u00f3n el car\u00e1cter amaderado. El final es excepcional, con una presencia c\u00e1lida y acogedora que invita a la contemplaci\u00f3n y la exploraci\u00f3n. Ron Crist\u00f3bal Santa Mar\u00eda Oloroso es un lanzamiento de edici\u00f3n limitada, un raro tesoro elaborado con meticulosa atenci\u00f3n al detalle y pasi\u00f3n por el arte de hacer ron. Es un tributo al estimado legado ronero de la Rep\u00fablica Dominicana, un testimonio de la capacidad del pa\u00eds para producir licores excepcionales que cautivan los sentidos y dejan una impresi\u00f3n duradera en los entusiastas y conocedores del ron por igual.  <\/p>\n<\/div>\n<\/div>\n<\/div>\n","protected":false},"featured_media":77051,"comment_status":"open","ping_status":"closed","template":"","meta":{"_acf_changed":false},"product_brand":[],"product_cat":[366,401],"product_tag":[],"class_list":{"0":"post-79021","1":"product","2":"type-product","3":"status-publish","4":"has-post-thumbnail","6":"product_cat-ron","7":"product_cat-republica-dominicana","9":"first","10":"instock","11":"taxable","12":"shipping-taxable","13":"purchasable","14":"product-type-simple"},"acf":[],"aioseo_notices":[],"jetpack_sharing_enabled":true,"_links":{"self":[{"href":"https:\/\/whisky.ad\/es\/wp-json\/wp\/v2\/product\/79021","targetHints":{"allow":["GET"]}}],"collection":[{"href":"https:\/\/whisky.ad\/es\/wp-json\/wp\/v2\/product"}],"about":[{"href":"https:\/\/whisky.ad\/es\/wp-json\/wp\/v2\/types\/product"}],"replies":[{"embeddable":true,"href":"https:\/\/whisky.ad\/es\/wp-json\/wp\/v2\/comments?post=79021"}],"wp:featuredmedia":[{"embeddable":true,"href":"https:\/\/whisky.ad\/es\/wp-json\/wp\/v2\/media\/77051"}],"wp:attachment":[{"href":"https:\/\/whisky.ad\/es\/wp-json\/wp\/v2\/media?parent=79021"}],"wp:term":[{"taxonomy":"product_brand","embeddable":true,"href":"https:\/\/whisky.ad\/es\/wp-json\/wp\/v2\/product_brand?post=79021"},{"taxonomy":"product_cat","embeddable":true,"href":"https:\/\/whisky.ad\/es\/wp-json\/wp\/v2\/product_cat?post=79021"},{"taxonomy":"product_tag","embeddable":true,"href":"https:\/\/whisky.ad\/es\/wp-json\/wp\/v2\/product_tag?post=79021"}],"curies":[{"name":"wp","href":"https:\/\/api.w.org\/{rel}","templated":true}]}}