{"id":79018,"date":"2023-08-05T11:45:17","date_gmt":"2023-08-05T10:45:17","guid":{"rendered":"https:\/\/whisky.ad\/product\/ron-cristobal-pinta-6-8-yo-0-7l-40\/"},"modified":"2024-01-06T18:12:36","modified_gmt":"2024-01-06T17:12:36","slug":"ron-cristobal-pinta-6-8-yo-0-7l-40","status":"publish","type":"product","link":"https:\/\/whisky.ad\/es\/producto\/ron-cristobal-pinta-6-8-yo-0-7l-40\/","title":{"rendered":"Ron Cristobal Pinta 6-8 Yo Dominican Rum 0.7l 40%"},"content":{"rendered":"","protected":false},"excerpt":{"rendered":"<div class=\"flex flex-grow flex-col gap-3\">\n<div class=\"min-h-[20px] flex flex-col items-start gap-3 overflow-x-auto whitespace-pre-wrap break-words\">\n<div class=\"markdown prose w-full break-words dark:prose-invert light\">\n<p>Crist\u00f3bal Pinta es una lujosa mezcla de ron originaria de la Rep\u00fablica Dominicana, donde se somete a un envejecimiento tropical en barricas de ex-Bourbon. Rindiendo homenaje a la historia, Pinta debe su nombre al barco m\u00e1s r\u00e1pido que Crist\u00f3bal Col\u00f3n utiliz\u00f3 para cruzar el Oc\u00e9ano Atl\u00e1ntico en 1492. Cuenta la leyenda que el navegante Rodrigo de Triana avist\u00f3 el Nuevo Mundo desde la cubierta de la Pinta el 12 de octubre de 1492. Este ron premium tiene un volumen de alcohol del 40% y se presenta en una botella de 0,7 cl con un rango de envejecimiento de 6-8 a\u00f1os. En nariz, Crist\u00f3bal Pinta emana una deliciosa combinaci\u00f3n de c\u00e1lidos aromas de vainilla y una sutil esencia amaderada, seguidos de toques de refrescante menta. En boca se despliega con un suave dulzor que llena la boca, pasando gradualmente a una armoniosa mezcla de sabores a menta fresca y mazap\u00e1n. Este ron ofrece una experiencia refrescante y jugosa, lo que lo convierte en un espirituoso f\u00e1cilmente accesible y agradable. Su naturaleza equilibrada muestra un sutil car\u00e1cter a madera que realza la experiencia general de degustaci\u00f3n, creando un capricho verdaderamente satisfactorio y placentero.   <\/p>\n<\/div>\n<\/div>\n<\/div>\n","protected":false},"featured_media":77045,"comment_status":"open","ping_status":"closed","template":"","meta":{"_acf_changed":false},"product_brand":[],"product_cat":[366,401],"product_tag":[],"class_list":{"0":"post-79018","1":"product","2":"type-product","3":"status-publish","4":"has-post-thumbnail","6":"product_cat-ron","7":"product_cat-republica-dominicana","9":"first","10":"instock","11":"taxable","12":"shipping-taxable","13":"purchasable","14":"product-type-simple"},"acf":[],"aioseo_notices":[],"jetpack_sharing_enabled":true,"_links":{"self":[{"href":"https:\/\/whisky.ad\/es\/wp-json\/wp\/v2\/product\/79018","targetHints":{"allow":["GET"]}}],"collection":[{"href":"https:\/\/whisky.ad\/es\/wp-json\/wp\/v2\/product"}],"about":[{"href":"https:\/\/whisky.ad\/es\/wp-json\/wp\/v2\/types\/product"}],"replies":[{"embeddable":true,"href":"https:\/\/whisky.ad\/es\/wp-json\/wp\/v2\/comments?post=79018"}],"wp:featuredmedia":[{"embeddable":true,"href":"https:\/\/whisky.ad\/es\/wp-json\/wp\/v2\/media\/77045"}],"wp:attachment":[{"href":"https:\/\/whisky.ad\/es\/wp-json\/wp\/v2\/media?parent=79018"}],"wp:term":[{"taxonomy":"product_brand","embeddable":true,"href":"https:\/\/whisky.ad\/es\/wp-json\/wp\/v2\/product_brand?post=79018"},{"taxonomy":"product_cat","embeddable":true,"href":"https:\/\/whisky.ad\/es\/wp-json\/wp\/v2\/product_cat?post=79018"},{"taxonomy":"product_tag","embeddable":true,"href":"https:\/\/whisky.ad\/es\/wp-json\/wp\/v2\/product_tag?post=79018"}],"curies":[{"name":"wp","href":"https:\/\/api.w.org\/{rel}","templated":true}]}}